{"id":5063,"date":"2021-02-23T20:00:00","date_gmt":"2021-02-23T20:00:00","guid":{"rendered":"https:\/\/www.web-rr.de\/GHS-Buecherei\/?page_id=5063"},"modified":"2021-02-22T23:59:59","modified_gmt":"2021-02-22T23:59:59","slug":"p9783831035731","status":"publish","type":"page","link":"https:\/\/www.web-rr.de\/GHS-Buecherei\/index.php\/p9783831035731\/","title":{"rendered":"Natur &#8211; Lexika 27"},"content":{"rendered":"<table><tbody><tr><td class='rDTitel' colspan='2'>Was wei\u00dft du \u00fcber Tiere? - Wissen f\u00fcr Vorschulkids. Erstes gro\u00dfes Tier-Sachbuch mit ca. 5000 Fotos und Leseb\u00e4ndchen<\/td><\/tr><tr><td><span class='rDLabel1'>Status: <\/span><span class='rDText1Gruen'>vorhanden<\/span><\/td><td><span class='rDLabel1'>Antolin: <\/span><span class='rDText1Gruen'>ja, Empfehlung Klasse 3<\/span><\/td><\/tr><tr><td width=50%><img src='https:\/\/www.web-rr.de\/GHS-Buecherei\/wp-content\/uploads\/9783831035731.jpg' alt=''><\/td><td><p class='rDLabel2'>von <span class='rDText2'><\/span><\/p><p class='rDLabel2'>Verlag: <span class='rDText2'>Dorling Kindersley,  16.95 \u20ac<\/span><\/p><p class='rDLabel2'>B\u00fccherei-Barcode: <span class='rDText2'>9783831035731<\/span><\/p><p class='rDLabel2'>In der B\u00fccherei erfasst am: <span class='rDText2'>25.08.2020<\/span><\/p><p class='rDLabel2'>Stichw\u00f6rter: <span class='rDText2'>Tiere<\/span><\/p><p class='rDLabel2'>Lesealter ca. <span class='rDText2'>7<\/span><span class='rDLabel2'> Jahre<\/span><\/p><p class='rDLabel2'>Das Buch wurde <span class='rDText2'>0<\/span><span class='rDLabel2'> mal gelesen.<\/span><\/p><\/td><\/tr><tr><td colspan='2'><p class='rDLabel1'>Inhalt:<\/p><span class='rDText2'>Tierisch stark! Hier kommt das erste gro\u00dfe Tierbuch f\u00fcr Kinder ab einem Alter von vier Jahren. In diesem tollen Tierlexikon stellt DK Vorschulkindern die Tierwelt thematisch aufbereitet vor - vom Lebensraum \u00fcber das Aussehen bis zum Verhalten und den Besonderheiten. Das lockere Layout, der ruhige Hintergrund, die altersgerechten Texte und kurzen Geschichten gestalten das Topthema klar und leicht verst\u00e4ndlich. Mit 5.000 Fotos, Illustrationen, Sprechblasen und Leseb\u00e4ndchen! Durch diese abwechslungsreiche Gestaltung wird Sachwissen ganz spielerisch vermittelt - perfekt dosiert f\u00fcr die junge Altersgruppe. Im Wasser sind imposante Orcas, in der Luft flatternde Flederm\u00e4use und an Land kletterlustige Orang-Utans zu Hause. Das Tierlexikon f\u00fcr Vorschulkinder stellt die animalischen Bewohner dieser Welt immer wieder aus anderen Blickwinkeln dar. So lernen die Kinder die verschiedenen Arten kennen, erf\u00e4hrt, wo Tiere leben und was sie fressen. Auf ausgew\u00e4hlten \u00dcbersichtsseiten gibt es am Ende des Buches sogar noch mehr zu entdecken, zum Beispiel die besten Haustiere, die witzigsten Tierger\u00e4usche oder ein Glossar mit der Erkl\u00e4rung tierischer Fachw\u00f6rter.<br> <br> Sie sind auf der Suche nach Ankn\u00fcpfungspunkten, um die Seiten mit Ihrem Kind gemeinsam zu betrachten und dar\u00fcber zu sprechen? Die kurzen illustrierten Geschichten des Tierlexikons regen die Fantasie an und bieten hierzu eine wunderbare M\u00f6glichkeit. Sie handeln von dem L\u00f6wen und der Maus, von heldenhaften Huskys, einer Pinguinaufzucht oder von Darwins Entdeckungsreise. Das Sachbuch ist aufgrund all dieser vielseitigen Elemente ein einzigartiges Nachschlagewerk f\u00fcr die Kleinsten unter den Entdeckern! Dieses Buch ist bei Antolin.de verf\u00fcgbar.<\/span><\/td><\/tr><tr><td colspan='2'><a href='#' onclick='history.back(); return false'>Zur\u00fcck<\/a><\/td><\/tr><\/tbody><\/table>\n","protected":false},"excerpt":{"rendered":"","protected":false},"author":1,"featured_media":0,"parent":0,"menu_order":0,"comment_status":"closed","ping_status":"closed","template":"","meta":[],"_links":{"self":[{"href":"https:\/\/www.web-rr.de\/GHS-Buecherei\/index.php\/wp-json\/wp\/v2\/pages\/5063"}],"collection":[{"href":"https:\/\/www.web-rr.de\/GHS-Buecherei\/index.php\/wp-json\/wp\/v2\/pages"}],"about":[{"href":"https:\/\/www.web-rr.de\/GHS-Buecherei\/index.php\/wp-json\/wp\/v2\/types\/page"}],"author":[{"embeddable":true,"href":"https:\/\/www.web-rr.de\/GHS-Buecherei\/index.php\/wp-json\/wp\/v2\/users\/1"}],"replies":[{"embeddable":true,"href":"https:\/\/www.web-rr.de\/GHS-Buecherei\/index.php\/wp-json\/wp\/v2\/comments?post=5063"}],"version-history":[{"count":0,"href":"https:\/\/www.web-rr.de\/GHS-Buecherei\/index.php\/wp-json\/wp\/v2\/pages\/5063\/revisions"}],"wp:attachment":[{"href":"https:\/\/www.web-rr.de\/GHS-Buecherei\/index.php\/wp-json\/wp\/v2\/media?parent=5063"}],"curies":[{"name":"wp","href":"https:\/\/api.w.org\/{rel}","templated":true}]}}