{"id":5061,"date":"2021-02-23T20:00:00","date_gmt":"2021-02-23T20:00:00","guid":{"rendered":"https:\/\/www.web-rr.de\/GHS-Buecherei\/?page_id=5061"},"modified":"2021-02-22T23:59:59","modified_gmt":"2021-02-22T23:59:59","slug":"p9783946593270","status":"publish","type":"page","link":"https:\/\/www.web-rr.de\/GHS-Buecherei\/index.php\/p9783946593270\/","title":{"rendered":"Natur &#8211; Lexika 25"},"content":{"rendered":"<table><tbody><tr><td class='rDTitel' colspan='2'>Die unsichtbare Welt mikroskopisch kleiner Tiere<\/td><\/tr><tr><td><span class='rDLabel1'>Status: <\/span><span class='rDText1Gruen'>vorhanden<\/span><\/td><td><span class='rDLabel1'>Antolin: <\/span><span class='rDText1Gruen'>ja, Empfehlung Klasse 5<\/span><\/td><\/tr><tr><td width=50%><img src='https:\/\/www.web-rr.de\/GHS-Buecherei\/wp-content\/uploads\/9783946593270.jpg' alt=''><\/td><td><p class='rDLabel2'>von <span class='rDText2'>Damien Laverdunt<\/span><\/p><p class='rDLabel2'>Verlag: <span class='rDText2'>Verlagshaus Jacoby & Stuart GmbH,  2017,  22.00 \u20ac<\/span><\/p><p class='rDLabel2'>B\u00fccherei-Barcode: <span class='rDText2'>9783946593270<\/span><\/p><p class='rDLabel2'>In der B\u00fccherei erfasst am: <span class='rDText2'>21.10.2019<\/span><\/p><p class='rDLabel2'>Stichw\u00f6rter: <span class='rDText2'>Einzeller, Protozoen,Pantoffeltierchen, Biologie<\/span><\/p><p class='rDLabel2'>Lesealter ca. <span class='rDText2'>9<\/span><span class='rDLabel2'> Jahre<\/span><\/p><p class='rDLabel2'>Das Buch wurde <span class='rDText2'>1<\/span><span class='rDLabel2'> mal gelesen.<\/span><\/p><\/td><\/tr><tr><td colspan='2'><p class='rDLabel1'>Inhalt:<\/p><span class='rDText2'>Hier wird Biologie richtig spannend!\r\nWir k\u00f6nnen sie mit blo\u00dfem Auge nicht sehen. Aber mikroskopisch kleine Tiere bev\u00f6lkern unsere gesamte Umwelt vom Meeresgrund bis zu unserer Bettw\u00e4sche. Nur mit einem starken Mikroskop k\u00f6nnen wir sie beobachten. Mit diesem Buch tauchen wir ein in die geheimnisvolle und noch wenig bekannte Welt der Einzeller, Protozoen und Pantoffeltierchen: Jede der Doppelseiten mit Ausklappseiten stellt in bis zu 150facher Vergr\u00f6\u00dferung die vor Leben wimmelnden Mikro-\u00d6kosysteme dar, von denen wir gar nichts ahnen. Die meisten der winzigen Lebewesen werden dort beschrieben, und ein kleiner lexikalischer Anhang enth\u00e4lt wissenschaftliche Zusatzinformationen.<\/span><\/td><\/tr><tr><td colspan='2'><a href='#' onclick='history.back(); return false'>Zur\u00fcck<\/a><\/td><\/tr><\/tbody><\/table>\n","protected":false},"excerpt":{"rendered":"","protected":false},"author":1,"featured_media":0,"parent":0,"menu_order":0,"comment_status":"closed","ping_status":"closed","template":"","meta":[],"_links":{"self":[{"href":"https:\/\/www.web-rr.de\/GHS-Buecherei\/index.php\/wp-json\/wp\/v2\/pages\/5061"}],"collection":[{"href":"https:\/\/www.web-rr.de\/GHS-Buecherei\/index.php\/wp-json\/wp\/v2\/pages"}],"about":[{"href":"https:\/\/www.web-rr.de\/GHS-Buecherei\/index.php\/wp-json\/wp\/v2\/types\/page"}],"author":[{"embeddable":true,"href":"https:\/\/www.web-rr.de\/GHS-Buecherei\/index.php\/wp-json\/wp\/v2\/users\/1"}],"replies":[{"embeddable":true,"href":"https:\/\/www.web-rr.de\/GHS-Buecherei\/index.php\/wp-json\/wp\/v2\/comments?post=5061"}],"version-history":[{"count":0,"href":"https:\/\/www.web-rr.de\/GHS-Buecherei\/index.php\/wp-json\/wp\/v2\/pages\/5061\/revisions"}],"wp:attachment":[{"href":"https:\/\/www.web-rr.de\/GHS-Buecherei\/index.php\/wp-json\/wp\/v2\/media?parent=5061"}],"curies":[{"name":"wp","href":"https:\/\/api.w.org\/{rel}","templated":true}]}}