{"id":5055,"date":"2021-02-23T20:00:00","date_gmt":"2021-02-23T20:00:00","guid":{"rendered":"https:\/\/www.web-rr.de\/GHS-Buecherei\/?page_id=5055"},"modified":"2021-02-22T23:59:59","modified_gmt":"2021-02-22T23:59:59","slug":"p9783455002447","status":"publish","type":"page","link":"https:\/\/www.web-rr.de\/GHS-Buecherei\/index.php\/p9783455002447\/","title":{"rendered":"Natur &#8211; Lexika 19"},"content":{"rendered":"<table><tbody><tr><td class='rDTitel' colspan='2'>Guinness World Records Super Tiere Vol. 1<\/td><\/tr><tr><td><span class='rDLabel1'>Status: <\/span><span class='rDText1Rot'>ausgeliehen<\/span><\/td><td><span class='rDLabel1'>Antolin: <\/span><span class='rDText1Gruen'>ja, Empfehlung Klasse 4<\/span><\/td><\/tr><tr><td width=50%><img src='https:\/\/www.web-rr.de\/GHS-Buecherei\/wp-content\/uploads\/9783455002447.jpg' alt=''><\/td><td><p class='rDLabel2'>von <span class='rDText2'>Guinness World Records Ltd<\/span><\/p><p class='rDLabel2'>Verlag: <span class='rDText2'>HOFFMANN UND CAMPE VERLAG GmbH,  2017,  16.99 \u20ac<\/span><\/p><p class='rDLabel2'>B\u00fccherei-Barcode: <span class='rDText2'>9783455002447<\/span><\/p><p class='rDLabel2'>In der B\u00fccherei erfasst am: <span class='rDText2'>30.10.2018<\/span><\/p><p class='rDLabel2'>Stichw\u00f6rter: <span class='rDText2'>Tierrekorde, Tierfreundschaften<\/span><\/p><p class='rDLabel2'>Lesealter ca. <span class='rDText2'>8<\/span><span class='rDLabel2'> Jahre<\/span><\/p><p class='rDLabel2'>Das Buch wurde <span class='rDText2'>4<\/span><span class='rDLabel2'> mal gelesen.<\/span><\/p><\/td><\/tr><tr><td colspan='2'><p class='rDLabel1'>Inhalt:<\/p><span class='rDText2'>Mit faszinierenden Bildern und spektakul\u00e4ren Tierrekorden bietet Super Tiere bestes Infotainment f\u00fcr alle Tierliebhaber. Es ist dabei keinesfalls ein herk\u00f6mmliches Tierlexikon \u2026 Hier kann man Supertiere bestaunen, die Extremsportarten beherrschen, oder \u00fcber lustigste Tierfreundschaften lachen. Die gr\u00f6\u00dften Tierbabys werden den Lesern ein verz\u00fccktes \u201eAahh!\u201c entlocken, andere Ber\u00fchmtheiten wiederum eher ein erschrockenes \u201eIihh!\u201c. Verbl\u00fcffend und am\u00fcsant sind sie dabei alle! GWR Super Tiere entf\u00fchrt seine Leser in die wilde Welt der Kreaturen und bietet tierisches Lesevergn\u00fcgen f\u00fcr alle jungen und alten Tierfreunde!<\/span><\/td><\/tr><tr><td colspan='2'><a href='#' onclick='history.back(); return false'>Zur\u00fcck<\/a><\/td><\/tr><\/tbody><\/table>\n","protected":false},"excerpt":{"rendered":"","protected":false},"author":1,"featured_media":0,"parent":0,"menu_order":0,"comment_status":"closed","ping_status":"closed","template":"","meta":[],"_links":{"self":[{"href":"https:\/\/www.web-rr.de\/GHS-Buecherei\/index.php\/wp-json\/wp\/v2\/pages\/5055"}],"collection":[{"href":"https:\/\/www.web-rr.de\/GHS-Buecherei\/index.php\/wp-json\/wp\/v2\/pages"}],"about":[{"href":"https:\/\/www.web-rr.de\/GHS-Buecherei\/index.php\/wp-json\/wp\/v2\/types\/page"}],"author":[{"embeddable":true,"href":"https:\/\/www.web-rr.de\/GHS-Buecherei\/index.php\/wp-json\/wp\/v2\/users\/1"}],"replies":[{"embeddable":true,"href":"https:\/\/www.web-rr.de\/GHS-Buecherei\/index.php\/wp-json\/wp\/v2\/comments?post=5055"}],"version-history":[{"count":0,"href":"https:\/\/www.web-rr.de\/GHS-Buecherei\/index.php\/wp-json\/wp\/v2\/pages\/5055\/revisions"}],"wp:attachment":[{"href":"https:\/\/www.web-rr.de\/GHS-Buecherei\/index.php\/wp-json\/wp\/v2\/media?parent=5055"}],"curies":[{"name":"wp","href":"https:\/\/api.w.org\/{rel}","templated":true}]}}