{"id":5052,"date":"2021-02-23T20:00:00","date_gmt":"2021-02-23T20:00:00","guid":{"rendered":"https:\/\/www.web-rr.de\/GHS-Buecherei\/?page_id=5052"},"modified":"2021-02-22T23:59:59","modified_gmt":"2021-02-22T23:59:59","slug":"p9783841101754","status":"publish","type":"page","link":"https:\/\/www.web-rr.de\/GHS-Buecherei\/index.php\/p9783841101754\/","title":{"rendered":"Natur &#8211; Lexika 16"},"content":{"rendered":"<table><tbody><tr><td class='rDTitel' colspan='2'>Outdoor-N\u00e4chte: von Flederm\u00e4usen, Grusel und Lagerfeuer<\/td><\/tr><tr><td><span class='rDLabel1'>Status: <\/span><span class='rDText1Gruen'>vorhanden<\/span><\/td><td><span class='rDLabel1'>Antolin: <\/span><span class='rDText1Rot'>Quiz nicht vorhanden.<\/span><\/td><\/tr><tr><td width=50%><img src='https:\/\/www.web-rr.de\/GHS-Buecherei\/wp-content\/uploads\/9783841101754.jpg' alt=''><\/td><td><p class='rDLabel2'>von <span class='rDText2'>Katharina Rotter<\/span><\/p><p class='rDLabel2'>Verlag: <span class='rDText2'>Velber Buchverlag,  2014,  12.99 \u20ac<\/span><\/p><p class='rDLabel2'>B\u00fccherei-Barcode: <span class='rDText2'>9783841101754<\/span><\/p><p class='rDLabel2'>In der B\u00fccherei erfasst am: <span class='rDText2'>30.10.2018<\/span><\/p><p class='rDLabel2'>Stichw\u00f6rter: <span class='rDText2'>Klasse 4, Nachtwanderung, Mondn\u00e4chte, Abenteuer, Stockbrot, Lagerfeuer<\/span><\/p><p class='rDLabel2'>Lesealter ca. <span class='rDText2'>-<\/span><span class='rDLabel2'> Jahre<\/span><\/p><p class='rDLabel2'>Das Buch wurde <span class='rDText2'>1<\/span><span class='rDLabel2'> mal gelesen.<\/span><\/p><\/td><\/tr><tr><td colspan='2'><p class='rDLabel1'>Inhalt:<\/p><span class='rDText2'>Schl\u00e4fst du etwa schon? Dann nichts wie raus aus dem Bett und auf ins Abenteuer Nacht! Von der D\u00e4mmerung bis zum Morgengrauen gibt es so einiges drau\u00dfen zu entdecken. Bau dir einen Beobachtungsposten und erforsche die Tiere, die nachts unterwegs sind! \u00dcbernachte unter freiem Himmel und z\u00e4hle die Sternschnuppen! Zus\u00e4tzlich lernst du, wie man ein Feuer macht, warum Flederm\u00e4use nicht gegen B\u00e4ume fliegen und wie man sich so richtig sch\u00f6n gruselt ... Dieses Buch geh\u00f6rt zur Grundausr\u00fcstung eines jeden Abenteurers! Sachinformationen, lustige Spielen und kreative Anleitungen; ab 8 JahrenInformationen rund ums n\u00e4chtliche Natur-Erlebnis: Welche Tiere k\u00f6nnen wir in der D\u00e4mmerung beobachten? Wie plane ich eine Nachtwanderung? Wo wachsen ganz besondere Pflanzen? Tolle Ideen zum Ausprobieren: Back dein eigenes Stockbrot\/Bau dir eine Fackel! Begib dich auf Gl\u00fchw\u00fcrmchen-Suche!Illustrationen und Fotos veranschaulichen die verschiedenen Themen und machen Lust aufs Abenteuer. Ein Mitmach-Buch f\u00fcr alle Naturkinder und solche, die es werden wollen.<\/span><\/td><\/tr><tr><td colspan='2'><a href='#' onclick='history.back(); return false'>Zur\u00fcck<\/a><\/td><\/tr><\/tbody><\/table>\n","protected":false},"excerpt":{"rendered":"","protected":false},"author":1,"featured_media":0,"parent":0,"menu_order":0,"comment_status":"closed","ping_status":"closed","template":"","meta":[],"_links":{"self":[{"href":"https:\/\/www.web-rr.de\/GHS-Buecherei\/index.php\/wp-json\/wp\/v2\/pages\/5052"}],"collection":[{"href":"https:\/\/www.web-rr.de\/GHS-Buecherei\/index.php\/wp-json\/wp\/v2\/pages"}],"about":[{"href":"https:\/\/www.web-rr.de\/GHS-Buecherei\/index.php\/wp-json\/wp\/v2\/types\/page"}],"author":[{"embeddable":true,"href":"https:\/\/www.web-rr.de\/GHS-Buecherei\/index.php\/wp-json\/wp\/v2\/users\/1"}],"replies":[{"embeddable":true,"href":"https:\/\/www.web-rr.de\/GHS-Buecherei\/index.php\/wp-json\/wp\/v2\/comments?post=5052"}],"version-history":[{"count":0,"href":"https:\/\/www.web-rr.de\/GHS-Buecherei\/index.php\/wp-json\/wp\/v2\/pages\/5052\/revisions"}],"wp:attachment":[{"href":"https:\/\/www.web-rr.de\/GHS-Buecherei\/index.php\/wp-json\/wp\/v2\/media?parent=5052"}],"curies":[{"name":"wp","href":"https:\/\/api.w.org\/{rel}","templated":true}]}}