{"id":5051,"date":"2021-02-23T20:00:00","date_gmt":"2021-02-23T20:00:00","guid":{"rendered":"https:\/\/www.web-rr.de\/GHS-Buecherei\/?page_id=5051"},"modified":"2021-02-22T23:59:59","modified_gmt":"2021-02-22T23:59:59","slug":"p9783836954839","status":"publish","type":"page","link":"https:\/\/www.web-rr.de\/GHS-Buecherei\/index.php\/p9783836954839\/","title":{"rendered":"Natur &#8211; Lexika 15"},"content":{"rendered":"<table><tbody><tr><td class='rDTitel' colspan='2'>Meister der Tarnung: \u00dcberlebensk\u00fcnstler in der Tierwelt<\/td><\/tr><tr><td><span class='rDLabel1'>Status: <\/span><span class='rDText1Gruen'>vorhanden<\/span><\/td><td><span class='rDLabel1'>Antolin: <\/span><span class='rDText1Rot'>Quiz nicht vorhanden.<\/span><\/td><\/tr><tr><td width=50%><img src='https:\/\/www.web-rr.de\/GHS-Buecherei\/wp-content\/uploads\/9783836954839.jpg' alt=''><\/td><td><p class='rDLabel2'>von <span class='rDText2'>Annika Siems<\/span><\/p><p class='rDLabel2'>Verlag: <span class='rDText2'>Gerstenberg Verlag,  2012,  19.95 \u20ac<\/span><\/p><p class='rDLabel2'>B\u00fccherei-Barcode: <span class='rDText2'>9783836954839<\/span><\/p><p class='rDLabel2'>In der B\u00fccherei erfasst am: <span class='rDText2'>01.03.2015<\/span><\/p><p class='rDLabel2'>Stichw\u00f6rter: <span class='rDText2'>Tiere, tarnen, t\u00e4uschen, tricksen, Regenwald, W\u00fcste, Cham\u00e4leon<\/span><\/p><p class='rDLabel2'>Lesealter ca. <span class='rDText2'>-<\/span><span class='rDLabel2'> Jahre<\/span><\/p><p class='rDLabel2'>Das Buch wurde <span class='rDText2'>2<\/span><span class='rDLabel2'> mal gelesen.<\/span><\/p><\/td><\/tr><tr><td colspan='2'><p class='rDLabel1'>Inhalt:<\/p><span class='rDText2'>Sie tarnen, t\u00e4uschen, tricksen, sind wahre Akrobaten der L\u00fcfte oder mit raffinierten Spezialeffekten wie Echolot oder Stachelkleid ausger\u00fcstet: In einzigartigen Bildern zeigt Annika Siems verbl\u00fcffende Tricks und Strategien aus dem Tierreich, vom Cham\u00e4leon bis zum Kolibri. Kurze, informative Texte erkl\u00e4ren, wie die jeweiligen Tiere sich perfekt an ihren Lebensraum angepasst haben - im Regenwald, in der W\u00fcste und hierzulande. Ein opulentes, im wahrsten Sinne des Wortes herausragendes Buch, das die ganze Familie immer wieder in die Hand nehmen wird. Denn: Mehrfaches Hinschauen lohnt sich! In der raffinierten Komposition aus Text und Bild sind manchmal nicht nur die Tiere getarnt.<\/span><\/td><\/tr><tr><td colspan='2'><a href='#' onclick='history.back(); return false'>Zur\u00fcck<\/a><\/td><\/tr><\/tbody><\/table>\n","protected":false},"excerpt":{"rendered":"","protected":false},"author":1,"featured_media":0,"parent":0,"menu_order":0,"comment_status":"closed","ping_status":"closed","template":"","meta":[],"_links":{"self":[{"href":"https:\/\/www.web-rr.de\/GHS-Buecherei\/index.php\/wp-json\/wp\/v2\/pages\/5051"}],"collection":[{"href":"https:\/\/www.web-rr.de\/GHS-Buecherei\/index.php\/wp-json\/wp\/v2\/pages"}],"about":[{"href":"https:\/\/www.web-rr.de\/GHS-Buecherei\/index.php\/wp-json\/wp\/v2\/types\/page"}],"author":[{"embeddable":true,"href":"https:\/\/www.web-rr.de\/GHS-Buecherei\/index.php\/wp-json\/wp\/v2\/users\/1"}],"replies":[{"embeddable":true,"href":"https:\/\/www.web-rr.de\/GHS-Buecherei\/index.php\/wp-json\/wp\/v2\/comments?post=5051"}],"version-history":[{"count":0,"href":"https:\/\/www.web-rr.de\/GHS-Buecherei\/index.php\/wp-json\/wp\/v2\/pages\/5051\/revisions"}],"wp:attachment":[{"href":"https:\/\/www.web-rr.de\/GHS-Buecherei\/index.php\/wp-json\/wp\/v2\/media?parent=5051"}],"curies":[{"name":"wp","href":"https:\/\/api.w.org\/{rel}","templated":true}]}}