{"id":5047,"date":"2021-02-23T20:00:00","date_gmt":"2021-02-23T20:00:00","guid":{"rendered":"https:\/\/www.web-rr.de\/GHS-Buecherei\/?page_id=5047"},"modified":"2021-02-22T23:59:59","modified_gmt":"2021-02-22T23:59:59","slug":"p9783411084814","status":"publish","type":"page","link":"https:\/\/www.web-rr.de\/GHS-Buecherei\/index.php\/p9783411084814\/","title":{"rendered":"Natur &#8211; Lexika 11"},"content":{"rendered":"<table><tbody><tr><td class='rDTitel' colspan='2'>Unter der Erde<\/td><\/tr><tr><td><span class='rDLabel1'>Status: <\/span><span class='rDText1Gruen'>vorhanden<\/span><\/td><td><span class='rDLabel1'>Antolin: <\/span><span class='rDText1Gruen'>ja, Empfehlung Klasse 1<\/span><\/td><\/tr><tr><td width=50%><img src='https:\/\/www.web-rr.de\/GHS-Buecherei\/wp-content\/uploads\/9783411084814.jpg' alt=''><\/td><td><p class='rDLabel2'>von <span class='rDText2'>Daniele Bour<\/span><\/p><p class='rDLabel2'>Verlag: <span class='rDText2'>Bibliographisches Institut, Mannheim,  2008,  7.95 \u20ac<\/span><\/p><p class='rDLabel2'>B\u00fccherei-Barcode: <span class='rDText2'>9783411084814<\/span><\/p><p class='rDLabel2'>In der B\u00fccherei erfasst am: <span class='rDText2'>01.04.2013<\/span><\/p><p class='rDLabel2'>Stichw\u00f6rter: <span class='rDText2'>Maulwurf, Regenwurm, Erdboden<\/span><\/p><p class='rDLabel2'>Lesealter ca. <span class='rDText2'>6<\/span><span class='rDLabel2'> Jahre<\/span><\/p><p class='rDLabel2'>Das Buch wurde <span class='rDText2'>7<\/span><span class='rDLabel2'> mal gelesen.<\/span><\/p><\/td><\/tr><tr><td colspan='2'><p class='rDLabel1'>Inhalt:<\/p><span class='rDText2'>Der Maulwurf lugt aus seinem H\u00fcgel hervor. Und auch im Ameisenhaufen herrscht reges Treiben. Dieser Band entf\u00fchrt die neugierigen Leser in die geheimnisvolle Welt tief unter der Erde. Zwischen den Baumwurzeln im Wald, in der dunklen H\u00f6hle oder tief im W\u00fcstensand gibt es viel zu entdecken. Durch spannende Effekte vermittelt die Bilderbuchreihe \"Meyers kleine Kinderbibliothek\" erstes Sachwissen f\u00fcr Kinder ab 3 Jahren. Transparente Folien zeigen beim Umbl\u00e4ttern das Innenleben von Dingen, machen Verdecktes sichtbar oder veranschaulichen Ver\u00e4nderungen.<\/span><\/td><\/tr><tr><td colspan='2'><a href='#' onclick='history.back(); return false'>Zur\u00fcck<\/a><\/td><\/tr><\/tbody><\/table>\n","protected":false},"excerpt":{"rendered":"","protected":false},"author":1,"featured_media":0,"parent":0,"menu_order":0,"comment_status":"closed","ping_status":"closed","template":"","meta":[],"_links":{"self":[{"href":"https:\/\/www.web-rr.de\/GHS-Buecherei\/index.php\/wp-json\/wp\/v2\/pages\/5047"}],"collection":[{"href":"https:\/\/www.web-rr.de\/GHS-Buecherei\/index.php\/wp-json\/wp\/v2\/pages"}],"about":[{"href":"https:\/\/www.web-rr.de\/GHS-Buecherei\/index.php\/wp-json\/wp\/v2\/types\/page"}],"author":[{"embeddable":true,"href":"https:\/\/www.web-rr.de\/GHS-Buecherei\/index.php\/wp-json\/wp\/v2\/users\/1"}],"replies":[{"embeddable":true,"href":"https:\/\/www.web-rr.de\/GHS-Buecherei\/index.php\/wp-json\/wp\/v2\/comments?post=5047"}],"version-history":[{"count":0,"href":"https:\/\/www.web-rr.de\/GHS-Buecherei\/index.php\/wp-json\/wp\/v2\/pages\/5047\/revisions"}],"wp:attachment":[{"href":"https:\/\/www.web-rr.de\/GHS-Buecherei\/index.php\/wp-json\/wp\/v2\/media?parent=5047"}],"curies":[{"name":"wp","href":"https:\/\/api.w.org\/{rel}","templated":true}]}}