{"id":5038,"date":"2021-02-23T20:00:00","date_gmt":"2021-02-23T20:00:00","guid":{"rendered":"https:\/\/www.web-rr.de\/GHS-Buecherei\/?page_id=5038"},"modified":"2021-02-22T23:59:59","modified_gmt":"2021-02-22T23:59:59","slug":"p9783817495276","status":"publish","type":"page","link":"https:\/\/www.web-rr.de\/GHS-Buecherei\/index.php\/p9783817495276\/","title":{"rendered":"Natur &#8211; Lexika 02"},"content":{"rendered":"<table><tbody><tr><td class='rDTitel' colspan='2'>Erlebnis Natur - Mein gro\u00dfes Outdoor-Wissensbuch: Wissen, bestimmen, erleben<\/td><\/tr><tr><td><span class='rDLabel1'>Status: <\/span><span class='rDText1Gruen'>vorhanden<\/span><\/td><td><span class='rDLabel1'>Antolin: <\/span><span class='rDText1Rot'>Quiz nicht vorhanden.<\/span><\/td><\/tr><tr><td width=50%><img src='https:\/\/www.web-rr.de\/GHS-Buecherei\/wp-content\/uploads\/9783817495276.jpg' alt=''><\/td><td><p class='rDLabel2'>von <span class='rDText2'>Feryal Kanbay<\/span><\/p><p class='rDLabel2'>Verlag: <span class='rDText2'>Compact Verlag,  2014,  9.99 \u20ac<\/span><\/p><p class='rDLabel2'>B\u00fccherei-Barcode: <span class='rDText2'>9783817495276<\/span><\/p><p class='rDLabel2'>In der B\u00fccherei erfasst am: <span class='rDText2'>01.05.2017<\/span><\/p><p class='rDLabel2'>Stichw\u00f6rter: <span class='rDText2'>Tiere<\/span><\/p><p class='rDLabel2'>Lesealter ca. <span class='rDText2'>-<\/span><span class='rDLabel2'> Jahre<\/span><\/p><p class='rDLabel2'>Das Buch wurde <span class='rDText2'>0<\/span><span class='rDLabel2'> mal gelesen.<\/span><\/p><\/td><\/tr><tr><td colspan='2'><p class='rDLabel1'>Inhalt:<\/p><span class='rDText2'>Dieser Naturf\u00fchrer beinhaltet alles, was Kinder \u00fcber die Welt der Tiere und Pflanzen wissen wollen und es liefert zahlreiche Ideen zu spannenden Erlebnissen direkt vor der Haust\u00fcr. Hier k\u00f6nnen sie die Wunder der Natur entdecken und erforschen und alles \u00fcber Lebensr\u00e4ume, Jahreszeiten, S\u00e4ugetiere, Insekten, Fische, Amphibien, Reptilien, B\u00e4ume und Str\u00e4ucher, Blumen und Gr\u00e4ser sowie \u00fcber Pilze lernen. Jedes Kapitel besteht aus einem Wissens-, Bestimmungs- und Erlebnisteil. Auf den Wissens-Seiten erfahren die jungen Naturforscher alles \u00fcber die Themenbereiche im \u00dcberblick. Auf den Bestimmungs-Seiten werden Tipps zum Beobachten und Bestimmen der Tiere und Pflanzen gegeben sowie einzelne Arten ausf\u00fchrlich beschrieben. Auf den Erlebnis-Seiten befinden sich Anleitungen zum Spielen und Basteln sowie Tipps zur aktiven Besch\u00e4ftigung mit und in der Natur.<\/span><\/td><\/tr><tr><td colspan='2'><a href='#' onclick='history.back(); return false'>Zur\u00fcck<\/a><\/td><\/tr><\/tbody><\/table>\n","protected":false},"excerpt":{"rendered":"","protected":false},"author":1,"featured_media":0,"parent":0,"menu_order":0,"comment_status":"closed","ping_status":"closed","template":"","meta":[],"_links":{"self":[{"href":"https:\/\/www.web-rr.de\/GHS-Buecherei\/index.php\/wp-json\/wp\/v2\/pages\/5038"}],"collection":[{"href":"https:\/\/www.web-rr.de\/GHS-Buecherei\/index.php\/wp-json\/wp\/v2\/pages"}],"about":[{"href":"https:\/\/www.web-rr.de\/GHS-Buecherei\/index.php\/wp-json\/wp\/v2\/types\/page"}],"author":[{"embeddable":true,"href":"https:\/\/www.web-rr.de\/GHS-Buecherei\/index.php\/wp-json\/wp\/v2\/users\/1"}],"replies":[{"embeddable":true,"href":"https:\/\/www.web-rr.de\/GHS-Buecherei\/index.php\/wp-json\/wp\/v2\/comments?post=5038"}],"version-history":[{"count":0,"href":"https:\/\/www.web-rr.de\/GHS-Buecherei\/index.php\/wp-json\/wp\/v2\/pages\/5038\/revisions"}],"wp:attachment":[{"href":"https:\/\/www.web-rr.de\/GHS-Buecherei\/index.php\/wp-json\/wp\/v2\/media?parent=5038"}],"curies":[{"name":"wp","href":"https:\/\/api.w.org\/{rel}","templated":true}]}}