{"id":5035,"date":"2021-02-23T20:00:00","date_gmt":"2021-02-23T20:00:00","guid":{"rendered":"https:\/\/www.web-rr.de\/GHS-Buecherei\/?page_id=5035"},"modified":"2021-02-22T23:59:59","modified_gmt":"2021-02-22T23:59:59","slug":"p9783831034802","status":"publish","type":"page","link":"https:\/\/www.web-rr.de\/GHS-Buecherei\/index.php\/p9783831034802\/","title":{"rendered":"Natur &#8211; Insekten 24"},"content":{"rendered":"<table><tbody><tr><td class='rDTitel' colspan='2'>Ich wei\u00df was! Bienen, K\u00e4fer, Schmetterlinge - Selber machen - ausprobieren<\/td><\/tr><tr><td><span class='rDLabel1'>Status: <\/span><span class='rDText1Gruen'>vorhanden<\/span><\/td><td><span class='rDLabel1'>Antolin: <\/span><span class='rDText1Rot'>Quiz nicht vorhanden.<\/span><\/td><\/tr><tr><td width=50%><img src='https:\/\/www.web-rr.de\/GHS-Buecherei\/wp-content\/uploads\/9783831034802.jpg' alt=''><\/td><td><p class='rDLabel2'>von <span class='rDText2'><\/span><\/p><p class='rDLabel2'>Verlag: <span class='rDText2'>Dorling Kindersley,  2018,  8.95 \u20ac<\/span><\/p><p class='rDLabel2'>B\u00fccherei-Barcode: <span class='rDText2'>9783831034802<\/span><\/p><p class='rDLabel2'>In der B\u00fccherei erfasst am: <span class='rDText2'>25.08.2020<\/span><\/p><p class='rDLabel2'>Stichw\u00f6rter: <span class='rDText2'> Lernen, Mitmachbuch, K\u00e4fern, Bienen, Schmetterlinge,<\/span><\/p><p class='rDLabel2'>Lesealter ca. <span class='rDText2'>6<\/span><span class='rDLabel2'> Jahre<\/span><\/p><p class='rDLabel2'>Das Buch wurde <span class='rDText2'>0<\/span><span class='rDLabel2'> mal gelesen.<\/span><\/p><\/td><\/tr><tr><td colspan='2'><p class='rDLabel1'>Inhalt:<\/p><span class='rDText2'>Achtung Krabbelalarm! Mit dem einzigartigen Lernkonzept aus dem wundersch\u00f6n gestalteten Sach- und Mitmachbuch der Kindersachbuchreihe \"Ich wei\u00df was\" lernt der Nachwuchs die Welt der Insekten besser kennen. Das farbenfrohe Buch liefert einen Mix aus Sachwissen und kreativen Projekten zum Nachmachen, der dazu einl\u00e4dt, die Umwelt zu erforschen. Auf bunt illustrierten Wissensseiten werden verbl\u00fcffende Fakten zu K\u00e4fern, Bienen und Schmetterlingen erkl\u00e4rt. Anschlie\u00dfend k\u00f6nnen die Kinder mit kleinen Basteleien, Experimenten und Rezepten selbst aktiv werden. Die Kombination aus Sach- und Mitmachbuch eignet sich perfekt, um sich als Familie oder im Kindergarten gemeinsam intensiv mit allererstem Wissen zu besch\u00e4ftigen. Warum verwandeln sich Raupen in Schmetterlinge? Weshalb zirpen Grillen auf der Sommerwiese? Wieso trinken Bienen Nektar aus Bl\u00fcten? Die einfallsreichen Ideen zum Mitmachen erweitern Erfahrungsschatz und Wissenswelt ganz spielerisch: Kinder backen wie t\u00fcchtige Bienchen flei\u00dfig Honigkekse oder bemalen Kieselsteine als Marienk\u00e4ferfamilie.<\/span><\/td><\/tr><tr><td colspan='2'><a href='#' onclick='history.back(); return false'>Zur\u00fcck<\/a><\/td><\/tr><\/tbody><\/table>\n","protected":false},"excerpt":{"rendered":"","protected":false},"author":1,"featured_media":0,"parent":0,"menu_order":0,"comment_status":"closed","ping_status":"closed","template":"","meta":[],"_links":{"self":[{"href":"https:\/\/www.web-rr.de\/GHS-Buecherei\/index.php\/wp-json\/wp\/v2\/pages\/5035"}],"collection":[{"href":"https:\/\/www.web-rr.de\/GHS-Buecherei\/index.php\/wp-json\/wp\/v2\/pages"}],"about":[{"href":"https:\/\/www.web-rr.de\/GHS-Buecherei\/index.php\/wp-json\/wp\/v2\/types\/page"}],"author":[{"embeddable":true,"href":"https:\/\/www.web-rr.de\/GHS-Buecherei\/index.php\/wp-json\/wp\/v2\/users\/1"}],"replies":[{"embeddable":true,"href":"https:\/\/www.web-rr.de\/GHS-Buecherei\/index.php\/wp-json\/wp\/v2\/comments?post=5035"}],"version-history":[{"count":0,"href":"https:\/\/www.web-rr.de\/GHS-Buecherei\/index.php\/wp-json\/wp\/v2\/pages\/5035\/revisions"}],"wp:attachment":[{"href":"https:\/\/www.web-rr.de\/GHS-Buecherei\/index.php\/wp-json\/wp\/v2\/media?parent=5035"}],"curies":[{"name":"wp","href":"https:\/\/api.w.org\/{rel}","templated":true}]}}