{"id":5032,"date":"2021-02-23T20:00:00","date_gmt":"2021-02-23T20:00:00","guid":{"rendered":"https:\/\/www.web-rr.de\/GHS-Buecherei\/?page_id=5032"},"modified":"2021-02-22T23:59:59","modified_gmt":"2021-02-22T23:59:59","slug":"p9783788620905","status":"publish","type":"page","link":"https:\/\/www.web-rr.de\/GHS-Buecherei\/index.php\/p9783788620905\/","title":{"rendered":"Natur &#8211; Insekten 21"},"content":{"rendered":"<table><tbody><tr><td class='rDTitel' colspan='2'>WAS IST WAS Band 136 Ameisen und Termiten. Flei\u00dfige Baumeister<\/td><\/tr><tr><td><span class='rDLabel1'>Status: <\/span><span class='rDText1Gruen'>vorhanden<\/span><\/td><td><span class='rDLabel1'>Antolin: <\/span><span class='rDText1Gruen'>ja, Empfehlung Klasse 5<\/span><\/td><\/tr><tr><td width=50%><img src='https:\/\/www.web-rr.de\/GHS-Buecherei\/wp-content\/uploads\/9783788620905.jpg' alt=''><\/td><td><p class='rDLabel2'>von <span class='rDText2'>Alexandra Rigos<\/span><\/p><p class='rDLabel2'>Verlag: <span class='rDText2'>Tessloff Verlag Ragnar Tessloff GmbH & Co. KG,  2015,  9.95 \u20ac<\/span><\/p><p class='rDLabel2'>B\u00fccherei-Barcode: <span class='rDText2'>9783788620905<\/span><\/p><p class='rDLabel2'>In der B\u00fccherei erfasst am: <span class='rDText2'>25.09.2019<\/span><\/p><p class='rDLabel2'>Stichw\u00f6rter: <span class='rDText2'>K\u00f6niginnen, Soldaten, Architekten<\/span><\/p><p class='rDLabel2'>Lesealter ca. <span class='rDText2'>9<\/span><span class='rDLabel2'> Jahre<\/span><\/p><p class='rDLabel2'>Das Buch wurde <span class='rDText2'>1<\/span><span class='rDLabel2'> mal gelesen.<\/span><\/p><\/td><\/tr><tr><td colspan='2'><p class='rDLabel1'>Inhalt:<\/p><span class='rDText2'>Das Leben der Ameisen \u00e4hnelt dem der Menschen mehr, als wir vermuten. Sie leben in hoch entwickelten Gesellschaften, praktizieren Arbeitsteilung und unterhalten sich in einer Sprache der D\u00fcfte, die wie unsere Sprache einer Grammatik folgt. Auch das Zusammenleben der Termiten orientiert sich an einem ausgekl\u00fcgelten Plan.WAS IST WAS l\u00e4dt in das geheimnisvolle Reich der K\u00f6niginnen, Soldaten und Architekten ein, interviewt eine Bodentermite und Ameisen, die G\u00e4rten anlegen und Landwirtschaft betreiben. Kann man Ameisen als Haustiere halten? K\u00f6nnen Gesch\u00f6pfe, die unter Gehwegplatten oder in Steckdosen \u00fcberleben, wirklich vom Aussterben bedroht sein? Was ist \"Mimikry\"?<\/span><\/td><\/tr><tr><td colspan='2'><a href='#' onclick='history.back(); return false'>Zur\u00fcck<\/a><\/td><\/tr><\/tbody><\/table>\n","protected":false},"excerpt":{"rendered":"","protected":false},"author":1,"featured_media":0,"parent":0,"menu_order":0,"comment_status":"closed","ping_status":"closed","template":"","meta":[],"_links":{"self":[{"href":"https:\/\/www.web-rr.de\/GHS-Buecherei\/index.php\/wp-json\/wp\/v2\/pages\/5032"}],"collection":[{"href":"https:\/\/www.web-rr.de\/GHS-Buecherei\/index.php\/wp-json\/wp\/v2\/pages"}],"about":[{"href":"https:\/\/www.web-rr.de\/GHS-Buecherei\/index.php\/wp-json\/wp\/v2\/types\/page"}],"author":[{"embeddable":true,"href":"https:\/\/www.web-rr.de\/GHS-Buecherei\/index.php\/wp-json\/wp\/v2\/users\/1"}],"replies":[{"embeddable":true,"href":"https:\/\/www.web-rr.de\/GHS-Buecherei\/index.php\/wp-json\/wp\/v2\/comments?post=5032"}],"version-history":[{"count":0,"href":"https:\/\/www.web-rr.de\/GHS-Buecherei\/index.php\/wp-json\/wp\/v2\/pages\/5032\/revisions"}],"wp:attachment":[{"href":"https:\/\/www.web-rr.de\/GHS-Buecherei\/index.php\/wp-json\/wp\/v2\/media?parent=5032"}],"curies":[{"name":"wp","href":"https:\/\/api.w.org\/{rel}","templated":true}]}}