{"id":5026,"date":"2021-02-23T20:00:00","date_gmt":"2021-02-23T20:00:00","guid":{"rendered":"https:\/\/www.web-rr.de\/GHS-Buecherei\/?page_id=5026"},"modified":"2021-02-22T23:59:59","modified_gmt":"2021-02-22T23:59:59","slug":"p9783480224067","status":"publish","type":"page","link":"https:\/\/www.web-rr.de\/GHS-Buecherei\/index.php\/p9783480224067\/","title":{"rendered":"Natur &#8211; Insekten 15"},"content":{"rendered":"<table><tbody><tr><td class='rDTitel' colspan='2'>Meine gro\u00dfe Tierbibliothek: Der Schmetterling<\/td><\/tr><tr><td><span class='rDLabel1'>Status: <\/span><span class='rDText1Gruen'>vorhanden<\/span><\/td><td><span class='rDLabel1'>Antolin: <\/span><span class='rDText1Gruen'>ja, Empfehlung Klasse 3<\/span><\/td><\/tr><tr><td width=50%><img src='https:\/\/www.web-rr.de\/GHS-Buecherei\/wp-content\/uploads\/9783480224067.jpg' alt=''><\/td><td><p class='rDLabel2'>von <span class='rDText2'>Val\u00e9rie Tracqui<\/span><\/p><p class='rDLabel2'>Verlag: <span class='rDText2'>Esslinger Verlag in der Thienemann-Esslinger Verlag GmbH,  2008,  9.99 \u20ac<\/span><\/p><p class='rDLabel2'>B\u00fccherei-Barcode: <span class='rDText2'>9783480224067<\/span><\/p><p class='rDLabel2'>In der B\u00fccherei erfasst am: <span class='rDText2'>29.10.2018<\/span><\/p><p class='rDLabel2'>Stichw\u00f6rter: <span class='rDText2'>Schmetterling, Raupen, Verwandlung, Bl\u00fcten<\/span><\/p><p class='rDLabel2'>Lesealter ca. <span class='rDText2'>7<\/span><span class='rDLabel2'> Jahre<\/span><\/p><p class='rDLabel2'>Das Buch wurde <span class='rDText2'>0<\/span><span class='rDLabel2'> mal gelesen.<\/span><\/p><\/td><\/tr><tr><td colspan='2'><p class='rDLabel1'>Inhalt:<\/p><span class='rDText2'>Erstes Wissen rund um den Schmetterling f\u00fcr Kinder ab 4 Jahren \u2013 mit spannenden Infos und Fotos zum Staunen.Leicht wie eine Feder setzt sich der Schmetterling auf eine Blume. Mit seinem R\u00fcssel saugt er wie aus einem Strohhalm den Nektar aus der Bl\u00fcte. Aus seinen Eiern schl\u00fcpfen Raupen, die sich dann in Schmetterlinge verwandeln. Hier erf\u00e4hrt man alles \u00fcber das faszinierende Leben der Schmetterlinge \u2013 mit detailgenauen Fotos, kindgerechten Sachinformationen, einem Glossar und Verst\u00e4ndnisfragen wird grundlegendes Wissen spannend und anschaulich aufbereitet. Ideal auch f\u00fcr den Einsatz in Vor- und Grundschule.<\/span><\/td><\/tr><tr><td colspan='2'><a href='#' onclick='history.back(); return false'>Zur\u00fcck<\/a><\/td><\/tr><\/tbody><\/table>\n","protected":false},"excerpt":{"rendered":"","protected":false},"author":1,"featured_media":0,"parent":0,"menu_order":0,"comment_status":"closed","ping_status":"closed","template":"","meta":[],"_links":{"self":[{"href":"https:\/\/www.web-rr.de\/GHS-Buecherei\/index.php\/wp-json\/wp\/v2\/pages\/5026"}],"collection":[{"href":"https:\/\/www.web-rr.de\/GHS-Buecherei\/index.php\/wp-json\/wp\/v2\/pages"}],"about":[{"href":"https:\/\/www.web-rr.de\/GHS-Buecherei\/index.php\/wp-json\/wp\/v2\/types\/page"}],"author":[{"embeddable":true,"href":"https:\/\/www.web-rr.de\/GHS-Buecherei\/index.php\/wp-json\/wp\/v2\/users\/1"}],"replies":[{"embeddable":true,"href":"https:\/\/www.web-rr.de\/GHS-Buecherei\/index.php\/wp-json\/wp\/v2\/comments?post=5026"}],"version-history":[{"count":0,"href":"https:\/\/www.web-rr.de\/GHS-Buecherei\/index.php\/wp-json\/wp\/v2\/pages\/5026\/revisions"}],"wp:attachment":[{"href":"https:\/\/www.web-rr.de\/GHS-Buecherei\/index.php\/wp-json\/wp\/v2\/media?parent=5026"}],"curies":[{"name":"wp","href":"https:\/\/api.w.org\/{rel}","templated":true}]}}