{"id":5023,"date":"2021-02-23T20:00:00","date_gmt":"2021-02-23T20:00:00","guid":{"rendered":"https:\/\/www.web-rr.de\/GHS-Buecherei\/?page_id=5023"},"modified":"2021-02-22T23:59:59","modified_gmt":"2021-02-22T23:59:59","slug":"p9783899461923","status":"publish","type":"page","link":"https:\/\/www.web-rr.de\/GHS-Buecherei\/index.php\/p9783899461923\/","title":{"rendered":"Natur &#8211; Insekten 12"},"content":{"rendered":"<table><tbody><tr><td class='rDTitel' colspan='2'>Der kleine Bestimmungsschl\u00fcssel: Oder: Was krabbelt da im Boden?<\/td><\/tr><tr><td><span class='rDLabel1'>Status: <\/span><span class='rDText1Gruen'>vorhanden<\/span><\/td><td><span class='rDLabel1'>Antolin: <\/span><span class='rDText1Rot'>Quiz nicht vorhanden.<\/span><\/td><\/tr><tr><td width=50%><img src='https:\/\/www.web-rr.de\/GHS-Buecherei\/wp-content\/uploads\/9783899461923.jpg' alt=''><\/td><td><p class='rDLabel2'>von <span class='rDText2'>Katrin B\u00f6hme<\/span><\/p><p class='rDLabel2'>Verlag: <span class='rDText2'>Rasch Druckerei und Verlag,  2013,  8.95 \u20ac<\/span><\/p><p class='rDLabel2'>B\u00fccherei-Barcode: <span class='rDText2'>9783899461923<\/span><\/p><p class='rDLabel2'>In der B\u00fccherei erfasst am: <span class='rDText2'>01.03.2015<\/span><\/p><p class='rDLabel2'>Stichw\u00f6rter: <span class='rDText2'>Insekten, Bestimmungsbuch<\/span><\/p><p class='rDLabel2'>Lesealter ca. <span class='rDText2'>-<\/span><span class='rDLabel2'> Jahre<\/span><\/p><p class='rDLabel2'>Das Buch wurde <span class='rDText2'>4<\/span><span class='rDLabel2'> mal gelesen.<\/span><\/p><\/td><\/tr><tr><td colspan='2'><p class='rDLabel1'>Inhalt:<\/p><span class='rDText2'>Boden ist viel mehr als nur \u201eDreck\u201c. Er ist Lebensgrundlage von Tieren, Pflanzen und \u2013 nat\u00fcrlich \u2013 von uns, den Menschen. Im Boden kann man so Einiges entdecken! Es kribbelt und krabbelt unter der Bl\u00e4tterstreu. Sobald man nur etwas die Bodenoberfl\u00e4che ankratzt, st\u00f6\u00dft man auf urt\u00fcmlich anmutende Bodenbewohner.Mit Hilfe des kleinen Bestimmungsschl\u00fcssels erhalten gro\u00dfe und kleine Bodenforscher einen \u00dcberblick \u00fcber die h\u00e4ufigsten Bodentiere. Der kleine Bestimmungsschl\u00fcssel ist als Ringbuch gelocht und wasserabweisend eingeschwei\u00dft. \u00dcber ein Register k\u00f6nnen sich die Bodenforscher leicht \u00fcber die Fu\u00dfanzahl der Tiere im Bestimmungsschl\u00fcssel orientieren. Auf den einzelnen Vorderseiten sind die jeweiligen Tiere vergr\u00f6\u00dfert und zus\u00e4tzlich auch in Originalgr\u00f6\u00dfe zu sehen. Durch Symbole k\u00f6nnenauch die Kinder, die noch nicht lesen k\u00f6nnen, das Tier benennen. Eine kurze Beschreibung \u00fcber die Lebensweise und Besonderheiten findet sich auf der R\u00fcckseite.Der kleine Bestimmungsschl\u00fcssel richtet sich an gro\u00dfe und kleine Bodenforscher, die das Leben unter ihren F\u00fc\u00dfen genauer kennenlernen m\u00f6chten.Besonders innovativ ist der kleine Bestimmungsschl\u00fcssel, da die bisher existierenden Bestimmungsschl\u00fcssel vor allem f\u00fcr kleine Bodenforscher meist ungeeignet sind.Zusammen tauchen wir ein in die unbekannte Welt des Bodens \u2013 seid gespannt und lasst euch \u00fcberraschen!Homepage: http:\/\/www.al.hs-osnabrueck.de\/bodenkoffer.htmlHier erfahrt ihr mehr \u00fcber den kleinen Bestimmungsschl\u00fcssel und das Projekt des BodenKoffers.<\/span><\/td><\/tr><tr><td colspan='2'><a href='#' onclick='history.back(); return false'>Zur\u00fcck<\/a><\/td><\/tr><\/tbody><\/table>\n","protected":false},"excerpt":{"rendered":"","protected":false},"author":1,"featured_media":0,"parent":0,"menu_order":0,"comment_status":"closed","ping_status":"closed","template":"","meta":[],"_links":{"self":[{"href":"https:\/\/www.web-rr.de\/GHS-Buecherei\/index.php\/wp-json\/wp\/v2\/pages\/5023"}],"collection":[{"href":"https:\/\/www.web-rr.de\/GHS-Buecherei\/index.php\/wp-json\/wp\/v2\/pages"}],"about":[{"href":"https:\/\/www.web-rr.de\/GHS-Buecherei\/index.php\/wp-json\/wp\/v2\/types\/page"}],"author":[{"embeddable":true,"href":"https:\/\/www.web-rr.de\/GHS-Buecherei\/index.php\/wp-json\/wp\/v2\/users\/1"}],"replies":[{"embeddable":true,"href":"https:\/\/www.web-rr.de\/GHS-Buecherei\/index.php\/wp-json\/wp\/v2\/comments?post=5023"}],"version-history":[{"count":0,"href":"https:\/\/www.web-rr.de\/GHS-Buecherei\/index.php\/wp-json\/wp\/v2\/pages\/5023\/revisions"}],"wp:attachment":[{"href":"https:\/\/www.web-rr.de\/GHS-Buecherei\/index.php\/wp-json\/wp\/v2\/media?parent=5023"}],"curies":[{"name":"wp","href":"https:\/\/api.w.org\/{rel}","templated":true}]}}