{"id":5013,"date":"2021-02-23T20:00:00","date_gmt":"2021-02-23T20:00:00","guid":{"rendered":"https:\/\/www.web-rr.de\/GHS-Buecherei\/?page_id=5013"},"modified":"2021-02-22T23:59:59","modified_gmt":"2021-02-22T23:59:59","slug":"p9783788602598","status":"publish","type":"page","link":"https:\/\/www.web-rr.de\/GHS-Buecherei\/index.php\/p9783788602598\/","title":{"rendered":"Natur &#8211; Insekten 02"},"content":{"rendered":"<table><tbody><tr><td class='rDTitel' colspan='2'>Bienen, Wespen und Ameisen. Von<\/td><\/tr><tr><td><span class='rDLabel1'>Status: <\/span><span class='rDText1Gruen'>vorhanden<\/span><\/td><td><span class='rDLabel1'>Antolin: <\/span><span class='rDText1Gruen'>ja, Empfehlung Klasse 6<\/span><\/td><\/tr><tr><td width=50%><img src='https:\/\/www.web-rr.de\/GHS-Buecherei\/wp-content\/uploads\/9783788602598.jpg' alt=''><\/td><td><p class='rDLabel2'>von <span class='rDText2'>Sabine Steghaus-Kovac<\/span><\/p><p class='rDLabel2'>Verlag: <span class='rDText2'>Leserabe,  2004,  9.95 \u20ac<\/span><\/p><p class='rDLabel2'>B\u00fccherei-Barcode: <span class='rDText2'>9783788602598<\/span><\/p><p class='rDLabel2'>In der B\u00fccherei erfasst am: <span class='rDText2'>01.04.2013<\/span><\/p><p class='rDLabel2'>Stichw\u00f6rter: <span class='rDText2'>Insekten, Tiere, Bienen, Wespen, Ameisen<\/span><\/p><p class='rDLabel2'>Lesealter ca. <span class='rDText2'>10<\/span><span class='rDLabel2'> Jahre<\/span><\/p><p class='rDLabel2'>Das Buch wurde <span class='rDText2'>4<\/span><span class='rDLabel2'> mal gelesen.<\/span><\/p><\/td><\/tr><tr><td colspan='2'><p class='rDLabel1'>Inhalt:<\/p><span class='rDText2'>Die Hautfl\u00fcgler - dazu z\u00e4hlen Bienen, Wespen und Ameisen - sind eine der wichtigsten Insektenordnungen. Ihre wertvollen Dienste in Natur und Landwirtschaft sind f\u00fcr das \u00f6kologische Gleichgewicht unverzichtbar. Ohne die Best\u00e4ubungsdienste der Bl\u00fctenbesucher w\u00e4ren viele Pflanzen vom Aussterben bedroht, ohne die unterirdischen Bauten der Ameisen w\u00fcrde der Boden nicht ged\u00fcngt und durchl\u00fcftet werden. Die Wissenschaftsjournalistin Dr. Sabine Steghaus-Kovac bringt uns die Welt dieser faszinierenden Tiere n\u00e4her. Sie besucht mit uns die zahlreichen Bewohner einer Bl\u00fctenwiese und l\u00e4sst uns an dem emsigen Treiben in einem Ameisenh\u00fcgel teilhaben. Mach-mit-K\u00e4sten zeigen, wie wir uns selbst aktiv mit diesen sch\u00fctzenswerten Tieren besch\u00e4ftigen k\u00f6nnen.<\/span><\/td><\/tr><tr><td colspan='2'><a href='#' onclick='history.back(); return false'>Zur\u00fcck<\/a><\/td><\/tr><\/tbody><\/table>\n","protected":false},"excerpt":{"rendered":"","protected":false},"author":1,"featured_media":0,"parent":0,"menu_order":0,"comment_status":"closed","ping_status":"closed","template":"","meta":[],"_links":{"self":[{"href":"https:\/\/www.web-rr.de\/GHS-Buecherei\/index.php\/wp-json\/wp\/v2\/pages\/5013"}],"collection":[{"href":"https:\/\/www.web-rr.de\/GHS-Buecherei\/index.php\/wp-json\/wp\/v2\/pages"}],"about":[{"href":"https:\/\/www.web-rr.de\/GHS-Buecherei\/index.php\/wp-json\/wp\/v2\/types\/page"}],"author":[{"embeddable":true,"href":"https:\/\/www.web-rr.de\/GHS-Buecherei\/index.php\/wp-json\/wp\/v2\/users\/1"}],"replies":[{"embeddable":true,"href":"https:\/\/www.web-rr.de\/GHS-Buecherei\/index.php\/wp-json\/wp\/v2\/comments?post=5013"}],"version-history":[{"count":0,"href":"https:\/\/www.web-rr.de\/GHS-Buecherei\/index.php\/wp-json\/wp\/v2\/pages\/5013\/revisions"}],"wp:attachment":[{"href":"https:\/\/www.web-rr.de\/GHS-Buecherei\/index.php\/wp-json\/wp\/v2\/media?parent=5013"}],"curies":[{"name":"wp","href":"https:\/\/api.w.org\/{rel}","templated":true}]}}