{"id":5006,"date":"2021-02-23T20:00:00","date_gmt":"2021-02-23T20:00:00","guid":{"rendered":"https:\/\/www.web-rr.de\/GHS-Buecherei\/?page_id=5006"},"modified":"2021-02-22T23:59:59","modified_gmt":"2021-02-22T23:59:59","slug":"p9783788620417","status":"publish","type":"page","link":"https:\/\/www.web-rr.de\/GHS-Buecherei\/index.php\/p9783788620417\/","title":{"rendered":"Natur &#8211; Haustiere 21"},"content":{"rendered":"<table><tbody><tr><td class='rDTitel' colspan='2'>WAS IST WAS Band 11 Hunde. Helden auf vier Pfoten<\/td><\/tr><tr><td><span class='rDLabel1'>Status: <\/span><span class='rDText1Gruen'>vorhanden<\/span><\/td><td><span class='rDLabel1'>Antolin: <\/span><span class='rDText1Gruen'>ja, Empfehlung Klasse 5<\/span><\/td><\/tr><tr><td width=50%><img src='https:\/\/www.web-rr.de\/GHS-Buecherei\/wp-content\/uploads\/9783788620417.jpg' alt=''><\/td><td><p class='rDLabel2'>von <span class='rDText2'>Christine Paxmann<\/span><\/p><p class='rDLabel2'>Verlag: <span class='rDText2'>Tessloff Verlag Ragnar Tessloff GmbH & Co. KG,  2018,  9.95 \u20ac<\/span><\/p><p class='rDLabel2'>B\u00fccherei-Barcode: <span class='rDText2'>9783788620417<\/span><\/p><p class='rDLabel2'>In der B\u00fccherei erfasst am: <span class='rDText2'>25.09.2019<\/span><\/p><p class='rDLabel2'>Stichw\u00f6rter: <span class='rDText2'>Dackel, Jack Russell, Shih Tzu, Wollhunden, Windhunden, Wuffis<\/span><\/p><p class='rDLabel2'>Lesealter ca. <span class='rDText2'>9<\/span><span class='rDLabel2'> Jahre<\/span><\/p><p class='rDLabel2'>Das Buch wurde <span class='rDText2'>17<\/span><span class='rDLabel2'> mal gelesen.<\/span><\/p><\/td><\/tr><tr><td colspan='2'><p class='rDLabel1'>Inhalt:<\/p><span class='rDText2'>Hunde haben wirklich die Bezeichnung \"Haustier\" verdient, denn sie leben l\u00e4nger mit dem Menschen zusammen als jedes andere Tier. Wer sich einen der tierischen Begleiter w\u00fcnscht, sollte sich ein wenig auskennen mit Rassen, Besonderheiten und Vorlieben der lustigen Gesellen. Eigensinniger Dackel, furchtloser Jack Russell oder lebhafter Shih Tzu - welche der fast 400 Hunderassen eignet sich am besten? Und was erwarten Hunde von ihrem menschlichen Gef\u00e4hrten? WAS IST WAS begibt sich auf die Spur von Wollhunden, Windhunden, Wuffis und w\u00fctenden Kl\u00e4ffern, stellt Rettungshunde und ber\u00fchmte Hunde vor, versucht \"h\u00fcndisch\" zu sprechen und neue moderne Hundeberufe kennenzulernen.<\/span><\/td><\/tr><tr><td colspan='2'><a href='#' onclick='history.back(); return false'>Zur\u00fcck<\/a><\/td><\/tr><\/tbody><\/table>\n","protected":false},"excerpt":{"rendered":"","protected":false},"author":1,"featured_media":0,"parent":0,"menu_order":0,"comment_status":"closed","ping_status":"closed","template":"","meta":[],"_links":{"self":[{"href":"https:\/\/www.web-rr.de\/GHS-Buecherei\/index.php\/wp-json\/wp\/v2\/pages\/5006"}],"collection":[{"href":"https:\/\/www.web-rr.de\/GHS-Buecherei\/index.php\/wp-json\/wp\/v2\/pages"}],"about":[{"href":"https:\/\/www.web-rr.de\/GHS-Buecherei\/index.php\/wp-json\/wp\/v2\/types\/page"}],"author":[{"embeddable":true,"href":"https:\/\/www.web-rr.de\/GHS-Buecherei\/index.php\/wp-json\/wp\/v2\/users\/1"}],"replies":[{"embeddable":true,"href":"https:\/\/www.web-rr.de\/GHS-Buecherei\/index.php\/wp-json\/wp\/v2\/comments?post=5006"}],"version-history":[{"count":0,"href":"https:\/\/www.web-rr.de\/GHS-Buecherei\/index.php\/wp-json\/wp\/v2\/pages\/5006\/revisions"}],"wp:attachment":[{"href":"https:\/\/www.web-rr.de\/GHS-Buecherei\/index.php\/wp-json\/wp\/v2\/media?parent=5006"}],"curies":[{"name":"wp","href":"https:\/\/api.w.org\/{rel}","templated":true}]}}