{"id":5003,"date":"2021-02-23T20:00:00","date_gmt":"2021-02-23T20:00:00","guid":{"rendered":"https:\/\/www.web-rr.de\/GHS-Buecherei\/?page_id=5003"},"modified":"2021-02-22T23:59:59","modified_gmt":"2021-02-22T23:59:59","slug":"p9783944354477","status":"publish","type":"page","link":"https:\/\/www.web-rr.de\/GHS-Buecherei\/index.php\/p9783944354477\/","title":{"rendered":"Natur &#8211; Haustiere 18"},"content":{"rendered":"<table><tbody><tr><td class='rDTitel' colspan='2'>Robin: vom Wanderpferd zum Museumspferd<\/td><\/tr><tr><td><span class='rDLabel1'>Status: <\/span><span class='rDText1Gruen'>vorhanden<\/span><\/td><td><span class='rDLabel1'>Antolin: <\/span><span class='rDText1Rot'>Quiz nicht vorhanden.<\/span><\/td><\/tr><tr><td width=50%><img src='https:\/\/www.web-rr.de\/GHS-Buecherei\/wp-content\/uploads\/9783944354477.jpg' alt=''><\/td><td><p class='rDLabel2'>von <span class='rDText2'>Wittgenstein Verlag und Annette Steinacker-Holst<\/span><\/p><p class='rDLabel2'>Verlag: <span class='rDText2'>Wittgenstein Verlag,  2016,  34.95 \u20ac<\/span><\/p><p class='rDLabel2'>B\u00fccherei-Barcode: <span class='rDText2'>9783944354477<\/span><\/p><p class='rDLabel2'>In der B\u00fccherei erfasst am: <span class='rDText2'>06.08.2018<\/span><\/p><p class='rDLabel2'>Stichw\u00f6rter: <span class='rDText2'>Pferde, Kunst, Kinderbildern, Kinderkulturcamp<\/span><\/p><p class='rDLabel2'>Lesealter ca. <span class='rDText2'>-<\/span><span class='rDLabel2'> Jahre<\/span><\/p><p class='rDLabel2'>Das Buch wurde <span class='rDText2'>4<\/span><span class='rDLabel2'> mal gelesen.<\/span><\/p><\/td><\/tr><tr><td colspan='2'><p class='rDLabel1'>Inhalt:<\/p><span class='rDText2'>Lasst Kinder und Jugendliche ihre sch\u00f6pferischen F\u00e4higkeiten zum Ausdruck bringen, dann werden sie als Erwachsene freudiger und mutiger ihren Lebensweg gehen.Zum 5. Kinderkulturcamp entstand dieses Kinder-Kreativ-Projekt im KunstMuseum Donau-Ries.Kinder, Pferde, Natur und Kunst - geleitet von erfahrenen K\u00fcnstlern und P\u00e4dagogen - lie\u00dfen daraus ein spannendes und vielseitiges Buch entstehen, das in seiner Art einmalig ist und vielleicht bald als ein Standardwerk gesehen werden kann.Die wahre Lebensgeschichte von Robin ist ber\u00fchrend und herzergreifend geschrieben, eingeflochten in eine bunte Mischung von Pferdefotos, Kunst, Kinderbildern und den Erlebnissen aus dem Kinderkulturcamp. Harmonisch sind Sprache und Bilder aufeinander abgestimmt und abwechslungsreich zu einem Gesamten zusammengef\u00fcgt.<\/span><\/td><\/tr><tr><td colspan='2'><a href='#' onclick='history.back(); return false'>Zur\u00fcck<\/a><\/td><\/tr><\/tbody><\/table>\n","protected":false},"excerpt":{"rendered":"","protected":false},"author":1,"featured_media":0,"parent":0,"menu_order":0,"comment_status":"closed","ping_status":"closed","template":"","meta":[],"_links":{"self":[{"href":"https:\/\/www.web-rr.de\/GHS-Buecherei\/index.php\/wp-json\/wp\/v2\/pages\/5003"}],"collection":[{"href":"https:\/\/www.web-rr.de\/GHS-Buecherei\/index.php\/wp-json\/wp\/v2\/pages"}],"about":[{"href":"https:\/\/www.web-rr.de\/GHS-Buecherei\/index.php\/wp-json\/wp\/v2\/types\/page"}],"author":[{"embeddable":true,"href":"https:\/\/www.web-rr.de\/GHS-Buecherei\/index.php\/wp-json\/wp\/v2\/users\/1"}],"replies":[{"embeddable":true,"href":"https:\/\/www.web-rr.de\/GHS-Buecherei\/index.php\/wp-json\/wp\/v2\/comments?post=5003"}],"version-history":[{"count":0,"href":"https:\/\/www.web-rr.de\/GHS-Buecherei\/index.php\/wp-json\/wp\/v2\/pages\/5003\/revisions"}],"wp:attachment":[{"href":"https:\/\/www.web-rr.de\/GHS-Buecherei\/index.php\/wp-json\/wp\/v2\/media?parent=5003"}],"curies":[{"name":"wp","href":"https:\/\/api.w.org\/{rel}","templated":true}]}}