{"id":4992,"date":"2021-02-23T20:00:00","date_gmt":"2021-02-23T20:00:00","guid":{"rendered":"https:\/\/www.web-rr.de\/GHS-Buecherei\/?page_id=4992"},"modified":"2021-02-22T23:59:59","modified_gmt":"2021-02-22T23:59:59","slug":"p9783427104667","status":"publish","type":"page","link":"https:\/\/www.web-rr.de\/GHS-Buecherei\/index.php\/p9783427104667\/","title":{"rendered":"Natur &#8211; Haustiere 07"},"content":{"rendered":"<table><tbody><tr><td class='rDTitel' colspan='2'>\"Die Welt ist elefantastisch Sprachf\u00f6rderung mit dem Elefanten\" mit den Themen: Fliegen fliegen, Wasser trinken und Huhn&Ei<\/td><\/tr><tr><td><span class='rDLabel1'>Status: <\/span><span class='rDText1Gruen'>vorhanden<\/span><\/td><td><span class='rDLabel1'>Antolin: <\/span><span class='rDText1Rot'>Quiz nicht vorhanden.<\/span><\/td><\/tr><tr><td width=50%><img src='https:\/\/www.web-rr.de\/GHS-Buecherei\/wp-content\/uploads\/9783427104667.jpg' alt=''><\/td><td><p class='rDLabel2'>von <span class='rDText2'>Gila Hoppenstedt<\/span><\/p><p class='rDLabel2'>Verlag: <span class='rDText2'>Bildungsverlag Eins,  2009,  14.90 \u20ac<\/span><\/p><p class='rDLabel2'>B\u00fccherei-Barcode: <span class='rDText2'>9783427104667<\/span><\/p><p class='rDLabel2'>In der B\u00fccherei erfasst am: <span class='rDText2'>01.04.2014<\/span><\/p><p class='rDLabel2'>Stichw\u00f6rter: <span class='rDText2'>Huhn, Bildergeschichten<\/span><\/p><p class='rDLabel2'>Lesealter ca. <span class='rDText2'>-<\/span><span class='rDLabel2'> Jahre<\/span><\/p><p class='rDLabel2'>Das Buch wurde <span class='rDText2'>1<\/span><span class='rDLabel2'> mal gelesen.<\/span><\/p><\/td><\/tr><tr><td colspan='2'><p class='rDLabel1'>Inhalt:<\/p><span class='rDText2'>Das Bilderbuch geh\u00f6rt zum Sprachf\u00f6rderprogramm Die Welt ist elefantastisch - Sprachf\u00f6rderung mit dem Elefanten. Das Programm steht im Kontext zur Sendung mit dem Elefanten und f\u00f6rdert den nat\u00fcrlichen Spracherwerb der Kinder. Mit spannenden Inhalten und aktivit\u00e4tsf\u00f6rdernden Lernumgebungen k\u00f6nnen Erzieher\/-innen Situationen inszenieren, produktive Gespr\u00e4chsimpulse setzen und Zusammenh\u00e4nge herstellen. Alle Medien nehmen die Emotionalit\u00e4t und die Lebensfreude der Welt des Elefanten auf. Das Programm ist leicht in den Alltag zu integrieren und ben\u00f6tigt keine lange Vorbereitungszeit. Die Themenbereiche orientieren sich an den Bildungspl\u00e4nen der Bundesl\u00e4nder. Die Inhalte jeder thematischen Einheit stehen in einem Sinnzusammenhang. Jedes Paket besch\u00e4ftigt sich mit einem Themenfeld zu dem drei Unterthemen geh\u00f6ren und besteht aus drei Handreichungen, drei Bilderb\u00fccher, einer DVD und einem H\u00f6rbuch Die unterschiedlichen Medien erm\u00f6glichen eine vertiefende Sprachf\u00f6rderung, die alle Sinne mit einbezieht. Die Medien bauen inhaltlich und didaktisch auf einander auf, k\u00f6nnen aber auch einzeln eingesetzt werden. Das Bilderbuch mit seinen dokumentarischen Fotos, anregenden Illustrationen und spannenden Bildergeschichten l\u00e4dt zum Betrachten, Verweilen und Beschreiben ein. Durch die Verbindung mit den anderen Medien entsteht eine besondere Intensit\u00e4t. Ziel der Reihe Die Welt ist elefantastisch-Sprachf\u00f6rderung mit dem Elefanten ist die integrierte F\u00f6rderung von Bildungs- -inhalten und Sprache. Erzieherinnen und Eltern sollen mit effektiven und nachhaltigen Interaktionskonzepten und authentische Materialien den selbstt\u00e4tigen Bildungs- und Sprachenerwerbsprozess der Kinder erfolgreich gestalten und begleiten k\u00f6nnen.<\/span><\/td><\/tr><tr><td colspan='2'><a href='#' onclick='history.back(); return false'>Zur\u00fcck<\/a><\/td><\/tr><\/tbody><\/table>\n","protected":false},"excerpt":{"rendered":"","protected":false},"author":1,"featured_media":0,"parent":0,"menu_order":0,"comment_status":"closed","ping_status":"closed","template":"","meta":[],"_links":{"self":[{"href":"https:\/\/www.web-rr.de\/GHS-Buecherei\/index.php\/wp-json\/wp\/v2\/pages\/4992"}],"collection":[{"href":"https:\/\/www.web-rr.de\/GHS-Buecherei\/index.php\/wp-json\/wp\/v2\/pages"}],"about":[{"href":"https:\/\/www.web-rr.de\/GHS-Buecherei\/index.php\/wp-json\/wp\/v2\/types\/page"}],"author":[{"embeddable":true,"href":"https:\/\/www.web-rr.de\/GHS-Buecherei\/index.php\/wp-json\/wp\/v2\/users\/1"}],"replies":[{"embeddable":true,"href":"https:\/\/www.web-rr.de\/GHS-Buecherei\/index.php\/wp-json\/wp\/v2\/comments?post=4992"}],"version-history":[{"count":0,"href":"https:\/\/www.web-rr.de\/GHS-Buecherei\/index.php\/wp-json\/wp\/v2\/pages\/4992\/revisions"}],"wp:attachment":[{"href":"https:\/\/www.web-rr.de\/GHS-Buecherei\/index.php\/wp-json\/wp\/v2\/media?parent=4992"}],"curies":[{"name":"wp","href":"https:\/\/api.w.org\/{rel}","templated":true}]}}