{"id":4987,"date":"2021-02-23T20:00:00","date_gmt":"2021-02-23T20:00:00","guid":{"rendered":"https:\/\/www.web-rr.de\/GHS-Buecherei\/?page_id=4987"},"modified":"2021-02-22T23:59:59","modified_gmt":"2021-02-22T23:59:59","slug":"p9783788602512","status":"publish","type":"page","link":"https:\/\/www.web-rr.de\/GHS-Buecherei\/index.php\/p9783788602512\/","title":{"rendered":"Natur &#8211; Haustiere 02"},"content":{"rendered":"<table><tbody><tr><td class='rDTitel' colspan='2'>Hunde - Aus der Serie: Was ist was?<\/td><\/tr><tr><td><span class='rDLabel1'>Status: <\/span><span class='rDText1Gruen'>vorhanden<\/span><\/td><td><span class='rDLabel1'>Antolin: <\/span><span class='rDText1Gruen'>ja, Empfehlung Klasse 6<\/span><\/td><\/tr><tr><td width=50%><img src='https:\/\/www.web-rr.de\/GHS-Buecherei\/wp-content\/uploads\/9783788602512.jpg' alt=''><\/td><td><p class='rDLabel2'>von <span class='rDText2'>Irving Robbin<\/span><\/p><p class='rDLabel2'>Verlag: <span class='rDText2'>Neuer Tessloff Verlag,  1973,  9.95 \u20ac<\/span><\/p><p class='rDLabel2'>B\u00fccherei-Barcode: <span class='rDText2'>9783788602512<\/span><\/p><p class='rDLabel2'>In der B\u00fccherei erfasst am: <span class='rDText2'>01.04.2013<\/span><\/p><p class='rDLabel2'>Stichw\u00f6rter: <span class='rDText2'>Haustiere, Hunde<\/span><\/p><p class='rDLabel2'>Lesealter ca. <span class='rDText2'>10<\/span><span class='rDLabel2'> Jahre<\/span><\/p><p class='rDLabel2'>Das Buch wurde <span class='rDText2'>46<\/span><span class='rDLabel2'> mal gelesen.<\/span><\/p><\/td><\/tr><tr><td colspan='2'><p class='rDLabel1'>Inhalt:<\/p><span class='rDText2'>Ob als Blindenf\u00fchrhunde, Helfer im Polizei- und Rettungseinsatz, Jagd- und H\u00fctehunde oder Spielkameraden im Kreis einer Familie - Hunde sind mit uns Menschen eine enge Partnerschaft eingegangen. Sie unterscheiden sich sehr in Gr\u00f6\u00dfe, Form und Temperament - doch die Zuneigung zu \"ihren Menschen\" ist einzigartig und verbindet alle Haushunde.Tierarzt Dr. Peter Teichmann stellt viele der wichtigsten Rassen vor, von kleinen Scho\u00dfhunden \u00fcber schnelle Windhunde und vielseitig einsetzbare Sch\u00e4ferhunde bis hin zu den m\u00e4chtigen Doggen. Spannend erz\u00e4hlt er aus der Geschichte der Vierbeiner und macht junge Leser mit den Charaktereigenschaften der einzelnen Rassen bekannt. Der Autor berichtet \u00fcber die wilden Vorfahren, erkl\u00e4rt die K\u00f6rpersprache des Hundes und gibt Tipps, wie man den treuen Gef\u00e4hrten pflegt und sein lebenslanges Vertrauen gewinnen kann.<\/span><\/td><\/tr><tr><td colspan='2'><a href='#' onclick='history.back(); return false'>Zur\u00fcck<\/a><\/td><\/tr><\/tbody><\/table>\n","protected":false},"excerpt":{"rendered":"","protected":false},"author":1,"featured_media":0,"parent":0,"menu_order":0,"comment_status":"closed","ping_status":"closed","template":"","meta":[],"_links":{"self":[{"href":"https:\/\/www.web-rr.de\/GHS-Buecherei\/index.php\/wp-json\/wp\/v2\/pages\/4987"}],"collection":[{"href":"https:\/\/www.web-rr.de\/GHS-Buecherei\/index.php\/wp-json\/wp\/v2\/pages"}],"about":[{"href":"https:\/\/www.web-rr.de\/GHS-Buecherei\/index.php\/wp-json\/wp\/v2\/types\/page"}],"author":[{"embeddable":true,"href":"https:\/\/www.web-rr.de\/GHS-Buecherei\/index.php\/wp-json\/wp\/v2\/users\/1"}],"replies":[{"embeddable":true,"href":"https:\/\/www.web-rr.de\/GHS-Buecherei\/index.php\/wp-json\/wp\/v2\/comments?post=4987"}],"version-history":[{"count":0,"href":"https:\/\/www.web-rr.de\/GHS-Buecherei\/index.php\/wp-json\/wp\/v2\/pages\/4987\/revisions"}],"wp:attachment":[{"href":"https:\/\/www.web-rr.de\/GHS-Buecherei\/index.php\/wp-json\/wp\/v2\/media?parent=4987"}],"curies":[{"name":"wp","href":"https:\/\/api.w.org\/{rel}","templated":true}]}}