{"id":4985,"date":"2021-02-23T20:00:00","date_gmt":"2021-02-23T20:00:00","guid":{"rendered":"https:\/\/www.web-rr.de\/GHS-Buecherei\/?page_id=4985"},"modified":"2021-02-22T23:59:59","modified_gmt":"2021-02-22T23:59:59","slug":"p9783831034819","status":"publish","type":"page","link":"https:\/\/www.web-rr.de\/GHS-Buecherei\/index.php\/p9783831034819\/","title":{"rendered":"Natur &#8211; Fische 12"},"content":{"rendered":"<table><tbody><tr><td class='rDTitel' colspan='2'>Ich wei\u00df was! Tiere im Meer - Selber machen - ausprobieren<\/td><\/tr><tr><td><span class='rDLabel1'>Status: <\/span><span class='rDText1Gruen'>vorhanden<\/span><\/td><td><span class='rDLabel1'>Antolin: <\/span><span class='rDText1Rot'>Quiz nicht vorhanden.<\/span><\/td><\/tr><tr><td width=50%><img src='https:\/\/www.web-rr.de\/GHS-Buecherei\/wp-content\/uploads\/9783831034819.jpg' alt=''><\/td><td><p class='rDLabel2'>von <span class='rDText2'><\/span><\/p><p class='rDLabel2'>Verlag: <span class='rDText2'>Dorling Kindersley,  2018,  9.20 \u20ac<\/span><\/p><p class='rDLabel2'>B\u00fccherei-Barcode: <span class='rDText2'>9783831034819<\/span><\/p><p class='rDLabel2'>In der B\u00fccherei erfasst am: <span class='rDText2'>25.08.2020<\/span><\/p><p class='rDLabel2'>Stichw\u00f6rter: <span class='rDText2'>Lernen, Seesterne, Kraken, Fische<\/span><\/p><p class='rDLabel2'>Lesealter ca. <span class='rDText2'>6<\/span><span class='rDLabel2'> Jahre<\/span><\/p><p class='rDLabel2'>Das Buch wurde <span class='rDText2'>0<\/span><span class='rDLabel2'> mal gelesen.<\/span><\/p><\/td><\/tr><tr><td colspan='2'><p class='rDLabel1'>Inhalt:<\/p><span class='rDText2'>Alles fertig machen zum Abtauchen! Dieses farbenfroh gestaltete Sach- und Mitmachbuch mit dem einmaligen Lernkonzept aus der Kindersachbuchreihe \"Ich wei\u00df was\" nimmt kleine Abenteurer mit zu den Tieren im Meer. Der einzigartige Mix aus Sachwissen und kreativen Projekten zum Nachmachen l\u00e4dt Kinder dazu ein, ihre Umwelt zu erforschen. Ihnen wird auf bunt illustrierten Wissensseiten Spannendes \u00fcber hungrige Haie und clevere Kraken erkl\u00e4rt. Anschlie\u00dfend d\u00fcrfen sie mit Basteleien oder Experimenten selbst ausprobieren, wie die Unterwasserwelt funktioniert. Das Sach- und Mitmachbuch ist perfekt f\u00fcr Kindergartenkinder geeignet. Es erm\u00f6glicht Eltern und Erziehern, Sachverhalte gemeinsam mit dem Kind zu betrachten und sich intensiv mit allererstem Wissen zu besch\u00e4ftigen. Welche Fische leben zum Beispiel am Riff? Wie bewegen sich Seesterne fort? Und warum sind Kugelfische eigentlich giftig? Einfallsreiche Ideen zum Mitmachen lassen Kinder Quallen aus Papptellern basteln, aus Plastikgabeln einen Kugelfisch oder aus einer Eierschachtel eine Schatztruhe kreieren. So erweitern Kinder ganz spielerisch ihr Wissen.<\/span><\/td><\/tr><tr><td colspan='2'><a href='#' onclick='history.back(); return false'>Zur\u00fcck<\/a><\/td><\/tr><\/tbody><\/table>\n","protected":false},"excerpt":{"rendered":"","protected":false},"author":1,"featured_media":0,"parent":0,"menu_order":0,"comment_status":"closed","ping_status":"closed","template":"","meta":[],"_links":{"self":[{"href":"https:\/\/www.web-rr.de\/GHS-Buecherei\/index.php\/wp-json\/wp\/v2\/pages\/4985"}],"collection":[{"href":"https:\/\/www.web-rr.de\/GHS-Buecherei\/index.php\/wp-json\/wp\/v2\/pages"}],"about":[{"href":"https:\/\/www.web-rr.de\/GHS-Buecherei\/index.php\/wp-json\/wp\/v2\/types\/page"}],"author":[{"embeddable":true,"href":"https:\/\/www.web-rr.de\/GHS-Buecherei\/index.php\/wp-json\/wp\/v2\/users\/1"}],"replies":[{"embeddable":true,"href":"https:\/\/www.web-rr.de\/GHS-Buecherei\/index.php\/wp-json\/wp\/v2\/comments?post=4985"}],"version-history":[{"count":0,"href":"https:\/\/www.web-rr.de\/GHS-Buecherei\/index.php\/wp-json\/wp\/v2\/pages\/4985\/revisions"}],"wp:attachment":[{"href":"https:\/\/www.web-rr.de\/GHS-Buecherei\/index.php\/wp-json\/wp\/v2\/media?parent=4985"}],"curies":[{"name":"wp","href":"https:\/\/api.w.org\/{rel}","templated":true}]}}