{"id":4984,"date":"2021-02-23T20:00:00","date_gmt":"2021-02-23T20:00:00","guid":{"rendered":"https:\/\/www.web-rr.de\/GHS-Buecherei\/?page_id=4984"},"modified":"2021-02-22T23:59:59","modified_gmt":"2021-02-22T23:59:59","slug":"p9783788620981","status":"publish","type":"page","link":"https:\/\/www.web-rr.de\/GHS-Buecherei\/index.php\/p9783788620981\/","title":{"rendered":"Natur &#8211; Fische 11"},"content":{"rendered":"<table><tbody><tr><td class='rDTitel' colspan='2'>WAS IST WAS Band 139 Tauchen. Faszination unter Wasser<\/td><\/tr><tr><td><span class='rDLabel1'>Status: <\/span><span class='rDText1Gruen'>vorhanden<\/span><\/td><td><span class='rDLabel1'>Antolin: <\/span><span class='rDText1Gruen'>ja, Empfehlung Klasse 5<\/span><\/td><\/tr><tr><td width=50%><img src='https:\/\/www.web-rr.de\/GHS-Buecherei\/wp-content\/uploads\/9783788620981.jpg' alt=''><\/td><td><p class='rDLabel2'>von <span class='rDText2'>Uli Kunz und Florian Huber<\/span><\/p><p class='rDLabel2'>Verlag: <span class='rDText2'>Tessloff Verlag Ragnar Tessloff GmbH & Co. KG,  2016,  9.95 \u20ac<\/span><\/p><p class='rDLabel2'>B\u00fccherei-Barcode: <span class='rDText2'>9783788620981<\/span><\/p><p class='rDLabel2'>In der B\u00fccherei erfasst am: <span class='rDText2'>25.09.2019<\/span><\/p><p class='rDLabel2'>Stichw\u00f6rter: <span class='rDText2'>Fl\u00fcsse, Fluss, See, Meer, Algen, Fische, Wale, Krebse, Schnecken, Korallenriff, Taucheranzug, Gas, Wracks<\/span><\/p><p class='rDLabel2'>Lesealter ca. <span class='rDText2'>9<\/span><span class='rDLabel2'> Jahre<\/span><\/p><p class='rDLabel2'>Das Buch wurde <span class='rDText2'>4<\/span><span class='rDLabel2'> mal gelesen.<\/span><\/p><\/td><\/tr><tr><td colspan='2'><p class='rDLabel1'>Inhalt:<\/p><span class='rDText2'>Unter der Wasseroberfl\u00e4che von Fl\u00fcssen, Seen und Meeren warten sagenhafte Geheimnisse auf ihre Entdeckung: wogende Algenw\u00e4lder, bodenloses Blau, riesige Fische und Wale, aber auch winzige Krebse und farbenpr\u00e4chtige Schnecken. Seit Jahrhunderten tauchen Menschen hinab in diese faszinierende Welt, um dort nach Nahrung zu suchen, untergegangene Schiffe zu finden, wissenschaftliche Experimente durchzuf\u00fchren oder im Urlaub ein Korallenriff zu erkunden. Mit Tauchflaschen, Mischgasen, Trockentauchanz\u00fcgen, Unterwasser-Scootern, Kreislauftauchger\u00e4ten und Tauchbooten dringt der Mensch immer tiefer in ein unbekanntes Reich vor. Aber auch tauchende Tiere haben sich im Laufe der Evolution hervorragend an das Leben unter Wasser angepasst. Seeelefanten, Pottwale, Pinguine und Wasserk\u00e4fer vollbringen fantastische Meisterleistungen bei ihren Beutez\u00fcgen.Welche Ausbildung m\u00fcssen Taucher haben? Wie arbeiten Forschungstaucher unter Wasser? Werden wir in der Zukunft einmal auf treibenden H\u00e4usern im Meer leben und von dort aus die Unterwasserwelt erkunden? Das Abenteuer wartet in der Tiefe.<\/span><\/td><\/tr><tr><td colspan='2'><a href='#' onclick='history.back(); return false'>Zur\u00fcck<\/a><\/td><\/tr><\/tbody><\/table>\n","protected":false},"excerpt":{"rendered":"","protected":false},"author":1,"featured_media":0,"parent":0,"menu_order":0,"comment_status":"closed","ping_status":"closed","template":"","meta":[],"_links":{"self":[{"href":"https:\/\/www.web-rr.de\/GHS-Buecherei\/index.php\/wp-json\/wp\/v2\/pages\/4984"}],"collection":[{"href":"https:\/\/www.web-rr.de\/GHS-Buecherei\/index.php\/wp-json\/wp\/v2\/pages"}],"about":[{"href":"https:\/\/www.web-rr.de\/GHS-Buecherei\/index.php\/wp-json\/wp\/v2\/types\/page"}],"author":[{"embeddable":true,"href":"https:\/\/www.web-rr.de\/GHS-Buecherei\/index.php\/wp-json\/wp\/v2\/users\/1"}],"replies":[{"embeddable":true,"href":"https:\/\/www.web-rr.de\/GHS-Buecherei\/index.php\/wp-json\/wp\/v2\/comments?post=4984"}],"version-history":[{"count":0,"href":"https:\/\/www.web-rr.de\/GHS-Buecherei\/index.php\/wp-json\/wp\/v2\/pages\/4984\/revisions"}],"wp:attachment":[{"href":"https:\/\/www.web-rr.de\/GHS-Buecherei\/index.php\/wp-json\/wp\/v2\/media?parent=4984"}],"curies":[{"name":"wp","href":"https:\/\/api.w.org\/{rel}","templated":true}]}}