{"id":4981,"date":"2021-02-23T20:00:00","date_gmt":"2021-02-23T20:00:00","guid":{"rendered":"https:\/\/www.web-rr.de\/GHS-Buecherei\/?page_id=4981"},"modified":"2021-02-22T23:59:59","modified_gmt":"2021-02-22T23:59:59","slug":"p9783788620769","status":"publish","type":"page","link":"https:\/\/www.web-rr.de\/GHS-Buecherei\/index.php\/p9783788620769\/","title":{"rendered":"Natur &#8211; Fische 08"},"content":{"rendered":"<table><tbody><tr><td class='rDTitel' colspan='2'>WAS IST WAS Band 41 Fische. Wunderwelt im Wasser<\/td><\/tr><tr><td><span class='rDLabel1'>Status: <\/span><span class='rDText1Gruen'>vorhanden<\/span><\/td><td><span class='rDLabel1'>Antolin: <\/span><span class='rDText1Gruen'>ja, Empfehlung Klasse 5<\/span><\/td><\/tr><tr><td width=50%><img src='https:\/\/www.web-rr.de\/GHS-Buecherei\/wp-content\/uploads\/9783788620769.jpg' alt=''><\/td><td><p class='rDLabel2'>von <span class='rDText2'>Nicolai Schirawski<\/span><\/p><p class='rDLabel2'>Verlag: <span class='rDText2'>Tessloff Verlag Ragnar Tessloff GmbH & Co. KG,  2017,  9.95 \u20ac<\/span><\/p><p class='rDLabel2'>B\u00fccherei-Barcode: <span class='rDText2'>9783788620769<\/span><\/p><p class='rDLabel2'>In der B\u00fccherei erfasst am: <span class='rDText2'>25.09.2019<\/span><\/p><p class='rDLabel2'>Stichw\u00f6rter: <span class='rDText2'>Meer, See, Fl\u00fcsse, Tiefsee, Polarmeer, Lebensraum<\/span><\/p><p class='rDLabel2'>Lesealter ca. <span class='rDText2'>9<\/span><span class='rDLabel2'> Jahre<\/span><\/p><p class='rDLabel2'>Das Buch wurde <span class='rDText2'>0<\/span><span class='rDLabel2'> mal gelesen.<\/span><\/p><\/td><\/tr><tr><td colspan='2'><p class='rDLabel1'>Inhalt:<\/p><span class='rDText2'>Fische leben \u00fcberall, wo es Wasser gibt: in den Meeren, Fl\u00fcssen und Seen, in der Tiefsee und in den Polarmeeren. Die gr\u00f6\u00dften werden fast so gro\u00df wie ein Schulbus, die kleinsten bleiben kleiner als ein Fingernagel. Manche lauern in H\u00f6hlen auf Beute, andere reisen per Wal-Taxi durch die Weltmeere und manche k\u00f6nnen sogar fliegen.Die F\u00e4higkeiten der Fische sind \u00e4u\u00dferst unterschiedlich und stets perfekt ihrem speziellen Lebensraum angepasst. So kommt es, dass manche blind sind, w\u00e4hrend andere in der Finsternis der Tiefsee noch sehen k\u00f6nnen. Manche sind gef\u00e4hrliche R\u00e4uber, die auch den Menschen bedrohen k\u00f6nnen, andere wieder sind so harmlos, dass sie sich als St\u00fcck Alge tarnen m\u00fcssen, um nicht gefressen zu werden.WAS IST WAS auf Expedition: Wie schlafen Fische? Trinken sie Wasser? Bekommen sie gelegentlich einen Sonnenbrand?<\/span><\/td><\/tr><tr><td colspan='2'><a href='#' onclick='history.back(); return false'>Zur\u00fcck<\/a><\/td><\/tr><\/tbody><\/table>\n","protected":false},"excerpt":{"rendered":"","protected":false},"author":1,"featured_media":0,"parent":0,"menu_order":0,"comment_status":"closed","ping_status":"closed","template":"","meta":[],"_links":{"self":[{"href":"https:\/\/www.web-rr.de\/GHS-Buecherei\/index.php\/wp-json\/wp\/v2\/pages\/4981"}],"collection":[{"href":"https:\/\/www.web-rr.de\/GHS-Buecherei\/index.php\/wp-json\/wp\/v2\/pages"}],"about":[{"href":"https:\/\/www.web-rr.de\/GHS-Buecherei\/index.php\/wp-json\/wp\/v2\/types\/page"}],"author":[{"embeddable":true,"href":"https:\/\/www.web-rr.de\/GHS-Buecherei\/index.php\/wp-json\/wp\/v2\/users\/1"}],"replies":[{"embeddable":true,"href":"https:\/\/www.web-rr.de\/GHS-Buecherei\/index.php\/wp-json\/wp\/v2\/comments?post=4981"}],"version-history":[{"count":0,"href":"https:\/\/www.web-rr.de\/GHS-Buecherei\/index.php\/wp-json\/wp\/v2\/pages\/4981\/revisions"}],"wp:attachment":[{"href":"https:\/\/www.web-rr.de\/GHS-Buecherei\/index.php\/wp-json\/wp\/v2\/media?parent=4981"}],"curies":[{"name":"wp","href":"https:\/\/api.w.org\/{rel}","templated":true}]}}