{"id":4963,"date":"2021-02-23T20:00:00","date_gmt":"2021-02-23T20:00:00","guid":{"rendered":"https:\/\/www.web-rr.de\/GHS-Buecherei\/?page_id=4963"},"modified":"2021-02-22T23:59:59","modified_gmt":"2021-02-22T23:59:59","slug":"p9783943833263","status":"publish","type":"page","link":"https:\/\/www.web-rr.de\/GHS-Buecherei\/index.php\/p9783943833263\/","title":{"rendered":"Musik 38"},"content":{"rendered":"<table><tbody><tr><td class='rDTitel' colspan='2'>Piano, kleiner Piet - Entdecke mit Piet die Welt der Musik<\/td><\/tr><tr><td><span class='rDLabel1'>Status: <\/span><span class='rDText1Gruen'>vorhanden<\/span><\/td><td><span class='rDLabel1'>Antolin: <\/span><span class='rDText1Gruen'>ja, Empfehlung Klasse 3<\/span><\/td><\/tr><tr><td width=50%><img src='https:\/\/www.web-rr.de\/GHS-Buecherei\/wp-content\/uploads\/9783943833263.jpg' alt=''><\/td><td><p class='rDLabel2'>von <span class='rDText2'>Gloria Jasionowski<\/span><\/p><p class='rDLabel2'>Verlag: <span class='rDText2'>Edition Pastorenplatz,  2018,  16.00 \u20ac<\/span><\/p><p class='rDLabel2'>B\u00fccherei-Barcode: <span class='rDText2'>9783943833263<\/span><\/p><p class='rDLabel2'>In der B\u00fccherei erfasst am: <span class='rDText2'>25.08.2020<\/span><\/p><p class='rDLabel2'>Stichw\u00f6rter: <span class='rDText2'>Tasteninstrumente, Fl\u00fcgel, Klavier<\/span><\/p><p class='rDLabel2'>Lesealter ca. <span class='rDText2'>7<\/span><span class='rDLabel2'> Jahre<\/span><\/p><p class='rDLabel2'>Das Buch wurde <span class='rDText2'>1<\/span><span class='rDLabel2'> mal gelesen.<\/span><\/p><\/td><\/tr><tr><td colspan='2'><p class='rDLabel1'>Inhalt:<\/p><span class='rDText2'>Piet kann nicht schlafen. Da kommt ihm das spannende Instrument im Wohnzimmer gerade recht. Doch als er darauf herumtobt, erwacht es pl\u00f6tzlich zum Leben! Frederik, der Fl\u00fcgel, entf\u00fchrt Piet spielerisch in seine Welt der Musik und Tasteninstrumente. Piet lernt, Dinge zu h\u00f6ren, die einem sonst entgehen, wie Frederiks Freunde hei\u00dfen und wie unterschiedlich sich Musik anh\u00f6ren und anf\u00fchlen kann. Und ganz nebenbei f\u00e4ngt er an, seine ersten T\u00f6ne auf dem Fl\u00fcgel zu spielen und das Instrument zu entdecken. \"Piano, kleiner Piet\" nimmt Kinder ab 5 Jahren mit auf eine aufregende musikalische Reise und l\u00e4sst sie gemeinsam die Musik von Johannes Brahms und anderen Komponisten entdecken. Lebendige, fantasievolle Illustrationen animieren die kleinen Entdecker, selbst das Musikmachen auszuprobieren. Eine zauberhafte Gutenachtgeschichte.<\/span><\/td><\/tr><tr><td colspan='2'><a href='#' onclick='history.back(); return false'>Zur\u00fcck<\/a><\/td><\/tr><\/tbody><\/table>\n","protected":false},"excerpt":{"rendered":"","protected":false},"author":1,"featured_media":0,"parent":0,"menu_order":0,"comment_status":"closed","ping_status":"closed","template":"","meta":[],"_links":{"self":[{"href":"https:\/\/www.web-rr.de\/GHS-Buecherei\/index.php\/wp-json\/wp\/v2\/pages\/4963"}],"collection":[{"href":"https:\/\/www.web-rr.de\/GHS-Buecherei\/index.php\/wp-json\/wp\/v2\/pages"}],"about":[{"href":"https:\/\/www.web-rr.de\/GHS-Buecherei\/index.php\/wp-json\/wp\/v2\/types\/page"}],"author":[{"embeddable":true,"href":"https:\/\/www.web-rr.de\/GHS-Buecherei\/index.php\/wp-json\/wp\/v2\/users\/1"}],"replies":[{"embeddable":true,"href":"https:\/\/www.web-rr.de\/GHS-Buecherei\/index.php\/wp-json\/wp\/v2\/comments?post=4963"}],"version-history":[{"count":0,"href":"https:\/\/www.web-rr.de\/GHS-Buecherei\/index.php\/wp-json\/wp\/v2\/pages\/4963\/revisions"}],"wp:attachment":[{"href":"https:\/\/www.web-rr.de\/GHS-Buecherei\/index.php\/wp-json\/wp\/v2\/media?parent=4963"}],"curies":[{"name":"wp","href":"https:\/\/api.w.org\/{rel}","templated":true}]}}