{"id":4958,"date":"2021-02-23T20:00:00","date_gmt":"2021-02-23T20:00:00","guid":{"rendered":"https:\/\/www.web-rr.de\/GHS-Buecherei\/?page_id=4958"},"modified":"2021-02-22T23:59:59","modified_gmt":"2021-02-22T23:59:59","slug":"p9783423640190","status":"publish","type":"page","link":"https:\/\/www.web-rr.de\/GHS-Buecherei\/index.php\/p9783423640190\/","title":{"rendered":"Musik 33"},"content":{"rendered":"<table><tbody><tr><td class='rDTitel' colspan='2'>Man sieht auch mit den Ohren gut: Eine kleine Reise in die Musik<\/td><\/tr><tr><td><span class='rDLabel1'>Status: <\/span><span class='rDText1Gruen'>vorhanden<\/span><\/td><td><span class='rDLabel1'>Antolin: <\/span><span class='rDText1Rot'>Quiz nicht vorhanden.<\/span><\/td><\/tr><tr><td width=50%><img src='https:\/\/www.web-rr.de\/GHS-Buecherei\/wp-content\/uploads\/9783423640190.jpg' alt=''><\/td><td><p class='rDLabel2'>von <span class='rDText2'>Kerstin Unseld (Autor), Leonard Erlbruch (Illustrator)<\/span><\/p><p class='rDLabel2'>Verlag: <span class='rDText2'>dtv Verlagsgesellschaft,  2016,  12.95 \u20ac<\/span><\/p><p class='rDLabel2'>B\u00fccherei-Barcode: <span class='rDText2'>9783423640190<\/span><\/p><p class='rDLabel2'>In der B\u00fccherei erfasst am: <span class='rDText2'>04.08.2018<\/span><\/p><p class='rDLabel2'>Stichw\u00f6rter: <span class='rDText2'>klassische Musik, Instrumente, Pariser Oper<\/span><\/p><p class='rDLabel2'>Lesealter ca. <span class='rDText2'>-<\/span><span class='rDLabel2'> Jahre<\/span><\/p><p class='rDLabel2'>Das Buch wurde <span class='rDText2'>0<\/span><span class='rDLabel2'> mal gelesen.<\/span><\/p><\/td><\/tr><tr><td colspan='2'><p class='rDLabel1'>Inhalt:<\/p><span class='rDText2'>Mathis und Muks sind Freunde, die alles gemeinsam machen. Nur eines trennt sie: Mathis liebt klassische Musik, w\u00e4hrend Muks lieber \u00fcber eine Wiese tobt. Da kommt es Mathis gerade recht, dass ihnen auf geheimnisvolle Weise die Aufgabe gestellt wird, die K\u00f6nigin der Instrumente zu suchen. Wenig begeistert macht Muks mit, kann er doch seinen blinden Freund nicht allein durch die Zeit reisen lassen. Und so landen die beiden unter anderem im Mittelalter bei Hildegard von Bingen, lernen den Ritter von Gluck in der Pariser Oper kennen, trinken Tee mit den Sch\u00f6nbergs in Wien und fachsimpeln mit einem Musiker aus Louis Armstrongs Band in New Orleans. Ob das die beiden des R\u00e4tsels L\u00f6sung n\u00e4her bringt? Auf jeden Fall hat Muks jetzt mehr Lust auf Musik. Und Mathis hat ja schon immer gewusst, dass man mit den Ohren auch gut sehen kann.Mit einem umfangreichen Anhang und vielen H\u00f6rtipps.<\/span><\/td><\/tr><tr><td colspan='2'><a href='#' onclick='history.back(); return false'>Zur\u00fcck<\/a><\/td><\/tr><\/tbody><\/table>\n","protected":false},"excerpt":{"rendered":"","protected":false},"author":1,"featured_media":0,"parent":0,"menu_order":0,"comment_status":"closed","ping_status":"closed","template":"","meta":[],"_links":{"self":[{"href":"https:\/\/www.web-rr.de\/GHS-Buecherei\/index.php\/wp-json\/wp\/v2\/pages\/4958"}],"collection":[{"href":"https:\/\/www.web-rr.de\/GHS-Buecherei\/index.php\/wp-json\/wp\/v2\/pages"}],"about":[{"href":"https:\/\/www.web-rr.de\/GHS-Buecherei\/index.php\/wp-json\/wp\/v2\/types\/page"}],"author":[{"embeddable":true,"href":"https:\/\/www.web-rr.de\/GHS-Buecherei\/index.php\/wp-json\/wp\/v2\/users\/1"}],"replies":[{"embeddable":true,"href":"https:\/\/www.web-rr.de\/GHS-Buecherei\/index.php\/wp-json\/wp\/v2\/comments?post=4958"}],"version-history":[{"count":0,"href":"https:\/\/www.web-rr.de\/GHS-Buecherei\/index.php\/wp-json\/wp\/v2\/pages\/4958\/revisions"}],"wp:attachment":[{"href":"https:\/\/www.web-rr.de\/GHS-Buecherei\/index.php\/wp-json\/wp\/v2\/media?parent=4958"}],"curies":[{"name":"wp","href":"https:\/\/api.w.org\/{rel}","templated":true}]}}