{"id":4946,"date":"2021-02-23T20:00:00","date_gmt":"2021-02-23T20:00:00","guid":{"rendered":"https:\/\/www.web-rr.de\/GHS-Buecherei\/?page_id=4946"},"modified":"2021-02-22T23:59:59","modified_gmt":"2021-02-22T23:59:59","slug":"p9783795706463","status":"publish","type":"page","link":"https:\/\/www.web-rr.de\/GHS-Buecherei\/index.php\/p9783795706463\/","title":{"rendered":"Musik 21"},"content":{"rendered":"<table><tbody><tr><td class='rDTitel' colspan='2'>Der Elefantenpups: Ein tierischer Geheimplan. Ausgabe mit CD.<\/td><\/tr><tr><td><span class='rDLabel1'>Status: <\/span><span class='rDText1Gruen'>vorhanden<\/span><\/td><td><span class='rDLabel1'>Antolin: <\/span><span class='rDText1Gruen'>ja, Empfehlung Klasse 3<\/span><\/td><\/tr><tr><td width=50%><img src='https:\/\/www.web-rr.de\/GHS-Buecherei\/wp-content\/uploads\/9783795706463.jpg' alt=''><\/td><td><p class='rDLabel2'>von <span class='rDText2'>Heidi Leenen<\/span><\/p><p class='rDLabel2'>Verlag: <span class='rDText2'>Schott Music GmbH,  2010,  19.95 \u20ac<\/span><\/p><p class='rDLabel2'>B\u00fccherei-Barcode: <span class='rDText2'>9783795706463<\/span><\/p><p class='rDLabel2'>In der B\u00fccherei erfasst am: <span class='rDText2'>01.04.2014<\/span><\/p><p class='rDLabel2'>Stichw\u00f6rter: <span class='rDText2'>Tiere, fantasievolle Geschichte, Eulenschubbiduh, Schnatterenten-Marsch, L\u00f6wen-Jazz<\/span><\/p><p class='rDLabel2'>Lesealter ca. <span class='rDText2'>7<\/span><span class='rDLabel2'> Jahre<\/span><\/p><p class='rDLabel2'>Das Buch wurde <span class='rDText2'>2<\/span><span class='rDLabel2'> mal gelesen.<\/span><\/p><\/td><\/tr><tr><td colspan='2'><p class='rDLabel1'>Inhalt:<\/p><span class='rDText2'>Auch im zweiten Abenteuer rund um Direktor Fr\u00f6hlichs Zoo-Orchester geht es musikalisch hoch her: Ab und zu geben die Tiere sogar ein Konzert f\u00fcr die Besucher. Eines Tages jedoch herrscht gro\u00dfe Aufregung im Bambus-Gehege \u2013 ein Neuank\u00f6mmling aus China! Es ist die Pandadame Mei Yue. Die sehnt sich allerdings so sehr zur\u00fcck in ihre Heimat, dass sie weder fressen noch schlafen kann. Stinki, dem Stinktier, ist es \u00bbpupsegal\u00ab, was mit der Pandab\u00e4rin passiert, doch die anderen Zootiere schmieden einen geheimen Plan: Mit dem Eulenschubbiduh, Schnatterenten-Marsch, L\u00f6wen-Jazz und vielen anderen Liedern hei\u00dfen sie ihre neue Freundin willkommen.Eine fantasievolle Geschichte mit viel Musik.<\/span><\/td><\/tr><tr><td colspan='2'><a href='#' onclick='history.back(); return false'>Zur\u00fcck<\/a><\/td><\/tr><\/tbody><\/table>\n","protected":false},"excerpt":{"rendered":"","protected":false},"author":1,"featured_media":0,"parent":0,"menu_order":0,"comment_status":"closed","ping_status":"closed","template":"","meta":[],"_links":{"self":[{"href":"https:\/\/www.web-rr.de\/GHS-Buecherei\/index.php\/wp-json\/wp\/v2\/pages\/4946"}],"collection":[{"href":"https:\/\/www.web-rr.de\/GHS-Buecherei\/index.php\/wp-json\/wp\/v2\/pages"}],"about":[{"href":"https:\/\/www.web-rr.de\/GHS-Buecherei\/index.php\/wp-json\/wp\/v2\/types\/page"}],"author":[{"embeddable":true,"href":"https:\/\/www.web-rr.de\/GHS-Buecherei\/index.php\/wp-json\/wp\/v2\/users\/1"}],"replies":[{"embeddable":true,"href":"https:\/\/www.web-rr.de\/GHS-Buecherei\/index.php\/wp-json\/wp\/v2\/comments?post=4946"}],"version-history":[{"count":0,"href":"https:\/\/www.web-rr.de\/GHS-Buecherei\/index.php\/wp-json\/wp\/v2\/pages\/4946\/revisions"}],"wp:attachment":[{"href":"https:\/\/www.web-rr.de\/GHS-Buecherei\/index.php\/wp-json\/wp\/v2\/media?parent=4946"}],"curies":[{"name":"wp","href":"https:\/\/api.w.org\/{rel}","templated":true}]}}