{"id":4943,"date":"2021-02-23T20:00:00","date_gmt":"2021-02-23T20:00:00","guid":{"rendered":"https:\/\/www.web-rr.de\/GHS-Buecherei\/?page_id=4943"},"modified":"2021-02-22T23:59:59","modified_gmt":"2021-02-22T23:59:59","slug":"p9783939435822","status":"publish","type":"page","link":"https:\/\/www.web-rr.de\/GHS-Buecherei\/index.php\/p9783939435822\/","title":{"rendered":"Musik 19"},"content":{"rendered":"<table><tbody><tr><td class='rDTitel' colspan='2'>Die Ton-Angeber - Nominiert f\u00fcr den Deutschen Jugendliteraturpreis 2014, Kategorie Sachbuch<\/td><\/tr><tr><td><span class='rDLabel1'>Status: <\/span><span class='rDText1Gruen'>vorhanden<\/span><\/td><td><span class='rDLabel1'>Antolin: <\/span><span class='rDText1Gruen'>ja, Empfehlung Klasse 4<\/span><\/td><\/tr><tr><td width=50%><img src='https:\/\/www.web-rr.de\/GHS-Buecherei\/wp-content\/uploads\/9783939435822.jpg' alt=''><\/td><td><p class='rDLabel2'>von <span class='rDText2'>Anna Czerwinska-Rydel<\/span><\/p><p class='rDLabel2'>Verlag: <span class='rDText2'>mixtvision Medienges.mbH,  2013,  14.90 \u20ac<\/span><\/p><p class='rDLabel2'>B\u00fccherei-Barcode: <span class='rDText2'>9783939435822<\/span><\/p><p class='rDLabel2'>In der B\u00fccherei erfasst am: <span class='rDText2'>25.08.2020<\/span><\/p><p class='rDLabel2'>Stichw\u00f6rter: <span class='rDText2'>Oboe, Posaune, Trompete, Orchester, Geschichte<\/span><\/p><p class='rDLabel2'>Lesealter ca. <span class='rDText2'>8<\/span><span class='rDLabel2'> Jahre<\/span><\/p><p class='rDLabel2'>Das Buch wurde <span class='rDText2'>0<\/span><span class='rDLabel2'> mal gelesen.<\/span><\/p><\/td><\/tr><tr><td colspan='2'><p class='rDLabel1'>Inhalt:<\/p><span class='rDText2'>Die vorlaute Trompete w\u00fcrde gern den Ton angeben. Doch die erste Geige steht wie immer im Mittelpunkt. Die Altfl\u00f6ten sind mal wieder eingeschnappt. Nur die Posaune steht lachend \u00fcber allem ... Erst mit dem Auftritt des Dirigenten wird klar: Jedes Instrument, jede Eigenart ist wichtig und tr\u00e4gt zum meisterhaften Klang des Orchesters bei. Das au\u00dfergew\u00f6hnliche Bilderbuch der Polinnen Anna Czerwinska-Rydel und Marta Ignerska wurde mit dem Bologna Ragazzi Award 2012 in der Kategorie Non Fiction ausgezeichnet. Die poetische Geschichte zeigt die Besonderheiten verschiedener Instrumente und ist mit seinen knalligen Farben und ausdrucksstarken Bildern ein richtiger Hingucker!\n\r\n\r<\/span><\/td><\/tr><tr><td colspan='2'><a href='#' onclick='history.back(); return false'>Zur\u00fcck<\/a><\/td><\/tr><\/tbody><\/table>\n","protected":false},"excerpt":{"rendered":"","protected":false},"author":1,"featured_media":0,"parent":0,"menu_order":0,"comment_status":"closed","ping_status":"closed","template":"","meta":[],"_links":{"self":[{"href":"https:\/\/www.web-rr.de\/GHS-Buecherei\/index.php\/wp-json\/wp\/v2\/pages\/4943"}],"collection":[{"href":"https:\/\/www.web-rr.de\/GHS-Buecherei\/index.php\/wp-json\/wp\/v2\/pages"}],"about":[{"href":"https:\/\/www.web-rr.de\/GHS-Buecherei\/index.php\/wp-json\/wp\/v2\/types\/page"}],"author":[{"embeddable":true,"href":"https:\/\/www.web-rr.de\/GHS-Buecherei\/index.php\/wp-json\/wp\/v2\/users\/1"}],"replies":[{"embeddable":true,"href":"https:\/\/www.web-rr.de\/GHS-Buecherei\/index.php\/wp-json\/wp\/v2\/comments?post=4943"}],"version-history":[{"count":0,"href":"https:\/\/www.web-rr.de\/GHS-Buecherei\/index.php\/wp-json\/wp\/v2\/pages\/4943\/revisions"}],"wp:attachment":[{"href":"https:\/\/www.web-rr.de\/GHS-Buecherei\/index.php\/wp-json\/wp\/v2\/media?parent=4943"}],"curies":[{"name":"wp","href":"https:\/\/api.w.org\/{rel}","templated":true}]}}