{"id":4939,"date":"2021-02-23T20:00:00","date_gmt":"2021-02-23T20:00:00","guid":{"rendered":"https:\/\/www.web-rr.de\/GHS-Buecherei\/?page_id=4939"},"modified":"2021-02-22T23:59:59","modified_gmt":"2021-02-22T23:59:59","slug":"p9783795705848","status":"publish","type":"page","link":"https:\/\/www.web-rr.de\/GHS-Buecherei\/index.php\/p9783795705848\/","title":{"rendered":"Musik 15"},"content":{"rendered":"<table><tbody><tr><td class='rDTitel' colspan='2'>Charlottes musikalische Abenteuer: Band 1.<\/td><\/tr><tr><td><span class='rDLabel1'>Status: <\/span><span class='rDText1Gruen'>vorhanden<\/span><\/td><td><span class='rDLabel1'>Antolin: <\/span><span class='rDText1Gruen'>ja, Empfehlung Klasse 5<\/span><\/td><\/tr><tr><td width=50%><img src='https:\/\/www.web-rr.de\/GHS-Buecherei\/wp-content\/uploads\/9783795705848.jpg' alt=''><\/td><td><p class='rDLabel2'>von <span class='rDText2'>Christine Mellich<\/span><\/p><p class='rDLabel2'>Verlag: <span class='rDText2'>Schott Music GmbH,  2007,  14.95 \u20ac<\/span><\/p><p class='rDLabel2'>B\u00fccherei-Barcode: <span class='rDText2'>9783795705848<\/span><\/p><p class='rDLabel2'>In der B\u00fccherei erfasst am: <span class='rDText2'>01.04.2014<\/span><\/p><p class='rDLabel2'>Stichw\u00f6rter: <span class='rDText2'>Komponisten, Geschichte<\/span><\/p><p class='rDLabel2'>Lesealter ca. <span class='rDText2'>9<\/span><span class='rDLabel2'> Jahre<\/span><\/p><p class='rDLabel2'>Das Buch wurde <span class='rDText2'>0<\/span><span class='rDLabel2'> mal gelesen.<\/span><\/p><\/td><\/tr><tr><td colspan='2'><p class='rDLabel1'>Inhalt:<\/p><span class='rDText2'>Charlotte - ein kleines gefl\u00fcgeltes Wesen - l\u00e4dt alle Kinder ein, mit ihr einen Tag voller Musik zu verbringen. Sie trifft jede Stunde einen neuen Komponisten auf dem Glockenturm und erlebt verschiedene Abenteuer, in denen sie auch musikalische Gattungen (Sinfonie, Oper, Ballett) oder Begriffe aus der Musiklehre (Tempobezeichnungen, Tonleitern, Intervalle) kennen lernt. Dar\u00fcber hinaus werden Anekdoten und Zitate der Musiker erz\u00e4hlt, und es gibt spannende Musikr\u00e4tsel zu l\u00f6sen.Von fr\u00fch bis sp\u00e4t werden die jungen Leser von der quirligen Charlotte begleitet, die sich von alter und neuer Musik begeistern l\u00e4sst. Wen wird Charlotte wohl am Morgen begegnen - und wem am Abend? Walther von der Vogelweide, Johann Sebastian Bach, Wolfgang Amadeus Mozart, Robert Schumann, Peter Tschaikowsky, Claude Debussy oder gar Charles Ives? - Das reich illustrierte Buch bietet 15 Komponistenportr\u00e4ts vom Mittelalter bis zur Gegenwart.Ausgezeichnet mit dem Deutschen Musikedtionspreis 2008<\/span><\/td><\/tr><tr><td colspan='2'><a href='#' onclick='history.back(); return false'>Zur\u00fcck<\/a><\/td><\/tr><\/tbody><\/table>\n","protected":false},"excerpt":{"rendered":"","protected":false},"author":1,"featured_media":0,"parent":0,"menu_order":0,"comment_status":"closed","ping_status":"closed","template":"","meta":[],"_links":{"self":[{"href":"https:\/\/www.web-rr.de\/GHS-Buecherei\/index.php\/wp-json\/wp\/v2\/pages\/4939"}],"collection":[{"href":"https:\/\/www.web-rr.de\/GHS-Buecherei\/index.php\/wp-json\/wp\/v2\/pages"}],"about":[{"href":"https:\/\/www.web-rr.de\/GHS-Buecherei\/index.php\/wp-json\/wp\/v2\/types\/page"}],"author":[{"embeddable":true,"href":"https:\/\/www.web-rr.de\/GHS-Buecherei\/index.php\/wp-json\/wp\/v2\/users\/1"}],"replies":[{"embeddable":true,"href":"https:\/\/www.web-rr.de\/GHS-Buecherei\/index.php\/wp-json\/wp\/v2\/comments?post=4939"}],"version-history":[{"count":0,"href":"https:\/\/www.web-rr.de\/GHS-Buecherei\/index.php\/wp-json\/wp\/v2\/pages\/4939\/revisions"}],"wp:attachment":[{"href":"https:\/\/www.web-rr.de\/GHS-Buecherei\/index.php\/wp-json\/wp\/v2\/media?parent=4939"}],"curies":[{"name":"wp","href":"https:\/\/api.w.org\/{rel}","templated":true}]}}