{"id":4938,"date":"2021-02-23T20:00:00","date_gmt":"2021-02-23T20:00:00","guid":{"rendered":"https:\/\/www.web-rr.de\/GHS-Buecherei\/?page_id=4938"},"modified":"2021-02-22T23:59:59","modified_gmt":"2021-02-22T23:59:59","slug":"p9783865024008","status":"publish","type":"page","link":"https:\/\/www.web-rr.de\/GHS-Buecherei\/index.php\/p9783865024008\/","title":{"rendered":"Musik 14"},"content":{"rendered":"<table><tbody><tr><td class='rDTitel' colspan='2'>Plingpling flippt aus! - Wie die kleine Triangel im Orchester gro\u00df rauskommt<\/td><\/tr><tr><td><span class='rDLabel1'>Status: <\/span><span class='rDText1Gruen'>vorhanden<\/span><\/td><td><span class='rDLabel1'>Antolin: <\/span><span class='rDText1Gruen'>ja, Empfehlung Klasse 1<\/span><\/td><\/tr><tr><td width=50%><img src='https:\/\/www.web-rr.de\/GHS-Buecherei\/wp-content\/uploads\/9783865024008.jpg' alt=''><\/td><td><p class='rDLabel2'>von <span class='rDText2'>Mone Seidel<\/span><\/p><p class='rDLabel2'>Verlag: <span class='rDText2'>Seemann Henschel GmbH,  2018,  14.95 \u20ac<\/span><\/p><p class='rDLabel2'>B\u00fccherei-Barcode: <span class='rDText2'>9783865024008<\/span><\/p><p class='rDLabel2'>In der B\u00fccherei erfasst am: <span class='rDText2'>25.08.2020<\/span><\/p><p class='rDLabel2'>Stichw\u00f6rter: <span class='rDText2'>Triangel, Orchester<\/span><\/p><p class='rDLabel2'>Lesealter ca. <span class='rDText2'>6<\/span><span class='rDLabel2'> Jahre<\/span><\/p><p class='rDLabel2'>Das Buch wurde <span class='rDText2'>0<\/span><span class='rDLabel2'> mal gelesen.<\/span><\/p><\/td><\/tr><tr><td colspan='2'><p class='rDLabel1'>Inhalt:<\/p><span class='rDText2'>Ein gro\u00dfer Auftritt f\u00fcr eine kleine Triangel Auch unter den Instrumenten eines Orchesters geht es nicht immer harmonisch zu: Plingpling, die kleine Triangel, ist frustriert. Kontrabass und Pauke machen L\u00e4rm, Geige und Klavier spielen Soli. Aber was kann eine Triangel? Als bei Plingpling die Emotionen \u00fcberkochen, eilen die anderen Instrumente des Orchesters herbei und erz\u00e4hlen, welche Rolle jeder beim Auftritt \u00fcbernimmt. Dann kommt der Tag des gro\u00dfen Konzerts und sp\u00e4testens beim donnernden Schlussapplaus ist klar: Ohne die kleine Triangel w\u00e4ren Klang und Konzert nicht perfekt gewesen! - Sympathische Hauptfigur, mit der sich Kinder identifizieren k\u00f6nnen - Expressive Bilder erwecken die Musikinstrumente zum Leben - Die Geschichte f\u00f6rdert das Miteinander und hilft beim Umgang mit Emotionen - Die Triangel geh\u00f6rt zu den ersten Instrumenten, die Kinder selbst spielen - Kindgerechter Einstieg in die Orchestermusik Triangel, Geige und Klavier: mit Kindern musizieren Dank der musikalischen Fr\u00fcherziehung mit Orff-Instrumenten ist die Triangel den Kindern sehr vertraut. Faszinierend, wie viele verschiedene Kl\u00e4nge in ihr stecken! Mit einer Triangel kann ein Kind ein Musikst\u00fcck begleiten oder Akzente setzen. So tr\u00e4gt dieses eher unscheinbare Instrument entscheidend zum Klang des Orchesters und zur gelungenen Auff\u00fchrung bei. Plingpling ist das zuerst gar nicht so bewusst. Erst nachdem die anderen Musikinstrumente - Geige, Klavier und Harfe - ihm mehr \u00fcber ihre Rolle im Orchester erz\u00e4hlen, versteht die kleine Triangel, wie viel sie zum gro\u00dfen Ganzen beitr\u00e4gt. So bietet das Bilderbuch Musikp\u00e4dagogen und Eltern die M\u00f6glichkeit, Kinder an das gemeinsame Musizieren heranzuf\u00fchren. Es ist ein erster Einstieg in die Welt des Orchesters, aber vor allem ist es eine mutmachende Geschichte, die zeigt, dass in der Musik und im Leben das Gro\u00dfe nicht ohne das Kleine funktionieren kann.\n\r\n\r<\/span><\/td><\/tr><tr><td colspan='2'><a href='#' onclick='history.back(); return false'>Zur\u00fcck<\/a><\/td><\/tr><\/tbody><\/table>\n","protected":false},"excerpt":{"rendered":"","protected":false},"author":1,"featured_media":0,"parent":0,"menu_order":0,"comment_status":"closed","ping_status":"closed","template":"","meta":[],"_links":{"self":[{"href":"https:\/\/www.web-rr.de\/GHS-Buecherei\/index.php\/wp-json\/wp\/v2\/pages\/4938"}],"collection":[{"href":"https:\/\/www.web-rr.de\/GHS-Buecherei\/index.php\/wp-json\/wp\/v2\/pages"}],"about":[{"href":"https:\/\/www.web-rr.de\/GHS-Buecherei\/index.php\/wp-json\/wp\/v2\/types\/page"}],"author":[{"embeddable":true,"href":"https:\/\/www.web-rr.de\/GHS-Buecherei\/index.php\/wp-json\/wp\/v2\/users\/1"}],"replies":[{"embeddable":true,"href":"https:\/\/www.web-rr.de\/GHS-Buecherei\/index.php\/wp-json\/wp\/v2\/comments?post=4938"}],"version-history":[{"count":0,"href":"https:\/\/www.web-rr.de\/GHS-Buecherei\/index.php\/wp-json\/wp\/v2\/pages\/4938\/revisions"}],"wp:attachment":[{"href":"https:\/\/www.web-rr.de\/GHS-Buecherei\/index.php\/wp-json\/wp\/v2\/media?parent=4938"}],"curies":[{"name":"wp","href":"https:\/\/api.w.org\/{rel}","templated":true}]}}