{"id":4926,"date":"2021-02-23T20:00:00","date_gmt":"2021-02-23T20:00:00","guid":{"rendered":"https:\/\/www.web-rr.de\/GHS-Buecherei\/?page_id=4926"},"modified":"2021-02-22T23:59:59","modified_gmt":"2021-02-22T23:59:59","slug":"p9783219111750","status":"publish","type":"page","link":"https:\/\/www.web-rr.de\/GHS-Buecherei\/index.php\/p9783219111750\/","title":{"rendered":"Musik 02"},"content":{"rendered":"<table><tbody><tr><td class='rDTitel' colspan='2'>Die vier Jahreszeiten: Eine Geschichte zur Musik, (inkl. CD)<\/td><\/tr><tr><td><span class='rDLabel1'>Status: <\/span><span class='rDText1Gruen'>vorhanden<\/span><\/td><td><span class='rDLabel1'>Antolin: <\/span><span class='rDText1Gruen'>ja, Empfehlung Klasse 4<\/span><\/td><\/tr><tr><td width=50%><img src='https:\/\/www.web-rr.de\/GHS-Buecherei\/wp-content\/uploads\/9783219111750.jpg' alt=''><\/td><td><p class='rDLabel2'>von <span class='rDText2'>Marko Simsa<\/span><\/p><p class='rDLabel2'>Verlag: <span class='rDText2'>Annette Betz Verlag,  2004,  19.95 \u20ac<\/span><\/p><p class='rDLabel2'>B\u00fccherei-Barcode: <span class='rDText2'>9783219111750<\/span><\/p><p class='rDLabel2'>In der B\u00fccherei erfasst am: <span class='rDText2'>01.04.2013<\/span><\/p><p class='rDLabel2'>Stichw\u00f6rter: <span class='rDText2'>Fr\u00fchling, Sommer, Herbst, Winter<\/span><\/p><p class='rDLabel2'>Lesealter ca. <span class='rDText2'>8<\/span><span class='rDLabel2'> Jahre<\/span><\/p><p class='rDLabel2'>Das Buch wurde <span class='rDText2'>2<\/span><span class='rDLabel2'> mal gelesen.<\/span><\/p><\/td><\/tr><tr><td colspan='2'><p class='rDLabel1'>Inhalt:<\/p><span class='rDText2'>Die kleine Katze Minka lebt in einem Dorf auf dem Bauernhof. Marko Simsa begleitet sie in einer neuen Geschichte durch ein ganzes Jahr: Er lauscht mit ihr - angelehnt an das ber\u00fchmte Musikst\u00fcck \"Die vier Jahreszeiten\" von ANTONIO VIVALDI - den vielen Stimmen und Ger\u00e4uschen der Natur. Denn was Minka im Fr\u00fchling, im Sommer, im Herbst und im Winter h\u00f6rt, hat Antonio Vivaldi in seinem Werk musikalisch wiedergegeben. Auf der beigef\u00fcgten CD mit dem Konzert wird zus\u00e4tzlich mit kurzen Tonbeispielen vor jeder Jahreszeit erl\u00e4utert, an welchen Stellen wir Vogelstimmen, ein Gewitter, den Wind und vieles andere mehr in Vivaldis Musik erkennen k\u00f6nnen. Kinder erleben ein Meisterwerk der Musik auf spielerische und informative Weise, und auch Erwachsenen bieten sich spannende Zug\u00e4nge zu einem oft geh\u00f6rten Konzert<\/span><\/td><\/tr><tr><td colspan='2'><a href='#' onclick='history.back(); return false'>Zur\u00fcck<\/a><\/td><\/tr><\/tbody><\/table>\n","protected":false},"excerpt":{"rendered":"","protected":false},"author":1,"featured_media":0,"parent":0,"menu_order":0,"comment_status":"closed","ping_status":"closed","template":"","meta":[],"_links":{"self":[{"href":"https:\/\/www.web-rr.de\/GHS-Buecherei\/index.php\/wp-json\/wp\/v2\/pages\/4926"}],"collection":[{"href":"https:\/\/www.web-rr.de\/GHS-Buecherei\/index.php\/wp-json\/wp\/v2\/pages"}],"about":[{"href":"https:\/\/www.web-rr.de\/GHS-Buecherei\/index.php\/wp-json\/wp\/v2\/types\/page"}],"author":[{"embeddable":true,"href":"https:\/\/www.web-rr.de\/GHS-Buecherei\/index.php\/wp-json\/wp\/v2\/users\/1"}],"replies":[{"embeddable":true,"href":"https:\/\/www.web-rr.de\/GHS-Buecherei\/index.php\/wp-json\/wp\/v2\/comments?post=4926"}],"version-history":[{"count":0,"href":"https:\/\/www.web-rr.de\/GHS-Buecherei\/index.php\/wp-json\/wp\/v2\/pages\/4926\/revisions"}],"wp:attachment":[{"href":"https:\/\/www.web-rr.de\/GHS-Buecherei\/index.php\/wp-json\/wp\/v2\/media?parent=4926"}],"curies":[{"name":"wp","href":"https:\/\/api.w.org\/{rel}","templated":true}]}}