{"id":4873,"date":"2021-02-23T20:00:00","date_gmt":"2021-02-23T20:00:00","guid":{"rendered":"https:\/\/www.web-rr.de\/GHS-Buecherei\/?page_id=4873"},"modified":"2021-02-22T23:59:59","modified_gmt":"2021-02-22T23:59:59","slug":"p9783000529641","status":"publish","type":"page","link":"https:\/\/www.web-rr.de\/GHS-Buecherei\/index.php\/p9783000529641\/","title":{"rendered":"M\u00e4rchen 78"},"content":{"rendered":"<table><tbody><tr><td class='rDTitel' colspan='2'>Titus und der verwunschene Wald<\/td><\/tr><tr><td><span class='rDLabel1'>Status: <\/span><span class='rDText1Gruen'>vorhanden<\/span><\/td><td><span class='rDLabel1'>Antolin: <\/span><span class='rDText1Rot'>Quiz nicht vorhanden.<\/span><\/td><\/tr><tr><td width=50%><img src='https:\/\/www.web-rr.de\/GHS-Buecherei\/wp-content\/uploads\/9783000529641.jpg' alt=''><\/td><td><p class='rDLabel2'>von <span class='rDText2'>Theodor Serapion (Autor), Mirjam Zels (Illustrator)<\/span><\/p><p class='rDLabel2'>Verlag: <span class='rDText2'>M\u00e4rchenakademie Martin Beyer,  2016,  14.95 \u20ac<\/span><\/p><p class='rDLabel2'>B\u00fccherei-Barcode: <span class='rDText2'>9783000529641<\/span><\/p><p class='rDLabel2'>In der B\u00fccherei erfasst am: <span class='rDText2'>04.08.2018<\/span><\/p><p class='rDLabel2'>Stichw\u00f6rter: <span class='rDText2'>M\u00e4rchen, W\u00e4lder, Elfen, Rapunzel, Rumpelstilzchen<\/span><\/p><p class='rDLabel2'>Lesealter ca. <span class='rDText2'>-<\/span><span class='rDLabel2'> Jahre<\/span><\/p><p class='rDLabel2'>Das Buch wurde <span class='rDText2'>0<\/span><span class='rDLabel2'> mal gelesen.<\/span><\/p><\/td><\/tr><tr><td colspan='2'><p class='rDLabel1'>Inhalt:<\/p><span class='rDText2'>Schreck und Schauder: Die verwunschenen W\u00e4lder rund um die M\u00e4rchenakademie in Grimmelsbergen bergen viele Geheimnisse. Titus Haselschein, Sch\u00fcler dieser M\u00e4rchenakademie, ist nicht gerade begeistert, als er in seinem dritten Lehrjahr ausziehen muss, um in den W\u00e4ldern viele spannende Abenteuer zu erleben. Und benotet werden seine Erlebnisse auch noch! Gut, dass er mit der Elfe Rabea Wintergr\u00fcn eine Verb\u00fcndete findet, allerdings eine ziemlich freche und streitlustige. Gemeinsam ziehen sie los und treffen auf viele bekannte M\u00e4rchenfiguren. Warum hat Rapunzel kurze Haare? Ist der B\u00f6se Wolf vielleicht gar nicht mehr b\u00f6se? Und was f\u00fchrt eigentlich das Rumpelstilzchen schon wieder im Schilde? F\u00fcr Titus und Rabea beginnt eine aufregende Reise, nach der nichts mehr so ist, wie es vorher war.<\/span><\/td><\/tr><tr><td colspan='2'><a href='#' onclick='history.back(); return false'>Zur\u00fcck<\/a><\/td><\/tr><\/tbody><\/table>\n","protected":false},"excerpt":{"rendered":"","protected":false},"author":1,"featured_media":0,"parent":0,"menu_order":0,"comment_status":"closed","ping_status":"closed","template":"","meta":[],"_links":{"self":[{"href":"https:\/\/www.web-rr.de\/GHS-Buecherei\/index.php\/wp-json\/wp\/v2\/pages\/4873"}],"collection":[{"href":"https:\/\/www.web-rr.de\/GHS-Buecherei\/index.php\/wp-json\/wp\/v2\/pages"}],"about":[{"href":"https:\/\/www.web-rr.de\/GHS-Buecherei\/index.php\/wp-json\/wp\/v2\/types\/page"}],"author":[{"embeddable":true,"href":"https:\/\/www.web-rr.de\/GHS-Buecherei\/index.php\/wp-json\/wp\/v2\/users\/1"}],"replies":[{"embeddable":true,"href":"https:\/\/www.web-rr.de\/GHS-Buecherei\/index.php\/wp-json\/wp\/v2\/comments?post=4873"}],"version-history":[{"count":0,"href":"https:\/\/www.web-rr.de\/GHS-Buecherei\/index.php\/wp-json\/wp\/v2\/pages\/4873\/revisions"}],"wp:attachment":[{"href":"https:\/\/www.web-rr.de\/GHS-Buecherei\/index.php\/wp-json\/wp\/v2\/media?parent=4873"}],"curies":[{"name":"wp","href":"https:\/\/api.w.org\/{rel}","templated":true}]}}