{"id":4871,"date":"2021-02-23T20:00:00","date_gmt":"2021-02-23T20:00:00","guid":{"rendered":"https:\/\/www.web-rr.de\/GHS-Buecherei\/?page_id=4871"},"modified":"2021-02-22T23:59:59","modified_gmt":"2021-02-22T23:59:59","slug":"p9783899557299","status":"publish","type":"page","link":"https:\/\/www.web-rr.de\/GHS-Buecherei\/index.php\/p9783899557299\/","title":{"rendered":"M\u00e4rchen 76"},"content":{"rendered":"<table><tbody><tr><td class='rDTitel' colspan='2'>Der Honigdieb<\/td><\/tr><tr><td><span class='rDLabel1'>Status: <\/span><span class='rDText1Gruen'>vorhanden<\/span><\/td><td><span class='rDLabel1'>Antolin: <\/span><span class='rDText1Rot'>Quiz nicht vorhanden.<\/span><\/td><\/tr><tr><td width=50%><img src='https:\/\/www.web-rr.de\/GHS-Buecherei\/wp-content\/uploads\/9783899557299.jpg' alt=''><\/td><td><p class='rDLabel2'>von <span class='rDText2'>Karthika Na\u00efr<\/span><\/p><p class='rDLabel2'>Verlag: <span class='rDText2'>Kleine Gestalten,  2014,  17.90 \u20ac<\/span><\/p><p class='rDLabel2'>B\u00fccherei-Barcode: <span class='rDText2'>9783899557299<\/span><\/p><p class='rDLabel2'>In der B\u00fccherei erfasst am: <span class='rDText2'>01.05.2016<\/span><\/p><p class='rDLabel2'>Stichw\u00f6rter: <span class='rDText2'>Indisches M\u00e4rchen, Exotische Bilder, Mangrovenwald<\/span><\/p><p class='rDLabel2'>Lesealter ca. <span class='rDText2'>-<\/span><span class='rDLabel2'> Jahre<\/span><\/p><p class='rDLabel2'>Das Buch wurde <span class='rDText2'>0<\/span><span class='rDLabel2'> mal gelesen.<\/span><\/p><\/td><\/tr><tr><td colspan='2'><p class='rDLabel1'>Inhalt:<\/p><span class='rDText2'>In exotischen Bildern und einer einf\u00fchlsamen Sprache lehrt dieses indische M\u00e4rchen Kindern die Achtung und Wertsch\u00e4tzung der Natur. Im Sundarban mit seinen achtzehn Gezeiten und sechs Jahreszeiten, hier, wo sich drei Fl\u00fcsse in einem gro\u00dfen Mangrovenwald treffen, beginnt die Geschichte des Honigdiebs. Zun\u00e4chst ist eigentlich alles friedlich: Unweit der bengalischen Bucht leben Tausende und Abertausende Honigbienen. Sie fliegen von Blume zu Blume, sammeln Nektar und versorgen die Menschen und Tiere des Landes mit dem s\u00fc\u00dfen, fl\u00fcssigen Gold. Alle Bewohner des Sundarbans lieben den Honig, doch einer liebt den Honig am allermeisten: ein kleiner, schwarz- haariger Junge namens Shonu. Als in einem Jahr die Jahreszeiten durcheinandergeraten, wird der Sundarban von schweren Wirbelst\u00fcrmen, D\u00fcrre und Hunger heimgesucht. Von seinem unfassbaren Hunger gequ\u00e4lt, zieht Shonu also heimlich in den Wald und bricht die goldene Regel: Er macht sich \u00fcber die Bienenst\u00f6cke her, obwohl es noch gar nicht Erntezeit ist. Dass er dadurch riesige Schwierigkeiten mit Dem-Dessen-Name-Nicht-Genannt-Werden-Darf bekommen w\u00fcrde, hatte Shonu nicht bedacht. Die Erz\u00e4hlung vom Honigdieb zeigt, was passiert, wenn jemand in den Rhythmus der Natur eingreift und lehrt Kinder, die Natur zu respektieren und zu sch\u00e4tzen. Inspiriert von muslimischen und hinduistischen Mythen, haben die Autorin Karthika Na\u00efr und die Illustratorin Jo\u00eblle Jolivet eine ganz besondere Erz\u00e4hlweise und Bildsprache gefunden. Karthika Na\u00efr, in Indien geboren, kam 2000 f\u00fcr ihren Master in Kulturmanagement nach Paris und lebt seither dort. Die Autorin arbeitete f\u00fcr Institutionen wie der Cit\u00e9 de la Musique oder dem Centre National de la Danse und ver\u00f6ffentlichte die beiden Gedichtb\u00e4nde Bearings und Desh: Memories, Inherited, Borrowed, Invented, bevor sie die Geschichte des Honigdiebs schrieb. Jo\u00eblle Jolivet lebt und arbeitet als Illustratorin in der N\u00e4he von Paris. Sie studierte Grafikdesign und Werbung und arbeitete wegen ihrer Vorliebe f\u00fcr Gravur und Druck ein Jahr im Atelier f\u00fcr Lithografie an der \u00c9cole des Beaux-Arts in Paris. Seither schl\u00e4gt ihr Herz f\u00fcr Linolschnitt. Neben ihren eigenen B\u00fcchern gestaltet Jo\u00eblle Jolivet Kunstbuchcover und arbeitet als Illustratorin f\u00fcr Zeitungen und Magazine.<\/span><\/td><\/tr><tr><td colspan='2'><a href='#' onclick='history.back(); return false'>Zur\u00fcck<\/a><\/td><\/tr><\/tbody><\/table>\n","protected":false},"excerpt":{"rendered":"","protected":false},"author":1,"featured_media":0,"parent":0,"menu_order":0,"comment_status":"closed","ping_status":"closed","template":"","meta":[],"_links":{"self":[{"href":"https:\/\/www.web-rr.de\/GHS-Buecherei\/index.php\/wp-json\/wp\/v2\/pages\/4871"}],"collection":[{"href":"https:\/\/www.web-rr.de\/GHS-Buecherei\/index.php\/wp-json\/wp\/v2\/pages"}],"about":[{"href":"https:\/\/www.web-rr.de\/GHS-Buecherei\/index.php\/wp-json\/wp\/v2\/types\/page"}],"author":[{"embeddable":true,"href":"https:\/\/www.web-rr.de\/GHS-Buecherei\/index.php\/wp-json\/wp\/v2\/users\/1"}],"replies":[{"embeddable":true,"href":"https:\/\/www.web-rr.de\/GHS-Buecherei\/index.php\/wp-json\/wp\/v2\/comments?post=4871"}],"version-history":[{"count":0,"href":"https:\/\/www.web-rr.de\/GHS-Buecherei\/index.php\/wp-json\/wp\/v2\/pages\/4871\/revisions"}],"wp:attachment":[{"href":"https:\/\/www.web-rr.de\/GHS-Buecherei\/index.php\/wp-json\/wp\/v2\/media?parent=4871"}],"curies":[{"name":"wp","href":"https:\/\/api.w.org\/{rel}","templated":true}]}}