{"id":4869,"date":"2021-02-23T20:00:00","date_gmt":"2021-02-23T20:00:00","guid":{"rendered":"https:\/\/www.web-rr.de\/GHS-Buecherei\/?page_id=4869"},"modified":"2021-02-22T23:59:59","modified_gmt":"2021-02-22T23:59:59","slug":"p9783865661647","status":"publish","type":"page","link":"https:\/\/www.web-rr.de\/GHS-Buecherei\/index.php\/p9783865661647\/","title":{"rendered":"M\u00e4rchen 74"},"content":{"rendered":"<table><tbody><tr><td class='rDTitel' colspan='2'>Hans und die Bohnenranke: Ein Volksm\u00e4rchen<\/td><\/tr><tr><td><span class='rDLabel1'>Status: <\/span><span class='rDText1Gruen'>vorhanden<\/span><\/td><td><span class='rDLabel1'>Antolin: <\/span><span class='rDText1Gruen'>ja, Empfehlung Klasse 3<\/span><\/td><\/tr><tr><td width=50%><img src='https:\/\/www.web-rr.de\/GHS-Buecherei\/wp-content\/uploads\/9783865661647.jpg' alt=''><\/td><td><p class='rDLabel2'>von <span class='rDText2'>Nina T\u00f6we<\/span><\/p><p class='rDLabel2'>Verlag: <span class='rDText2'>MINEDITION,  2012,  13.95 \u20ac<\/span><\/p><p class='rDLabel2'>B\u00fccherei-Barcode: <span class='rDText2'>9783865661647<\/span><\/p><p class='rDLabel2'>In der B\u00fccherei erfasst am: <span class='rDText2'>01.03.2015<\/span><\/p><p class='rDLabel2'>Stichw\u00f6rter: <span class='rDText2'>abenteuerliche Geschichte, verwunschene Welt, Riesen<\/span><\/p><p class='rDLabel2'>Lesealter ca. <span class='rDText2'>7<\/span><span class='rDLabel2'> Jahre<\/span><\/p><p class='rDLabel2'>Das Buch wurde <span class='rDText2'>0<\/span><span class='rDLabel2'> mal gelesen.<\/span><\/p><\/td><\/tr><tr><td colspan='2'><p class='rDLabel1'>Inhalt:<\/p><span class='rDText2'>Nina T\u00f6we erz\u00e4hlt die abenteuerliche Geschichte von Hans, der eine Kuh gegen eine Zauberbohne tauscht, die sich dann zu einer Bohnenranke entwickel, die geradewegs in den Himmel w\u00e4chst. Hans und seine Mutter sind sehr arm, seit Hans Vater gestorben sind. Die Kuh sollte gegen Lebensmittel getauscht werden und nun haben sie nur eine riesige Bohnenpflanze im Garten. Hans klettert an ihr hoch und kommt in eine verwunschene Welt, die von einem Riesen, der einst Hans Vater get\u00f6tet hat, beherrscht wird. Mit der Hilfe der Frau des Riesen, und mit Mut und List gelingt es Hans dreimal den Riesen zu bestehlen und sich das zur\u00fcckzuholen, was der Riese seinem Vater gestohlen hat. Nina T\u00f6we erz\u00e4hlt das M\u00e4rchen mit ihrem Bildern sehr spannend und fantasievoll. Sehr sch\u00f6n zum Vorlesen.<\/span><\/td><\/tr><tr><td colspan='2'><a href='#' onclick='history.back(); return false'>Zur\u00fcck<\/a><\/td><\/tr><\/tbody><\/table>\n","protected":false},"excerpt":{"rendered":"","protected":false},"author":1,"featured_media":0,"parent":0,"menu_order":0,"comment_status":"closed","ping_status":"closed","template":"","meta":[],"_links":{"self":[{"href":"https:\/\/www.web-rr.de\/GHS-Buecherei\/index.php\/wp-json\/wp\/v2\/pages\/4869"}],"collection":[{"href":"https:\/\/www.web-rr.de\/GHS-Buecherei\/index.php\/wp-json\/wp\/v2\/pages"}],"about":[{"href":"https:\/\/www.web-rr.de\/GHS-Buecherei\/index.php\/wp-json\/wp\/v2\/types\/page"}],"author":[{"embeddable":true,"href":"https:\/\/www.web-rr.de\/GHS-Buecherei\/index.php\/wp-json\/wp\/v2\/users\/1"}],"replies":[{"embeddable":true,"href":"https:\/\/www.web-rr.de\/GHS-Buecherei\/index.php\/wp-json\/wp\/v2\/comments?post=4869"}],"version-history":[{"count":0,"href":"https:\/\/www.web-rr.de\/GHS-Buecherei\/index.php\/wp-json\/wp\/v2\/pages\/4869\/revisions"}],"wp:attachment":[{"href":"https:\/\/www.web-rr.de\/GHS-Buecherei\/index.php\/wp-json\/wp\/v2\/media?parent=4869"}],"curies":[{"name":"wp","href":"https:\/\/api.w.org\/{rel}","templated":true}]}}