{"id":4860,"date":"2021-02-23T20:00:00","date_gmt":"2021-02-23T20:00:00","guid":{"rendered":"https:\/\/www.web-rr.de\/GHS-Buecherei\/?page_id=4860"},"modified":"2021-02-22T23:59:59","modified_gmt":"2021-02-22T23:59:59","slug":"p2000001021408","status":"publish","type":"page","link":"https:\/\/www.web-rr.de\/GHS-Buecherei\/index.php\/p2000001021408\/","title":{"rendered":"M\u00e4rchen 65"},"content":{"rendered":"<table><tbody><tr><td class='rDTitel' colspan='2'>Dornr\u00f6schen<\/td><\/tr><tr><td><span class='rDLabel1'>Status: <\/span><span class='rDText1Gruen'>vorhanden<\/span><\/td><td><span class='rDLabel1'>Antolin: <\/span><span class='rDText1Rot'>Quiz nicht vorhanden.<\/span><\/td><\/tr><tr><td width=50%><img src='https:\/\/www.web-rr.de\/GHS-Buecherei\/wp-content\/uploads\/2000001021408.jpg' alt=''><\/td><td><p class='rDLabel2'>von <span class='rDText2'>Br\u00fcder Grimm<\/span><\/p><p class='rDLabel2'>Verlag: <span class='rDText2'>Reclam, Philipp, jun. GmbH, Verlag,  2010,  14.95 \u20ac<\/span><\/p><p class='rDLabel2'>B\u00fccherei-Barcode: <span class='rDText2'>2000001021408<\/span><\/p><p class='rDLabel2'>In der B\u00fccherei erfasst am: <span class='rDText2'>01.04.2014<\/span><\/p><p class='rDLabel2'>Stichw\u00f6rter: <span class='rDText2'>Dornr\u00f6schen, Br\u00fcder Grimm, K\u00f6nig, Schloss<\/span><\/p><p class='rDLabel2'>Lesealter ca. <span class='rDText2'>-<\/span><span class='rDLabel2'> Jahre<\/span><\/p><p class='rDLabel2'>Das Buch wurde <span class='rDText2'>1<\/span><span class='rDLabel2'> mal gelesen.<\/span><\/p><\/td><\/tr><tr><td colspan='2'><p class='rDLabel1'>Inhalt:<\/p><span class='rDText2'>Es ist eine alte Geschichte, doch bleibt sie immer neu: Weil ein ungl\u00fcckseliges K\u00f6nigselternpaar mangels ausreichenden Geschirrs eine Einladung zu wenig zum Wiegenfest des T\u00f6chterleins aussprach, wird das langersehnte Wunschkind von der gekr\u00e4nkten, ausgeschlossenen Fee verflucht, sticht sich im Teenageralter an einer Spindel und verf\u00e4llt samt der ganzen Schlossbev\u00f6lkerung in einen 100 Jahre dauernden Schlaf. Um daraus, vom klugen (und schwiegersohntauglichen) Prinzen wachgek\u00fcsst, immer noch im Teenageralter zu erwachen.Das M\u00e4rchen Dornr\u00f6schen, wie es der junge Illustrator Markus Lefran\u00e7ois f\u00fcr Reclam in Szene gesetzt hat, ist etwas f\u00fcr alle Generationen: 36 luxuri\u00f6se Farbseiten zum staunenden Betrachten, zum Lesen und Vorlesen, zum Entdecken und Wiederentdecken eines wohlbekannten Klassikers der Br\u00fcder Grimm.<\/span><\/td><\/tr><tr><td colspan='2'><a href='#' onclick='history.back(); return false'>Zur\u00fcck<\/a><\/td><\/tr><\/tbody><\/table>\n","protected":false},"excerpt":{"rendered":"","protected":false},"author":1,"featured_media":0,"parent":0,"menu_order":0,"comment_status":"closed","ping_status":"closed","template":"","meta":[],"_links":{"self":[{"href":"https:\/\/www.web-rr.de\/GHS-Buecherei\/index.php\/wp-json\/wp\/v2\/pages\/4860"}],"collection":[{"href":"https:\/\/www.web-rr.de\/GHS-Buecherei\/index.php\/wp-json\/wp\/v2\/pages"}],"about":[{"href":"https:\/\/www.web-rr.de\/GHS-Buecherei\/index.php\/wp-json\/wp\/v2\/types\/page"}],"author":[{"embeddable":true,"href":"https:\/\/www.web-rr.de\/GHS-Buecherei\/index.php\/wp-json\/wp\/v2\/users\/1"}],"replies":[{"embeddable":true,"href":"https:\/\/www.web-rr.de\/GHS-Buecherei\/index.php\/wp-json\/wp\/v2\/comments?post=4860"}],"version-history":[{"count":0,"href":"https:\/\/www.web-rr.de\/GHS-Buecherei\/index.php\/wp-json\/wp\/v2\/pages\/4860\/revisions"}],"wp:attachment":[{"href":"https:\/\/www.web-rr.de\/GHS-Buecherei\/index.php\/wp-json\/wp\/v2\/media?parent=4860"}],"curies":[{"name":"wp","href":"https:\/\/api.w.org\/{rel}","templated":true}]}}