{"id":4858,"date":"2021-02-23T20:00:00","date_gmt":"2021-02-23T20:00:00","guid":{"rendered":"https:\/\/www.web-rr.de\/GHS-Buecherei\/?page_id=4858"},"modified":"2021-02-22T23:59:59","modified_gmt":"2021-02-22T23:59:59","slug":"p9783830311577","status":"publish","type":"page","link":"https:\/\/www.web-rr.de\/GHS-Buecherei\/index.php\/p9783830311577\/","title":{"rendered":"M\u00e4rchen 62"},"content":{"rendered":"<table><tbody><tr><td class='rDTitel' colspan='2'>Die M\u00e4rchenm\u00e4use - Von einem, der auszog, das F\u00fcrchten zu lernen (mit CD)<\/td><\/tr><tr><td><span class='rDLabel1'>Status: <\/span><span class='rDText1Gruen'>vorhanden<\/span><\/td><td><span class='rDLabel1'>Antolin: <\/span><span class='rDText1Gruen'>ja, Empfehlung Klasse 2<\/span><\/td><\/tr><tr><td width=50%><img src='https:\/\/www.web-rr.de\/GHS-Buecherei\/wp-content\/uploads\/9783830311577.jpg' alt=''><\/td><td><p class='rDLabel2'>von <span class='rDText2'>Thomas Nicolai<\/span><\/p><p class='rDLabel2'>Verlag: <span class='rDText2'>Lappan Verlag,  2010,  16.95 \u20ac<\/span><\/p><p class='rDLabel2'>B\u00fccherei-Barcode: <span class='rDText2'>9783830311577<\/span><\/p><p class='rDLabel2'>In der B\u00fccherei erfasst am: <span class='rDText2'>01.04.2014<\/span><\/p><p class='rDLabel2'>Stichw\u00f6rter: <span class='rDText2'>M\u00e4rchenm\u00e4use, Br\u00fcder Grimm<\/span><\/p><p class='rDLabel2'>Lesealter ca. <span class='rDText2'>6<\/span><span class='rDLabel2'> Jahre<\/span><\/p><p class='rDLabel2'>Das Buch wurde <span class='rDText2'>1<\/span><span class='rDLabel2'> mal gelesen.<\/span><\/p><\/td><\/tr><tr><td colspan='2'><p class='rDLabel1'>Inhalt:<\/p><span class='rDText2'>Die beiden M\u00e4rchenm\u00e4use Alfons Graufellus und Felix von Katzenschreck erz\u00e4hlen in diesem Buch das bekannte M\u00e4rchen der Br\u00fcder Grimm Von einem, der auszog, das F\u00fcrchten zu lernen auf witzige und unterhaltsame Weise nach. Im Buch gibt es zus\u00e4tzliche Informationen, Rezepte, Lieder und viele Gags, die Kindern noch mehr Spa\u00df an den M\u00e4rchen bereiten. Auf der beiliegenden CD (fast 50 Min.) haben die aus Theater und Fernsehen bekannten Schauspieler und Comedians Thomas Nicolai und Stefan Kaminski ein abwechslungsreiches H\u00f6rspiel mit Musik, Liedern und vielen weiteren Effekten inszeniert, das seinesgleichen sucht: Kinder und Erwachsene kommen bei den M\u00e4rchenm\u00e4usen voll auf ihre Kosten!<\/span><\/td><\/tr><tr><td colspan='2'><a href='#' onclick='history.back(); return false'>Zur\u00fcck<\/a><\/td><\/tr><\/tbody><\/table>\n","protected":false},"excerpt":{"rendered":"","protected":false},"author":1,"featured_media":0,"parent":0,"menu_order":0,"comment_status":"closed","ping_status":"closed","template":"","meta":[],"_links":{"self":[{"href":"https:\/\/www.web-rr.de\/GHS-Buecherei\/index.php\/wp-json\/wp\/v2\/pages\/4858"}],"collection":[{"href":"https:\/\/www.web-rr.de\/GHS-Buecherei\/index.php\/wp-json\/wp\/v2\/pages"}],"about":[{"href":"https:\/\/www.web-rr.de\/GHS-Buecherei\/index.php\/wp-json\/wp\/v2\/types\/page"}],"author":[{"embeddable":true,"href":"https:\/\/www.web-rr.de\/GHS-Buecherei\/index.php\/wp-json\/wp\/v2\/users\/1"}],"replies":[{"embeddable":true,"href":"https:\/\/www.web-rr.de\/GHS-Buecherei\/index.php\/wp-json\/wp\/v2\/comments?post=4858"}],"version-history":[{"count":0,"href":"https:\/\/www.web-rr.de\/GHS-Buecherei\/index.php\/wp-json\/wp\/v2\/pages\/4858\/revisions"}],"wp:attachment":[{"href":"https:\/\/www.web-rr.de\/GHS-Buecherei\/index.php\/wp-json\/wp\/v2\/media?parent=4858"}],"curies":[{"name":"wp","href":"https:\/\/api.w.org\/{rel}","templated":true}]}}