{"id":4857,"date":"2021-02-23T20:00:00","date_gmt":"2021-02-23T20:00:00","guid":{"rendered":"https:\/\/www.web-rr.de\/GHS-Buecherei\/?page_id=4857"},"modified":"2021-02-22T23:59:59","modified_gmt":"2021-02-22T23:59:59","slug":"p9783862560103","status":"publish","type":"page","link":"https:\/\/www.web-rr.de\/GHS-Buecherei\/index.php\/p9783862560103\/","title":{"rendered":"M\u00e4rchen 61"},"content":{"rendered":"<table><tbody><tr><td class='rDTitel' colspan='2'>Die Geschichte von Prinz Seltsam: Wie gut, dass jeder anders ist!<\/td><\/tr><tr><td><span class='rDLabel1'>Status: <\/span><span class='rDText1Gruen'>vorhanden<\/span><\/td><td><span class='rDLabel1'>Antolin: <\/span><span class='rDText1Gruen'>ja, Empfehlung Klasse 1<\/span><\/td><\/tr><tr><td width=50%><img src='https:\/\/www.web-rr.de\/GHS-Buecherei\/wp-content\/uploads\/9783862560103.jpg' alt=''><\/td><td><p class='rDLabel2'>von <span class='rDText2'>Silke Schnee<\/span><\/p><p class='rDLabel2'>Verlag: <span class='rDText2'>Neufeld Verlag,  2011,  14.90 \u20ac<\/span><\/p><p class='rDLabel2'>B\u00fccherei-Barcode: <span class='rDText2'>9783862560103<\/span><\/p><p class='rDLabel2'>In der B\u00fccherei erfasst am: <span class='rDText2'>01.04.2014<\/span><\/p><p class='rDLabel2'>Stichw\u00f6rter: <span class='rDText2'>anders sein, Inklusion, Behinderung, Down-Syndrom, K\u00f6nig, Prinz<\/span><\/p><p class='rDLabel2'>Lesealter ca. <span class='rDText2'>6<\/span><span class='rDLabel2'> Jahre<\/span><\/p><p class='rDLabel2'>Das Buch wurde <span class='rDText2'>0<\/span><span class='rDLabel2'> mal gelesen.<\/span><\/p><\/td><\/tr><tr><td colspan='2'><p class='rDLabel1'>Inhalt:<\/p><span class='rDText2'>Es gibt nichts Sch\u00f6neres auf der Welt, als Kinder zu haben. Und so freut sich das K\u00f6nigspaar auf sein drittes Kind. Er sieht ein bisschen seltsam aus , findet der K\u00f6nig, als Prinz Noah zur Welt kommt. Er ist anders als die anderen , meint auch die K\u00f6nigin. Doch bald merken sie, dass er ein ganz besonderer Mensch ist. Als der kleine Prinz Seltsam den Angriff des Schwarzen Ritters auf seine Weise abwehrt und das ganze Volk damit rettet, entdecken schlie\u00dflich alle: Wie gut, dass jeder anders ist! Ein Bilderbuch f\u00fcr Kinder ab 3 Jahren, das Verst\u00e4ndnis weckt f\u00fcr Kinder mit Down-Syndrom und anderen Entwicklungsverz\u00f6gerungen. Es gibt Kinder, die sind langsamer. Es gibt Kinder, die k\u00f6nnen nicht so gut laufen. Es gibt Kinder, die kaum oder gar nicht sprechen k\u00f6nnen. Sie alle geh\u00f6ren dazu und sie sind ein Gewinn f\u00fcr unser Leben.<\/span><\/td><\/tr><tr><td colspan='2'><a href='#' onclick='history.back(); return false'>Zur\u00fcck<\/a><\/td><\/tr><\/tbody><\/table>\n","protected":false},"excerpt":{"rendered":"","protected":false},"author":1,"featured_media":0,"parent":0,"menu_order":0,"comment_status":"closed","ping_status":"closed","template":"","meta":[],"_links":{"self":[{"href":"https:\/\/www.web-rr.de\/GHS-Buecherei\/index.php\/wp-json\/wp\/v2\/pages\/4857"}],"collection":[{"href":"https:\/\/www.web-rr.de\/GHS-Buecherei\/index.php\/wp-json\/wp\/v2\/pages"}],"about":[{"href":"https:\/\/www.web-rr.de\/GHS-Buecherei\/index.php\/wp-json\/wp\/v2\/types\/page"}],"author":[{"embeddable":true,"href":"https:\/\/www.web-rr.de\/GHS-Buecherei\/index.php\/wp-json\/wp\/v2\/users\/1"}],"replies":[{"embeddable":true,"href":"https:\/\/www.web-rr.de\/GHS-Buecherei\/index.php\/wp-json\/wp\/v2\/comments?post=4857"}],"version-history":[{"count":0,"href":"https:\/\/www.web-rr.de\/GHS-Buecherei\/index.php\/wp-json\/wp\/v2\/pages\/4857\/revisions"}],"wp:attachment":[{"href":"https:\/\/www.web-rr.de\/GHS-Buecherei\/index.php\/wp-json\/wp\/v2\/media?parent=4857"}],"curies":[{"name":"wp","href":"https:\/\/api.w.org\/{rel}","templated":true}]}}