{"id":4856,"date":"2021-02-23T20:00:00","date_gmt":"2021-02-23T20:00:00","guid":{"rendered":"https:\/\/www.web-rr.de\/GHS-Buecherei\/?page_id=4856"},"modified":"2021-02-22T23:59:59","modified_gmt":"2021-02-22T23:59:59","slug":"p9783825174095","status":"publish","type":"page","link":"https:\/\/www.web-rr.de\/GHS-Buecherei\/index.php\/p9783825174095\/","title":{"rendered":"M\u00e4rchen 60"},"content":{"rendered":"<table><tbody><tr><td class='rDTitel' colspan='2'>Die sch\u00f6nste aller Blumen. Vergessene M\u00e4rchen aus Europas Osten<\/td><\/tr><tr><td><span class='rDLabel1'>Status: <\/span><span class='rDText1Gruen'>vorhanden<\/span><\/td><td><span class='rDLabel1'>Antolin: <\/span><span class='rDText1Rot'>Quiz nicht vorhanden.<\/span><\/td><\/tr><tr><td width=50%><img src='https:\/\/www.web-rr.de\/GHS-Buecherei\/wp-content\/uploads\/9783825174095.jpg' alt=''><\/td><td><p class='rDLabel2'>von <span class='rDText2'>Antonia Barber<\/span><\/p><p class='rDLabel2'>Verlag: <span class='rDText2'>Urachhaus,  2002,  13.50 \u20ac<\/span><\/p><p class='rDLabel2'>B\u00fccherei-Barcode: <span class='rDText2'>9783825174095<\/span><\/p><p class='rDLabel2'>In der B\u00fccherei erfasst am: <span class='rDText2'>01.04.2014<\/span><\/p><p class='rDLabel2'>Stichw\u00f6rter: <span class='rDText2'>Russland, Slowakei, Polen, Slowenien, Kroatien, Serbien, Rum\u00e4nien<\/span><\/p><p class='rDLabel2'>Lesealter ca. <span class='rDText2'>-<\/span><span class='rDLabel2'> Jahre<\/span><\/p><p class='rDLabel2'>Das Buch wurde <span class='rDText2'>1<\/span><span class='rDLabel2'> mal gelesen.<\/span><\/p><\/td><\/tr><tr><td colspan='2'><p class='rDLabel1'>Inhalt:<\/p><span class='rDText2'>Diese sieben wenig bekannten M\u00e4rchen aus Russland, Slowakei, Polen, Slowenien, Kroatien, Serbien und Rum\u00e4nien erz\u00e4hlen von armen K\u00f6nigen, klugen Bauern und dummen Drachen. Die kunstvollen Illustrationen unterstreichen den typischen Humor der osteurop\u00e4ischen Region. Diese sieben wenig bekannten M\u00e4rchen aus Russland, Slowakei, Polen, Slowenien, Kroatien, Serbien und Rum\u00e4nien erz\u00e4hlen von armen K\u00f6nigen, klugen Bauern und dummen Drachen. Die kunstvollen Illustrationen unterstreichen den typischen Humor der osteurop\u00e4ischen Region. Inhalt: - Die zw\u00f6lf Monate - Das Elend - Der Sch\u00e4ferk\u00f6nig - Die sch\u00f6nste aller Blumen - Die geschw\u00e4tzige Frau - Der gl\u00fcckliche Mann - Die hundert Kinder<\/span><\/td><\/tr><tr><td colspan='2'><a href='#' onclick='history.back(); return false'>Zur\u00fcck<\/a><\/td><\/tr><\/tbody><\/table>\n","protected":false},"excerpt":{"rendered":"","protected":false},"author":1,"featured_media":0,"parent":0,"menu_order":0,"comment_status":"closed","ping_status":"closed","template":"","meta":[],"_links":{"self":[{"href":"https:\/\/www.web-rr.de\/GHS-Buecherei\/index.php\/wp-json\/wp\/v2\/pages\/4856"}],"collection":[{"href":"https:\/\/www.web-rr.de\/GHS-Buecherei\/index.php\/wp-json\/wp\/v2\/pages"}],"about":[{"href":"https:\/\/www.web-rr.de\/GHS-Buecherei\/index.php\/wp-json\/wp\/v2\/types\/page"}],"author":[{"embeddable":true,"href":"https:\/\/www.web-rr.de\/GHS-Buecherei\/index.php\/wp-json\/wp\/v2\/users\/1"}],"replies":[{"embeddable":true,"href":"https:\/\/www.web-rr.de\/GHS-Buecherei\/index.php\/wp-json\/wp\/v2\/comments?post=4856"}],"version-history":[{"count":0,"href":"https:\/\/www.web-rr.de\/GHS-Buecherei\/index.php\/wp-json\/wp\/v2\/pages\/4856\/revisions"}],"wp:attachment":[{"href":"https:\/\/www.web-rr.de\/GHS-Buecherei\/index.php\/wp-json\/wp\/v2\/media?parent=4856"}],"curies":[{"name":"wp","href":"https:\/\/api.w.org\/{rel}","templated":true}]}}