{"id":4851,"date":"2021-02-23T20:00:00","date_gmt":"2021-02-23T20:00:00","guid":{"rendered":"https:\/\/www.web-rr.de\/GHS-Buecherei\/?page_id=4851"},"modified":"2021-02-22T23:59:59","modified_gmt":"2021-02-22T23:59:59","slug":"p9783898764483","status":"publish","type":"page","link":"https:\/\/www.web-rr.de\/GHS-Buecherei\/index.php\/p9783898764483\/","title":{"rendered":"M\u00e4rchen 54"},"content":{"rendered":"<table><tbody><tr><td class='rDTitel' colspan='2'>Edition Kinderland: Lebendes Spielzeug: Ein M\u00e4rchen<\/td><\/tr><tr><td><span class='rDLabel1'>Status: <\/span><span class='rDText1Gruen'>vorhanden<\/span><\/td><td><span class='rDLabel1'>Antolin: <\/span><span class='rDText1Rot'>Quiz nicht vorhanden.<\/span><\/td><\/tr><tr><td width=50%><img src='https:\/\/www.web-rr.de\/GHS-Buecherei\/wp-content\/uploads\/9783898764483.jpg' alt=''><\/td><td><p class='rDLabel2'>von <span class='rDText2'>Heinrich Meise<\/span><\/p><p class='rDLabel2'>Verlag: <span class='rDText2'>Husum,  2009,  12.95 \u20ac<\/span><\/p><p class='rDLabel2'>B\u00fccherei-Barcode: <span class='rDText2'>9783898764483<\/span><\/p><p class='rDLabel2'>In der B\u00fccherei erfasst am: <span class='rDText2'>01.04.2014<\/span><\/p><p class='rDLabel2'>Stichw\u00f6rter: <span class='rDText2'>Spielzeuge, Plaumentoffel, Harlekine, D\u00e4umling, Blumenkinder, Rotk\u00e4ppchen, Tirolerinnen, Schneewittchen, Rattenf\u00e4nger, Kasper<\/span><\/p><p class='rDLabel2'>Lesealter ca. <span class='rDText2'>-<\/span><span class='rDLabel2'> Jahre<\/span><\/p><p class='rDLabel2'>Das Buch wurde <span class='rDText2'>0<\/span><span class='rDLabel2'> mal gelesen.<\/span><\/p><\/td><\/tr><tr><td colspan='2'><p class='rDLabel1'>Inhalt:<\/p><span class='rDText2'>Gertrud Caspari stellte bevorzugt Motive aus dem unmittelbaren kindlichen Lebensumfeld dar. So auch im vorliegenden Band: In der Nacht zum vierten Adventssonntag werden die Spielzeuge pl\u00f6tzlich lebendig \u2013 Plaumentoffel, Harlekine, D\u00e4umling, Blumenkinder, Rotk\u00e4ppchen, Tirolerinnen, Schneewittchen, Rattenf\u00e4nger, Kasper und wilde Tiere feiern ein n\u00e4chtliches Fest. Das unvollendete Manuskript, das in ihrem Nachlass gefunden wurde, gibt den vorhandenen Text mit zahlreichen aquarellierten Zeichnungen, Vorzeichnungen sowie Skizzen wieder. Die Abbildungen zeigen viele Beispiele aus der Figurenwelt der Gr\u00fcnhainichener Werkst\u00e4tten der Firma Wendt & K\u00fchn, mit deren Gestalterin Grete Wendt Gertrud Caspari befreundet war. Der vorliegende Erstdruck kn\u00fcpft mit seinem Titel an Casparis bereits 1903 erschienenes Buch \u201eDas lebende Spielzeug\u201c an.<\/span><\/td><\/tr><tr><td colspan='2'><a href='#' onclick='history.back(); return false'>Zur\u00fcck<\/a><\/td><\/tr><\/tbody><\/table>\n","protected":false},"excerpt":{"rendered":"","protected":false},"author":1,"featured_media":0,"parent":0,"menu_order":0,"comment_status":"closed","ping_status":"closed","template":"","meta":[],"_links":{"self":[{"href":"https:\/\/www.web-rr.de\/GHS-Buecherei\/index.php\/wp-json\/wp\/v2\/pages\/4851"}],"collection":[{"href":"https:\/\/www.web-rr.de\/GHS-Buecherei\/index.php\/wp-json\/wp\/v2\/pages"}],"about":[{"href":"https:\/\/www.web-rr.de\/GHS-Buecherei\/index.php\/wp-json\/wp\/v2\/types\/page"}],"author":[{"embeddable":true,"href":"https:\/\/www.web-rr.de\/GHS-Buecherei\/index.php\/wp-json\/wp\/v2\/users\/1"}],"replies":[{"embeddable":true,"href":"https:\/\/www.web-rr.de\/GHS-Buecherei\/index.php\/wp-json\/wp\/v2\/comments?post=4851"}],"version-history":[{"count":0,"href":"https:\/\/www.web-rr.de\/GHS-Buecherei\/index.php\/wp-json\/wp\/v2\/pages\/4851\/revisions"}],"wp:attachment":[{"href":"https:\/\/www.web-rr.de\/GHS-Buecherei\/index.php\/wp-json\/wp\/v2\/media?parent=4851"}],"curies":[{"name":"wp","href":"https:\/\/api.w.org\/{rel}","templated":true}]}}