{"id":4836,"date":"2021-02-23T20:00:00","date_gmt":"2021-02-23T20:00:00","guid":{"rendered":"https:\/\/www.web-rr.de\/GHS-Buecherei\/?page_id=4836"},"modified":"2021-02-22T23:59:59","modified_gmt":"2021-02-22T23:59:59","slug":"p9783939337157","status":"publish","type":"page","link":"https:\/\/www.web-rr.de\/GHS-Buecherei\/index.php\/p9783939337157\/","title":{"rendered":"M\u00e4rchen 38"},"content":{"rendered":"<table><tbody><tr><td class='rDTitel' colspan='2'>Die verzauberte Prinzessin<\/td><\/tr><tr><td><span class='rDLabel1'>Status: <\/span><span class='rDText1Gruen'>vorhanden<\/span><\/td><td><span class='rDLabel1'>Antolin: <\/span><span class='rDText1Gruen'>ja, Empfehlung Klasse 4<\/span><\/td><\/tr><tr><td width=50%><img src='https:\/\/www.web-rr.de\/GHS-Buecherei\/wp-content\/uploads\/9783939337157.jpg' alt=''><\/td><td><p class='rDLabel2'>von <span class='rDText2'>Ludwig Bechstein<\/span><\/p><p class='rDLabel2'>Verlag: <span class='rDText2'>Schenk, Passau,  2006,  14.95 \u20ac<\/span><\/p><p class='rDLabel2'>B\u00fccherei-Barcode: <span class='rDText2'>9783939337157<\/span><\/p><p class='rDLabel2'>In der B\u00fccherei erfasst am: <span class='rDText2'>01.04.2014<\/span><\/p><p class='rDLabel2'>Stichw\u00f6rter: <span class='rDText2'>Prinzessin, Natterkr\u00f6nlein, Zauberwettkamp, Hirsedieb, goldene Rehbock, Nusszweiglein<\/span><\/p><p class='rDLabel2'>Lesealter ca. <span class='rDText2'>8<\/span><span class='rDLabel2'> Jahre<\/span><\/p><p class='rDLabel2'>Das Buch wurde <span class='rDText2'>1<\/span><span class='rDLabel2'> mal gelesen.<\/span><\/p><\/td><\/tr><tr><td colspan='2'><p class='rDLabel1'>Inhalt:<\/p><span class='rDText2'>Die M\u00e4rchen aus dem Buch: Die verzauberte Prinzessin, Das Natterkr\u00f6nlein, Der Zauberwettkamp, Hirsedieb, Das goldene Rehbock, Das Nusszweiglein, Der Mann ohne Herz, Die beiden kugelrunden M\u00fcller, Die sieben Raben, Die sch\u00f6ne junge Braut, Die drei Musikanten, Die dankbare Tiere, Die drei Hochzeitsg\u00e4ste, Der starke Gottlieb, Der Hase und der Fuchs. Eine kleine Auswahl des umfangreichen Schaffens von Ludwig Bechstein, 15 M\u00e4rchen, enth\u00e4lt der zur Frankfurter Buchmesse 2006 erschienene, wunderbar illustrierte Band des Schenk Verlags. Damit sie auch die jungen Leser des 21. Jahrhunderts ohne fremde Hilfe verstehen k\u00f6nnen, wurden die Texte behutsam bearbeitet und leicht modernisiert. Dabei wurde besonderer Wert darauf gelegt, das besondere Flair und die \u00bbAltert\u00fcmlichkeit\u00ab der bechsteinschen Originale beizubehalten. Die Rechtschreibung entspricht den Duden-Empfehlungen zur seit dem 1. August 2006 verbindlichen neuen deutschen Rechtschreibung. Die zugleich modernen und historisch anmutenden Illustrationen sind das Werk der herausragenden ungarischen Illustratorin Katalin Szegedi.<\/span><\/td><\/tr><tr><td colspan='2'><a href='#' onclick='history.back(); return false'>Zur\u00fcck<\/a><\/td><\/tr><\/tbody><\/table>\n","protected":false},"excerpt":{"rendered":"","protected":false},"author":1,"featured_media":0,"parent":0,"menu_order":0,"comment_status":"closed","ping_status":"closed","template":"","meta":[],"_links":{"self":[{"href":"https:\/\/www.web-rr.de\/GHS-Buecherei\/index.php\/wp-json\/wp\/v2\/pages\/4836"}],"collection":[{"href":"https:\/\/www.web-rr.de\/GHS-Buecherei\/index.php\/wp-json\/wp\/v2\/pages"}],"about":[{"href":"https:\/\/www.web-rr.de\/GHS-Buecherei\/index.php\/wp-json\/wp\/v2\/types\/page"}],"author":[{"embeddable":true,"href":"https:\/\/www.web-rr.de\/GHS-Buecherei\/index.php\/wp-json\/wp\/v2\/users\/1"}],"replies":[{"embeddable":true,"href":"https:\/\/www.web-rr.de\/GHS-Buecherei\/index.php\/wp-json\/wp\/v2\/comments?post=4836"}],"version-history":[{"count":0,"href":"https:\/\/www.web-rr.de\/GHS-Buecherei\/index.php\/wp-json\/wp\/v2\/pages\/4836\/revisions"}],"wp:attachment":[{"href":"https:\/\/www.web-rr.de\/GHS-Buecherei\/index.php\/wp-json\/wp\/v2\/media?parent=4836"}],"curies":[{"name":"wp","href":"https:\/\/api.w.org\/{rel}","templated":true}]}}