{"id":4831,"date":"2021-02-23T20:00:00","date_gmt":"2021-02-23T20:00:00","guid":{"rendered":"https:\/\/www.web-rr.de\/GHS-Buecherei\/?page_id=4831"},"modified":"2021-02-22T23:59:59","modified_gmt":"2021-02-22T23:59:59","slug":"p9783900254223","status":"publish","type":"page","link":"https:\/\/www.web-rr.de\/GHS-Buecherei\/index.php\/p9783900254223\/","title":{"rendered":"M\u00e4rchen 32"},"content":{"rendered":"<table><tbody><tr><td class='rDTitel' colspan='2'>Feuerschuh und Lindengr\u00fcn<\/td><\/tr><tr><td><span class='rDLabel1'>Status: <\/span><span class='rDText1Gruen'>vorhanden<\/span><\/td><td><span class='rDLabel1'>Antolin: <\/span><span class='rDText1Gruen'>ja, Empfehlung Klasse 6<\/span><\/td><\/tr><tr><td width=50%><img src='https:\/\/www.web-rr.de\/GHS-Buecherei\/wp-content\/uploads\/9783900254223.jpg' alt=''><\/td><td><p class='rDLabel2'>von <span class='rDText2'>Waltraud Ferrari<\/span><\/p><p class='rDLabel2'>Verlag: <span class='rDText2'>Cm Medienverlag,  2006,  15.90 \u20ac<\/span><\/p><p class='rDLabel2'>B\u00fccherei-Barcode: <span class='rDText2'>9783900254223<\/span><\/p><p class='rDLabel2'>In der B\u00fccherei erfasst am: <span class='rDText2'>01.04.2014<\/span><\/p><p class='rDLabel2'>Stichw\u00f6rter: <span class='rDText2'>Hexe, Zauberei, Wunder, Magie<\/span><\/p><p class='rDLabel2'>Lesealter ca. <span class='rDText2'>10<\/span><span class='rDLabel2'> Jahre<\/span><\/p><p class='rDLabel2'>Das Buch wurde <span class='rDText2'>0<\/span><span class='rDLabel2'> mal gelesen.<\/span><\/p><\/td><\/tr><tr><td colspan='2'><p class='rDLabel1'>Inhalt:<\/p><span class='rDText2'>\"Au\u00dferdem - es war doch Aufgabe einer Hexe, das alte Wissen um die Wunder dieser Welt zu bewahren, davon zu berichten und zu gegebenem Zeitpunkt durch Zauberei zu beweisen. L\u00e4tizia Feuerschuh, ihres Zeichens Hexe von Venedig, war sich ganz sicher, dass da noch einiges auf sie zukam, das nicht einmal die Kl\u00fcgste ihrer Hexenschwestern in einem venezianischen Glasspiegel vorherzusehen vermochte.\"Gemeinsam mit L\u00e4tizia Feuerschuh setzen Philyra Lindengr\u00fcn, Hexe aus einem einsamen Hochtal der Alpen, Mira, ein mutiges M\u00e4dchen, und der alte Glasbl\u00e4ser-Heinrich alles daran, das sagenumwobene Land zu retten, das durch Gier und Vergessenheit bedroht ist.Wem es gelingt, die schmale Grenze zwischen den Welten zu durchschreiten, der taucht ein in das Reich von Wunder, Magie und Zauberei. Die meisterhaften Illustrationen von Nicolaus Trnka Strasnitzky erm\u00f6glichen einen Blick in diese Welt und erz\u00e4hlen \u00fcberdies von dem, was zwischen den Zeilen steht.<\/span><\/td><\/tr><tr><td colspan='2'><a href='#' onclick='history.back(); return false'>Zur\u00fcck<\/a><\/td><\/tr><\/tbody><\/table>\n","protected":false},"excerpt":{"rendered":"","protected":false},"author":1,"featured_media":0,"parent":0,"menu_order":0,"comment_status":"closed","ping_status":"closed","template":"","meta":[],"_links":{"self":[{"href":"https:\/\/www.web-rr.de\/GHS-Buecherei\/index.php\/wp-json\/wp\/v2\/pages\/4831"}],"collection":[{"href":"https:\/\/www.web-rr.de\/GHS-Buecherei\/index.php\/wp-json\/wp\/v2\/pages"}],"about":[{"href":"https:\/\/www.web-rr.de\/GHS-Buecherei\/index.php\/wp-json\/wp\/v2\/types\/page"}],"author":[{"embeddable":true,"href":"https:\/\/www.web-rr.de\/GHS-Buecherei\/index.php\/wp-json\/wp\/v2\/users\/1"}],"replies":[{"embeddable":true,"href":"https:\/\/www.web-rr.de\/GHS-Buecherei\/index.php\/wp-json\/wp\/v2\/comments?post=4831"}],"version-history":[{"count":0,"href":"https:\/\/www.web-rr.de\/GHS-Buecherei\/index.php\/wp-json\/wp\/v2\/pages\/4831\/revisions"}],"wp:attachment":[{"href":"https:\/\/www.web-rr.de\/GHS-Buecherei\/index.php\/wp-json\/wp\/v2\/media?parent=4831"}],"curies":[{"name":"wp","href":"https:\/\/api.w.org\/{rel}","templated":true}]}}