{"id":4828,"date":"2021-02-23T20:00:00","date_gmt":"2021-02-23T20:00:00","guid":{"rendered":"https:\/\/www.web-rr.de\/GHS-Buecherei\/?page_id=4828"},"modified":"2021-02-22T23:59:59","modified_gmt":"2021-02-22T23:59:59","slug":"p9783833945571","status":"publish","type":"page","link":"https:\/\/www.web-rr.de\/GHS-Buecherei\/index.php\/p9783833945571\/","title":{"rendered":"M\u00e4rchen 27"},"content":{"rendered":"<table><tbody><tr><td class='rDTitel' colspan='2'>Die andere M\u00e4rchenbibliothek 05. Der falsche Froschk\u00f6nig<\/td><\/tr><tr><td><span class='rDLabel1'>Status: <\/span><span class='rDText1Gruen'>vorhanden<\/span><\/td><td><span class='rDLabel1'>Antolin: <\/span><span class='rDText1Rot'>Quiz nicht vorhanden.<\/span><\/td><\/tr><tr><td width=50%><img src='https:\/\/www.web-rr.de\/GHS-Buecherei\/wp-content\/uploads\/9783833945571.jpg' alt=''><\/td><td><p class='rDLabel2'>von <span class='rDText2'>Otto Waalkes<\/span><\/p><p class='rDLabel2'>Verlag: <span class='rDText2'>Baumhaus Verlag GmbH,  2007,  6.90 \u20ac<\/span><\/p><p class='rDLabel2'>B\u00fccherei-Barcode: <span class='rDText2'>9783833945571<\/span><\/p><p class='rDLabel2'>In der B\u00fccherei erfasst am: <span class='rDText2'>01.04.2014<\/span><\/p><p class='rDLabel2'>Stichw\u00f6rter: <span class='rDText2'>7 Zwerge, Frosch, Unke, Br\u00fcder Grimm<\/span><\/p><p class='rDLabel2'>Lesealter ca. <span class='rDText2'>-<\/span><span class='rDLabel2'> Jahre<\/span><\/p><p class='rDLabel2'>Das Buch wurde <span class='rDText2'>1<\/span><span class='rDLabel2'> mal gelesen.<\/span><\/p><\/td><\/tr><tr><td colspan='2'><p class='rDLabel1'>Inhalt:<\/p><span class='rDText2'>Von Prinzen wimmelt es in der M\u00e4rchenwelt und nicht wenige von ihnen sind verwunschen. Der ber\u00fchmteste Fall von Verwandlungszauber ist wohl der Froschk\u00f6nig. Schon im Grimmschen Original f\u00e4llt auf, dass der in seiner amphibischen Gestalt seiner ihm zu Dankbarkeit verpflichteten Prinzessin so unziemlich auf die Nerven geht, dass die ihn schlie\u00dflich mit w\u00fctender Wucht gegen die Wand wirft. Die Unversch\u00e4mtheiten des Grimm- Froschs sind freilich gedeckt durch dessen R\u00fcckverwandlung - was aber, wenn der Frosch gelogen h\u00e4tte und in seiner feuchten Haut kein Prinz steckte, sondern ein gew\u00f6hnlicher Kr\u00f6terich, der dazu noch mit einer alten Unke verheiratet ist. Das riecht nach \u00f6ffentlichem \u00c4rgernis und entwickelt sich zum royalen Skandalon. Und selbst die 7 Zwerge k\u00f6nnen das nicht verhindern.<\/span><\/td><\/tr><tr><td colspan='2'><a href='#' onclick='history.back(); return false'>Zur\u00fcck<\/a><\/td><\/tr><\/tbody><\/table>\n","protected":false},"excerpt":{"rendered":"","protected":false},"author":1,"featured_media":0,"parent":0,"menu_order":0,"comment_status":"closed","ping_status":"closed","template":"","meta":[],"_links":{"self":[{"href":"https:\/\/www.web-rr.de\/GHS-Buecherei\/index.php\/wp-json\/wp\/v2\/pages\/4828"}],"collection":[{"href":"https:\/\/www.web-rr.de\/GHS-Buecherei\/index.php\/wp-json\/wp\/v2\/pages"}],"about":[{"href":"https:\/\/www.web-rr.de\/GHS-Buecherei\/index.php\/wp-json\/wp\/v2\/types\/page"}],"author":[{"embeddable":true,"href":"https:\/\/www.web-rr.de\/GHS-Buecherei\/index.php\/wp-json\/wp\/v2\/users\/1"}],"replies":[{"embeddable":true,"href":"https:\/\/www.web-rr.de\/GHS-Buecherei\/index.php\/wp-json\/wp\/v2\/comments?post=4828"}],"version-history":[{"count":0,"href":"https:\/\/www.web-rr.de\/GHS-Buecherei\/index.php\/wp-json\/wp\/v2\/pages\/4828\/revisions"}],"wp:attachment":[{"href":"https:\/\/www.web-rr.de\/GHS-Buecherei\/index.php\/wp-json\/wp\/v2\/media?parent=4828"}],"curies":[{"name":"wp","href":"https:\/\/api.w.org\/{rel}","templated":true}]}}