{"id":4822,"date":"2021-02-23T20:00:00","date_gmt":"2021-02-23T20:00:00","guid":{"rendered":"https:\/\/www.web-rr.de\/GHS-Buecherei\/?page_id=4822"},"modified":"2021-02-22T23:59:59","modified_gmt":"2021-02-22T23:59:59","slug":"p9783855461691","status":"publish","type":"page","link":"https:\/\/www.web-rr.de\/GHS-Buecherei\/index.php\/p9783855461691\/","title":{"rendered":"M\u00e4rchen 18"},"content":{"rendered":"<table><tbody><tr><td class='rDTitel' colspan='2'>Wie Zebra zu seinen Streifen kam: Tierm\u00e4rchen aus Afrika<\/td><\/tr><tr><td><span class='rDLabel1'>Status: <\/span><span class='rDText1Gruen'>vorhanden<\/span><\/td><td><span class='rDLabel1'>Antolin: <\/span><span class='rDText1Rot'>Quiz nicht vorhanden.<\/span><\/td><\/tr><tr><td width=50%><img src='https:\/\/www.web-rr.de\/GHS-Buecherei\/wp-content\/uploads\/9783855461691.jpg' alt=''><\/td><td><p class='rDLabel2'>von <span class='rDText2'>Nick Greaves<\/span><\/p><p class='rDLabel2'>Verlag: <span class='rDText2'>Baeschlin Verlag,  2005,  32.80 \u20ac<\/span><\/p><p class='rDLabel2'>B\u00fccherei-Barcode: <span class='rDText2'>9783855461691<\/span><\/p><p class='rDLabel2'>In der B\u00fccherei erfasst am: <span class='rDText2'>01.04.2014<\/span><\/p><p class='rDLabel2'>Stichw\u00f6rter: <span class='rDText2'>Tiere, M\u00e4rchen<\/span><\/p><p class='rDLabel2'>Lesealter ca. <span class='rDText2'>-<\/span><span class='rDLabel2'> Jahre<\/span><\/p><p class='rDLabel2'>Das Buch wurde <span class='rDText2'>2<\/span><span class='rDLabel2'> mal gelesen.<\/span><\/p><\/td><\/tr><tr><td colspan='2'><p class='rDLabel1'>Inhalt:<\/p><span class='rDText2'>Afrika hat nicht nur eine grossartige Tierwelt, die leider immer mehr verschwindet, Afrika ist auch ein Kontinent voll von Geheimnissen. Unz\u00e4hlige Geschichten, erz\u00e4hlt von verschiedenen St\u00e4mmen in allen Regionen Afrikas, lassen den kulturellen Reichtum erahnen. Das Buch zeigt, wie eng Tierwelt und Mythologie zusammenh\u00e4ngen. Es erg\u00e4nzt Sagen \u00fcber die grossartigen Wildtiere mit Sachwissen und naturgetreuen Illustrationen. Phantasie oder vielleicht auch althergebrachte Vorstellungen \u00fcber die Entstehung des Universums und genaue Kenntnisse der Natur treffen sich in dieser den Buschm\u00e4nnern zugeschriebenen Legende. Wer glaubt, die afrikanische Tierwelt zu kennen, wird eines besseren belehrt, wenn er die Erz\u00e4hlungen der Zulus, Shona, Hottentotten und verschiedenen anderen St\u00e4mme liest. Und die Lebensweisheiten, die diese Tiergeschichten mitgeben, d\u00fcrfen getrost auch f\u00fcr uns Europ\u00e4er gelten. Die kurzweiligen Geschichten werden immer erg\u00e4nzt durch eine Karte mit dem Verbreitungsgebiet der Tierart und Angaben zu Gr\u00f6sse, Fortpflanzung usw.<\/span><\/td><\/tr><tr><td colspan='2'><a href='#' onclick='history.back(); return false'>Zur\u00fcck<\/a><\/td><\/tr><\/tbody><\/table>\n","protected":false},"excerpt":{"rendered":"","protected":false},"author":1,"featured_media":0,"parent":0,"menu_order":0,"comment_status":"closed","ping_status":"closed","template":"","meta":[],"_links":{"self":[{"href":"https:\/\/www.web-rr.de\/GHS-Buecherei\/index.php\/wp-json\/wp\/v2\/pages\/4822"}],"collection":[{"href":"https:\/\/www.web-rr.de\/GHS-Buecherei\/index.php\/wp-json\/wp\/v2\/pages"}],"about":[{"href":"https:\/\/www.web-rr.de\/GHS-Buecherei\/index.php\/wp-json\/wp\/v2\/types\/page"}],"author":[{"embeddable":true,"href":"https:\/\/www.web-rr.de\/GHS-Buecherei\/index.php\/wp-json\/wp\/v2\/users\/1"}],"replies":[{"embeddable":true,"href":"https:\/\/www.web-rr.de\/GHS-Buecherei\/index.php\/wp-json\/wp\/v2\/comments?post=4822"}],"version-history":[{"count":0,"href":"https:\/\/www.web-rr.de\/GHS-Buecherei\/index.php\/wp-json\/wp\/v2\/pages\/4822\/revisions"}],"wp:attachment":[{"href":"https:\/\/www.web-rr.de\/GHS-Buecherei\/index.php\/wp-json\/wp\/v2\/media?parent=4822"}],"curies":[{"name":"wp","href":"https:\/\/api.w.org\/{rel}","templated":true}]}}