{"id":4815,"date":"2021-02-23T20:00:00","date_gmt":"2021-02-23T20:00:00","guid":{"rendered":"https:\/\/www.web-rr.de\/GHS-Buecherei\/?page_id=4815"},"modified":"2021-02-22T23:59:59","modified_gmt":"2021-02-22T23:59:59","slug":"p9783473329380","status":"publish","type":"page","link":"https:\/\/www.web-rr.de\/GHS-Buecherei\/index.php\/p9783473329380\/","title":{"rendered":"M\u00e4rchen 01"},"content":{"rendered":"<table><tbody><tr><td class='rDTitel' colspan='2'>Wir entdecken M\u00e4rchen - Wieso? Weshalb? Warum? 68<\/td><\/tr><tr><td><span class='rDLabel1'>Status: <\/span><span class='rDText1Gruen'>vorhanden<\/span><\/td><td><span class='rDLabel1'>Antolin: <\/span><span class='rDText1Gruen'>ja, Empfehlung Klasse 3<\/span><\/td><\/tr><tr><td width=50%><img src='https:\/\/www.web-rr.de\/GHS-Buecherei\/wp-content\/uploads\/9783473329380.jpg' alt=''><\/td><td><p class='rDLabel2'>von <span class='rDText2'>Susanne Gernh\u00e4user, Marion Kreimeyer-Visse<\/span><\/p><p class='rDLabel2'>Verlag: <span class='rDText2'>Ravensburger,  2018,  14.99 \u20ac<\/span><\/p><p class='rDLabel2'>B\u00fccherei-Barcode: <span class='rDText2'>9783473329380<\/span><\/p><p class='rDLabel2'>In der B\u00fccherei erfasst am: <span class='rDText2'>25.08.2020<\/span><\/p><p class='rDLabel2'>Stichw\u00f6rter: <span class='rDText2'>Tiere, Hexe, Riesen, Zwerge, Fabel, Drachen<\/span><\/p><p class='rDLabel2'>Lesealter ca. <span class='rDText2'>7<\/span><span class='rDLabel2'> Jahre<\/span><\/p><p class='rDLabel2'>Das Buch wurde <span class='rDText2'>4<\/span><span class='rDLabel2'> mal gelesen.<\/span><\/p><\/td><\/tr><tr><td colspan='2'><p class='rDLabel1'>Inhalt:<\/p><span class='rDText2'>- \u00dcberraschendes Hintergrundwissen zu M\u00e4rchen, ohne sie zu entzaubern - Pr\u00e4chtige Bilder erwecken Drachen, Feen, Hexen und andere Fabelwesen zum Leben - \u00dcber 20 Steckbriefe stellen M\u00e4rchen in K\u00fcrze vor und regen zu Nacherz\u00e4hlungen an Alle Kinder lieben M\u00e4rchen und lauschen ihnen gebannt. Drachen, Einh\u00f6rner, Zwerge, Riesen und andere Fabel- und Sagenwesen faszinieren Kinder und befl\u00fcgeln ihre Fantasie. Dieses opulente, farbenpr\u00e4chtige und vor Details strotzende Buch beantwortet die spannendsten Fragen zu den hei\u00df geliebten Geschichten: Wer hat sie erfunden? Warum spielen Tiere darin oft eine wichtige Rolle? Warum haben Menschen fr\u00fcher an Magie und an fantastische Wesen wie Meerjungfrauen geglaubt? Dar\u00fcber hinaus geben Steckbriefe einen \u00dcberblick \u00fcber mehr als 20 der beliebtesten M\u00e4rchen.\n\r\n\rM\u00e4rchen und fantastische Wesen wie Feen, Riesen, Dschinns oder Hexen regen seit jeher die Fantasie von Kindern und Erwachsenen an. Aber wo kommen M\u00e4rchen eigentlich her? Wer hat sie erfunden und wer aufgeschrieben? Warum wurden sie erz\u00e4hlt - und k\u00f6nnen wir aus den Geschichten vielleicht sogar etwas lernen? Dieses Buch vermittelt spielerisch, was alle M\u00e4rchen gemeinsam haben, warum Tiere darin oft so eine wichtige Rolle spielen und warum die Menschen fr\u00fcher an Magie und Fabelwesen wie Einh\u00f6rner, Meerjungfrauen und Seeschlangen geglaubt haben. Auf einer Doppelseite werden dar\u00fcber hinaus Figuren aus griechischen Sagen, aber auch Wesen wie Drachen oder der Klabautermann vorgestellt. Steckbriefe fassen \u00fcber 20 der bekanntesten und beliebtesten M\u00e4rchen in K\u00fcrze zusammen. Ein besonderes Highlight findet sich am Ende dieses Prachtbands: Eine gro\u00dfe filigrane Scherenschnitt-Klappe l\u00e4dt zu einem stimmungsvollen Schattenspiel ein. Das Buch wirft einen sachlichen Blick auf die fantastische M\u00e4rchenwelt, ohne sie zu entzaubern. Fantasievolle, farbenpr\u00e4chtige und vor Details strotzende Bilder sowie au\u00dfergew\u00f6hnliche Klappeneffekte lassen Kinder von 4 bis 7 Jahren in die Welt der M\u00e4rchen und Sagen <\/span><\/td><\/tr><tr><td colspan='2'><a href='#' onclick='history.back(); return false'>Zur\u00fcck<\/a><\/td><\/tr><\/tbody><\/table>\n","protected":false},"excerpt":{"rendered":"","protected":false},"author":1,"featured_media":0,"parent":0,"menu_order":0,"comment_status":"closed","ping_status":"closed","template":"","meta":[],"_links":{"self":[{"href":"https:\/\/www.web-rr.de\/GHS-Buecherei\/index.php\/wp-json\/wp\/v2\/pages\/4815"}],"collection":[{"href":"https:\/\/www.web-rr.de\/GHS-Buecherei\/index.php\/wp-json\/wp\/v2\/pages"}],"about":[{"href":"https:\/\/www.web-rr.de\/GHS-Buecherei\/index.php\/wp-json\/wp\/v2\/types\/page"}],"author":[{"embeddable":true,"href":"https:\/\/www.web-rr.de\/GHS-Buecherei\/index.php\/wp-json\/wp\/v2\/users\/1"}],"replies":[{"embeddable":true,"href":"https:\/\/www.web-rr.de\/GHS-Buecherei\/index.php\/wp-json\/wp\/v2\/comments?post=4815"}],"version-history":[{"count":0,"href":"https:\/\/www.web-rr.de\/GHS-Buecherei\/index.php\/wp-json\/wp\/v2\/pages\/4815\/revisions"}],"wp:attachment":[{"href":"https:\/\/www.web-rr.de\/GHS-Buecherei\/index.php\/wp-json\/wp\/v2\/media?parent=4815"}],"curies":[{"name":"wp","href":"https:\/\/api.w.org\/{rel}","templated":true}]}}