{"id":4793,"date":"2021-02-23T20:00:00","date_gmt":"2021-02-23T20:00:00","guid":{"rendered":"https:\/\/www.web-rr.de\/GHS-Buecherei\/?page_id=4793"},"modified":"2021-02-22T23:59:59","modified_gmt":"2021-02-22T23:59:59","slug":"p9783401069616","status":"publish","type":"page","link":"https:\/\/www.web-rr.de\/GHS-Buecherei\/index.php\/p9783401069616\/","title":{"rendered":"M\u00e4dchen 46"},"content":{"rendered":"<table><tbody><tr><td class='rDTitel' colspan='2'>Mein Lotta-Leben Bd.5: Ich glaub, meine Kr\u00f6te pfeift<\/td><\/tr><tr><td><span class='rDLabel1'>Status: <\/span><span class='rDText1Rot'>ausgeliehen<\/span><\/td><td><span class='rDLabel1'>Antolin: <\/span><span class='rDText1Gruen'>ja, Empfehlung Klasse 4<\/span><\/td><\/tr><tr><td width=50%><img src='https:\/\/www.web-rr.de\/GHS-Buecherei\/wp-content\/uploads\/9783401069616.jpg' alt=''><\/td><td><p class='rDLabel2'>von <span class='rDText2'>Alice Panterm\u00fcller<\/span><\/p><p class='rDLabel2'>Verlag: <span class='rDText2'>Arena,  2014,  9.99 \u20ac<\/span><\/p><p class='rDLabel2'>B\u00fccherei-Barcode: <span class='rDText2'>9783401069616<\/span><\/p><p class='rDLabel2'>In der B\u00fccherei erfasst am: <span class='rDText2'>09.10.2018<\/span><\/p><p class='rDLabel2'>Stichw\u00f6rter: <span class='rDText2'>Alltagsabenteuer, Aussterben,Tierretter<\/span><\/p><p class='rDLabel2'>Lesealter ca. <span class='rDText2'>8<\/span><span class='rDLabel2'> Jahre<\/span><\/p><p class='rDLabel2'>Das Buch wurde <span class='rDText2'>14<\/span><span class='rDLabel2'> mal gelesen.<\/span><\/p><\/td><\/tr><tr><td colspan='2'><p class='rDLabel1'>Inhalt:<\/p><span class='rDText2'>Was haben der Stummelfu\u00dffrosch, das R\u00fcsselh\u00fcndchen und Lottas Schildkr\u00f6te Heesters gemeinsam? Sie sind vom Aussterben bedroht! Voll fies, finden Lotta und Cheyenne und werden kurzerhand die besten, witzigsten und chaotischsten Tierretter der Welt. Charmant, voller \u00dcberraschungen und herrlich komisch: Lottas f\u00fcnftes Alltagsabenteuer! Als Lotta herausfindet, dass ihre Schildkr\u00f6te Heesters vom Aussterben bedroht ist, kriegt sie einen ganz sch\u00f6nen Schreck. Heesters ist zwar schon uralt und ein bisschen langweilig, aber er soll nicht aussterben, genauso wenig wie Pandas, Tiger und Nash\u00f6rner. Das ist eindeutig ein Fall f\u00fcr die Wilden Kaninchen, finden Lotta, Paul und Cheyenne \u2026 und starten die gr\u00f6\u00dfte Tierrettungsaktion aller Zeiten.<\/span><\/td><\/tr><tr><td colspan='2'><a href='#' onclick='history.back(); return false'>Zur\u00fcck<\/a><\/td><\/tr><\/tbody><\/table>\n","protected":false},"excerpt":{"rendered":"","protected":false},"author":1,"featured_media":0,"parent":0,"menu_order":0,"comment_status":"closed","ping_status":"closed","template":"","meta":[],"_links":{"self":[{"href":"https:\/\/www.web-rr.de\/GHS-Buecherei\/index.php\/wp-json\/wp\/v2\/pages\/4793"}],"collection":[{"href":"https:\/\/www.web-rr.de\/GHS-Buecherei\/index.php\/wp-json\/wp\/v2\/pages"}],"about":[{"href":"https:\/\/www.web-rr.de\/GHS-Buecherei\/index.php\/wp-json\/wp\/v2\/types\/page"}],"author":[{"embeddable":true,"href":"https:\/\/www.web-rr.de\/GHS-Buecherei\/index.php\/wp-json\/wp\/v2\/users\/1"}],"replies":[{"embeddable":true,"href":"https:\/\/www.web-rr.de\/GHS-Buecherei\/index.php\/wp-json\/wp\/v2\/comments?post=4793"}],"version-history":[{"count":0,"href":"https:\/\/www.web-rr.de\/GHS-Buecherei\/index.php\/wp-json\/wp\/v2\/pages\/4793\/revisions"}],"wp:attachment":[{"href":"https:\/\/www.web-rr.de\/GHS-Buecherei\/index.php\/wp-json\/wp\/v2\/media?parent=4793"}],"curies":[{"name":"wp","href":"https:\/\/api.w.org\/{rel}","templated":true}]}}