{"id":4780,"date":"2021-02-23T20:00:00","date_gmt":"2021-02-23T20:00:00","guid":{"rendered":"https:\/\/www.web-rr.de\/GHS-Buecherei\/?page_id=4780"},"modified":"2021-02-22T23:59:59","modified_gmt":"2021-02-22T23:59:59","slug":"p9783499216619","status":"publish","type":"page","link":"https:\/\/www.web-rr.de\/GHS-Buecherei\/index.php\/p9783499216619\/","title":{"rendered":"M\u00e4dchen 33"},"content":{"rendered":"<table><tbody><tr><td class='rDTitel' colspan='2'>Stella Menzel und der goldene Faden<\/td><\/tr><tr><td><span class='rDLabel1'>Status: <\/span><span class='rDText1Gruen'>vorhanden<\/span><\/td><td><span class='rDLabel1'>Antolin: <\/span><span class='rDText1Gruen'>ja, Empfehlung Klasse 6<\/span><\/td><\/tr><tr><td width=50%><img src='https:\/\/www.web-rr.de\/GHS-Buecherei\/wp-content\/uploads\/9783499216619.jpg' alt=''><\/td><td><p class='rDLabel2'>von <span class='rDText2'>Holly-Jane Rahlens<\/span><\/p><p class='rDLabel2'>Verlag: <span class='rDText2'>rororo,  2013,  16.99 \u20ac<\/span><\/p><p class='rDLabel2'>B\u00fccherei-Barcode: <span class='rDText2'>9783499216619<\/span><\/p><p class='rDLabel2'>In der B\u00fccherei erfasst am: <span class='rDText2'>01.03.2015<\/span><\/p><p class='rDLabel2'>Stichw\u00f6rter: <span class='rDText2'>20. Jahrhundert, Familie, Geschichte<\/span><\/p><p class='rDLabel2'>Lesealter ca. <span class='rDText2'>10<\/span><span class='rDLabel2'> Jahre<\/span><\/p><p class='rDLabel2'>Das Buch wurde <span class='rDText2'>1<\/span><span class='rDLabel2'> mal gelesen.<\/span><\/p><\/td><\/tr><tr><td colspan='2'><p class='rDLabel1'>Inhalt:<\/p><span class='rDText2'>Stella liebt ihre Decke aus blauem Seidensatin, die sie von ihrer Ururgro\u00dfmutter geerbt hat \u2013 eine Decke, \u00fcbers\u00e4t mit Sternen und Schneeflocken aus Silberbrokat und mit einem goldenen Faden eingefasst. Auf jeden, der ihn besitzt, \u00fcbt dieser Stoff eine magische Wirkung aus \u2013 denn seine Falten bergen die Kraft, die Geschichten seiner Besitzerinnen einzufangen: wundersame Geschichten vom alten Russland, vom Berlin der 20er Jahre, von der Flucht der j\u00fcdischen Familie nach New York und einem Neuanfang in Berlin. Dieses Erbst\u00fcck begleitet Stella von der Wiege bis zum ersten Kuss. Und w\u00e4hrend der Stoff sich im Laufe der Zeit verwandelt und immer kleiner wird, wird auch Stella schlie\u00dflich ein Teil seiner Geschichte.Das neue Buch der Jugendliteraturpreistr\u00e4gerin \u00fcber M\u00fctter und T\u00f6chter, \u00fcber unsere Wurzeln \u2013 und \u00fcber den goldenen Faden, der alles miteinander verbindet. Zum Lesen und Vorlesen f\u00fcr Kinder ab 9 Jahre und die ganze Familie!<\/span><\/td><\/tr><tr><td colspan='2'><a href='#' onclick='history.back(); return false'>Zur\u00fcck<\/a><\/td><\/tr><\/tbody><\/table>\n","protected":false},"excerpt":{"rendered":"","protected":false},"author":1,"featured_media":0,"parent":0,"menu_order":0,"comment_status":"closed","ping_status":"closed","template":"","meta":[],"_links":{"self":[{"href":"https:\/\/www.web-rr.de\/GHS-Buecherei\/index.php\/wp-json\/wp\/v2\/pages\/4780"}],"collection":[{"href":"https:\/\/www.web-rr.de\/GHS-Buecherei\/index.php\/wp-json\/wp\/v2\/pages"}],"about":[{"href":"https:\/\/www.web-rr.de\/GHS-Buecherei\/index.php\/wp-json\/wp\/v2\/types\/page"}],"author":[{"embeddable":true,"href":"https:\/\/www.web-rr.de\/GHS-Buecherei\/index.php\/wp-json\/wp\/v2\/users\/1"}],"replies":[{"embeddable":true,"href":"https:\/\/www.web-rr.de\/GHS-Buecherei\/index.php\/wp-json\/wp\/v2\/comments?post=4780"}],"version-history":[{"count":0,"href":"https:\/\/www.web-rr.de\/GHS-Buecherei\/index.php\/wp-json\/wp\/v2\/pages\/4780\/revisions"}],"wp:attachment":[{"href":"https:\/\/www.web-rr.de\/GHS-Buecherei\/index.php\/wp-json\/wp\/v2\/media?parent=4780"}],"curies":[{"name":"wp","href":"https:\/\/api.w.org\/{rel}","templated":true}]}}