{"id":4774,"date":"2021-02-23T20:00:00","date_gmt":"2021-02-23T20:00:00","guid":{"rendered":"https:\/\/www.web-rr.de\/GHS-Buecherei\/?page_id=4774"},"modified":"2021-02-22T23:59:59","modified_gmt":"2021-02-22T23:59:59","slug":"p9783868273274","status":"publish","type":"page","link":"https:\/\/www.web-rr.de\/GHS-Buecherei\/index.php\/p9783868273274\/","title":{"rendered":"M\u00e4dchen 27"},"content":{"rendered":"<table><tbody><tr><td class='rDTitel' colspan='2'>Lotti Pfefferbrot<\/td><\/tr><tr><td><span class='rDLabel1'>Status: <\/span><span class='rDText1Gruen'>vorhanden<\/span><\/td><td><span class='rDLabel1'>Antolin: <\/span><span class='rDText1Gruen'>ja, Empfehlung Klasse 3<\/span><\/td><\/tr><tr><td width=50%><img src='https:\/\/www.web-rr.de\/GHS-Buecherei\/wp-content\/uploads\/9783868273274.jpg' alt=''><\/td><td><p class='rDLabel2'>von <span class='rDText2'>Janita Pauliks und Sven Gerhardt<\/span><\/p><p class='rDLabel2'>Verlag: <span class='rDText2'>Francke-Buchhandlung,  2012,  5.86 \u20ac<\/span><\/p><p class='rDLabel2'>B\u00fccherei-Barcode: <span class='rDText2'>9783868273274<\/span><\/p><p class='rDLabel2'>In der B\u00fccherei erfasst am: <span class='rDText2'>06.01.2018<\/span><\/p><p class='rDLabel2'>Stichw\u00f6rter: <span class='rDText2'>Freunde, Abenteuer, M\u00e4dchen<\/span><\/p><p class='rDLabel2'>Lesealter ca. <span class='rDText2'>7<\/span><span class='rDLabel2'> Jahre<\/span><\/p><p class='rDLabel2'>Das Buch wurde <span class='rDText2'>7<\/span><span class='rDLabel2'> mal gelesen.<\/span><\/p><\/td><\/tr><tr><td colspan='2'><p class='rDLabel1'>Inhalt:<\/p><span class='rDText2'>Vorhang auf f\u00fcr Lotti Pfefferbrot! Lotti ist sechs und ihr macht so schnell keiner was vor. Schlie\u00dflich ist sie kein bisschen auf den Mund gefallen und wei\u00df sich zu helfen. Zusammen mit Freunden, ihrer Schwester Annalena, ihrer Cousine Frieda oder dem Rest ihrer verr\u00fcckt-chaotischen Familie erlebt Lotti ein lustiges Abenteuer nach dem anderen. Dabei sind es oft die ganz allt\u00e4glichen Dinge, die sich als die spa\u00dfigsten Angelegenheiten der Welt entpuppen. Wer h\u00e4tte gedacht, dass ein Ausritt, eine Fahrt in den Urlaub, eine Geburtstagsfeier oder auch das Krippenspiel am Heiligen Abend so witzig sein k\u00f6nnen? Andererseits: Wer wie Lotti die coolste Uromi der Welt hat, muss sich eigentlich nicht dar\u00fcber wundern, dass das Leben nie langweilig wird.<\/span><\/td><\/tr><tr><td colspan='2'><a href='#' onclick='history.back(); return false'>Zur\u00fcck<\/a><\/td><\/tr><\/tbody><\/table>\n","protected":false},"excerpt":{"rendered":"","protected":false},"author":1,"featured_media":0,"parent":0,"menu_order":0,"comment_status":"closed","ping_status":"closed","template":"","meta":[],"_links":{"self":[{"href":"https:\/\/www.web-rr.de\/GHS-Buecherei\/index.php\/wp-json\/wp\/v2\/pages\/4774"}],"collection":[{"href":"https:\/\/www.web-rr.de\/GHS-Buecherei\/index.php\/wp-json\/wp\/v2\/pages"}],"about":[{"href":"https:\/\/www.web-rr.de\/GHS-Buecherei\/index.php\/wp-json\/wp\/v2\/types\/page"}],"author":[{"embeddable":true,"href":"https:\/\/www.web-rr.de\/GHS-Buecherei\/index.php\/wp-json\/wp\/v2\/users\/1"}],"replies":[{"embeddable":true,"href":"https:\/\/www.web-rr.de\/GHS-Buecherei\/index.php\/wp-json\/wp\/v2\/comments?post=4774"}],"version-history":[{"count":0,"href":"https:\/\/www.web-rr.de\/GHS-Buecherei\/index.php\/wp-json\/wp\/v2\/pages\/4774\/revisions"}],"wp:attachment":[{"href":"https:\/\/www.web-rr.de\/GHS-Buecherei\/index.php\/wp-json\/wp\/v2\/media?parent=4774"}],"curies":[{"name":"wp","href":"https:\/\/api.w.org\/{rel}","templated":true}]}}