{"id":4765,"date":"2021-02-23T20:00:00","date_gmt":"2021-02-23T20:00:00","guid":{"rendered":"https:\/\/www.web-rr.de\/GHS-Buecherei\/?page_id=4765"},"modified":"2021-02-22T23:59:59","modified_gmt":"2021-02-22T23:59:59","slug":"p9783785539941","status":"publish","type":"page","link":"https:\/\/www.web-rr.de\/GHS-Buecherei\/index.php\/p9783785539941\/","title":{"rendered":"M\u00e4dchen 19"},"content":{"rendered":"<table><tbody><tr><td class='rDTitel' colspan='2'>Lesel\u00f6wen M\u00e4dchengeschichten<\/td><\/tr><tr><td><span class='rDLabel1'>Status: <\/span><span class='rDText1Gruen'>vorhanden<\/span><\/td><td><span class='rDLabel1'>Antolin: <\/span><span class='rDText1Gruen'>ja, Empfehlung Klasse 3<\/span><\/td><\/tr><tr><td width=50%><img src='https:\/\/www.web-rr.de\/GHS-Buecherei\/wp-content\/uploads\/9783785539941.jpg' alt=''><\/td><td><p class='rDLabel2'>von <span class='rDText2'>Gerit Kopietz<\/span><\/p><p class='rDLabel2'>Verlag: <span class='rDText2'>Loewe Verlag,  2003,  9.90 \u20ac<\/span><\/p><p class='rDLabel2'>B\u00fccherei-Barcode: <span class='rDText2'>9783785539941<\/span><\/p><p class='rDLabel2'>In der B\u00fccherei erfasst am: <span class='rDText2'>06.01.2018<\/span><\/p><p class='rDLabel2'>Stichw\u00f6rter: <span class='rDText2'>Freunde, Abenteuer<\/span><\/p><p class='rDLabel2'>Lesealter ca. <span class='rDText2'>7<\/span><span class='rDLabel2'> Jahre<\/span><\/p><p class='rDLabel2'>Das Buch wurde <span class='rDText2'>9<\/span><span class='rDLabel2'> mal gelesen.<\/span><\/p><\/td><\/tr><tr><td colspan='2'><p class='rDLabel1'>Inhalt:<\/p><span class='rDText2'>Papas Wagen springt nicht an, doch Svenja kennt sich aus mit Autos! Mona und Lisa sind die besten Freundinnen auf der ganzen Welt, doch dann ist Mona pl\u00f6tzlich so merkw\u00fcrdig ... Petras Mama hat kein Geld mehr f\u00fcr den Ballettkurs, aber die M\u00e4dchen vom Ballett haben eine tolle Idee, damit ihre Freundin bleiben kann.\"Lesel\u00f6wen - spitzt die Ohren!\", diese Reihe bringt die bekannten B\u00fccher aus dem Loewe Verlag in die H\u00f6rform und geh\u00f6rt seit Jahren zu den Bestsellern des JUMBO Verlags. Bekannte Autoren haben Geschichten verfasst, die sich jeweils um ein Thema drehen. Es geht um Ritter, Geister, Hexen oder um Freunde und Freundinnen. Namhafte Sprecher erz\u00e4hlen die Texte langsam und pointiert. Die Lesel\u00f6wen-H\u00f6rb\u00fccher eignen sich besonders f\u00fcr Leseanf\u00e4nger: Die Kinder k\u00f6nnen beim H\u00f6ren der Geschichten mitlesen und auf diese Weise ihre Lesef\u00e4higkeit spielerisch trainieren. Tipps zur Lesef\u00f6rderung f\u00fcr Eltern und Lehrer finden sich im Booklet.<\/span><\/td><\/tr><tr><td colspan='2'><a href='#' onclick='history.back(); return false'>Zur\u00fcck<\/a><\/td><\/tr><\/tbody><\/table>\n","protected":false},"excerpt":{"rendered":"","protected":false},"author":1,"featured_media":0,"parent":0,"menu_order":0,"comment_status":"closed","ping_status":"closed","template":"","meta":[],"_links":{"self":[{"href":"https:\/\/www.web-rr.de\/GHS-Buecherei\/index.php\/wp-json\/wp\/v2\/pages\/4765"}],"collection":[{"href":"https:\/\/www.web-rr.de\/GHS-Buecherei\/index.php\/wp-json\/wp\/v2\/pages"}],"about":[{"href":"https:\/\/www.web-rr.de\/GHS-Buecherei\/index.php\/wp-json\/wp\/v2\/types\/page"}],"author":[{"embeddable":true,"href":"https:\/\/www.web-rr.de\/GHS-Buecherei\/index.php\/wp-json\/wp\/v2\/users\/1"}],"replies":[{"embeddable":true,"href":"https:\/\/www.web-rr.de\/GHS-Buecherei\/index.php\/wp-json\/wp\/v2\/comments?post=4765"}],"version-history":[{"count":0,"href":"https:\/\/www.web-rr.de\/GHS-Buecherei\/index.php\/wp-json\/wp\/v2\/pages\/4765\/revisions"}],"wp:attachment":[{"href":"https:\/\/www.web-rr.de\/GHS-Buecherei\/index.php\/wp-json\/wp\/v2\/media?parent=4765"}],"curies":[{"name":"wp","href":"https:\/\/api.w.org\/{rel}","templated":true}]}}