{"id":4756,"date":"2021-02-23T20:00:00","date_gmt":"2021-02-23T20:00:00","guid":{"rendered":"https:\/\/www.web-rr.de\/GHS-Buecherei\/?page_id=4756"},"modified":"2021-02-22T23:59:59","modified_gmt":"2021-02-22T23:59:59","slug":"p9783446258730","status":"publish","type":"page","link":"https:\/\/www.web-rr.de\/GHS-Buecherei\/index.php\/p9783446258730\/","title":{"rendered":"M\u00e4dchen 04"},"content":{"rendered":"<table><tbody><tr><td class='rDTitel' colspan='2'>Super-Laura - Super Trilogie 3<\/td><\/tr><tr><td><span class='rDLabel1'>Status: <\/span><span class='rDText1Gruen'>vorhanden<\/span><\/td><td><span class='rDLabel1'>Antolin: <\/span><span class='rDText1Gruen'>ja, Empfehlung Klasse 5<\/span><\/td><\/tr><tr><td width=50%><img src='https:\/\/www.web-rr.de\/GHS-Buecherei\/wp-content\/uploads\/9783446258730.jpg' alt=''><\/td><td><p class='rDLabel2'>von <span class='rDText2'>H\u00e5kon \u00d8vre\u00e5s<\/span><\/p><p class='rDLabel2'>Verlag: <span class='rDText2'>Hanser C.,  2018,  12.00 \u20ac<\/span><\/p><p class='rDLabel2'>B\u00fccherei-Barcode: <span class='rDText2'>9783446258730<\/span><\/p><p class='rDLabel2'>In der B\u00fccherei erfasst am: <span class='rDText2'>24.08.2020<\/span><\/p><p class='rDLabel2'>Stichw\u00f6rter: <span class='rDText2'>Freunde, Fantasie, Umwelt<\/span><\/p><p class='rDLabel2'>Lesealter ca. <span class='rDText2'>9<\/span><span class='rDLabel2'> Jahre<\/span><\/p><p class='rDLabel2'>Das Buch wurde <span class='rDText2'>1<\/span><span class='rDLabel2'> mal gelesen.<\/span><\/p><\/td><\/tr><tr><td colspan='2'><p class='rDLabel1'>Inhalt:<\/p><span class='rDText2'>Super-Bruno und Super-Matze hatten ihren Auftritt - nun ist Super-Laura an der Reihe! \"H\u00e5kon \u00d8vre\u00e5s hat es einfach drauf!\" Kim Kindermann, Deutschlandfunk\n\r\n\rDie Gemeinde bewilligt, dass ein reicher Unternehmer mitten in dem kleinen Dorf eine Gefl\u00fcgelfarm bauen darf. Das w\u00fcrde das Ende f\u00fcr die H\u00fctte von Laura, Matze und Bruno bedeuten. Laura nimmt all ihren Mut zusammen: Sie will den B\u00fcrgermeister \u00fcberzeugen, den Beschluss zur\u00fcckzunehmen. Doch wenn so ein Antrag einmal bewilligt wurde, dann ist da nichts mehr zu machen. Und Kinder haben der Gemeinde gegen\u00fcber leider nichts zu sagen. Also plant Laura, Geld zu sammeln, damit sie, Bruno und Matze selbst das Grundst\u00fcck kaufen k\u00f6nnen. Aber daf\u00fcr ben\u00f6tigen sie mehrere Millionen. Zeit f\u00fcr Super-Laura!\n\r\n\r<\/span><\/td><\/tr><tr><td colspan='2'><a href='#' onclick='history.back(); return false'>Zur\u00fcck<\/a><\/td><\/tr><\/tbody><\/table>\n","protected":false},"excerpt":{"rendered":"","protected":false},"author":1,"featured_media":0,"parent":0,"menu_order":0,"comment_status":"closed","ping_status":"closed","template":"","meta":[],"_links":{"self":[{"href":"https:\/\/www.web-rr.de\/GHS-Buecherei\/index.php\/wp-json\/wp\/v2\/pages\/4756"}],"collection":[{"href":"https:\/\/www.web-rr.de\/GHS-Buecherei\/index.php\/wp-json\/wp\/v2\/pages"}],"about":[{"href":"https:\/\/www.web-rr.de\/GHS-Buecherei\/index.php\/wp-json\/wp\/v2\/types\/page"}],"author":[{"embeddable":true,"href":"https:\/\/www.web-rr.de\/GHS-Buecherei\/index.php\/wp-json\/wp\/v2\/users\/1"}],"replies":[{"embeddable":true,"href":"https:\/\/www.web-rr.de\/GHS-Buecherei\/index.php\/wp-json\/wp\/v2\/comments?post=4756"}],"version-history":[{"count":0,"href":"https:\/\/www.web-rr.de\/GHS-Buecherei\/index.php\/wp-json\/wp\/v2\/pages\/4756\/revisions"}],"wp:attachment":[{"href":"https:\/\/www.web-rr.de\/GHS-Buecherei\/index.php\/wp-json\/wp\/v2\/media?parent=4756"}],"curies":[{"name":"wp","href":"https:\/\/api.w.org\/{rel}","templated":true}]}}