{"id":4753,"date":"2021-02-23T20:00:00","date_gmt":"2021-02-23T20:00:00","guid":{"rendered":"https:\/\/www.web-rr.de\/GHS-Buecherei\/?page_id=4753"},"modified":"2021-02-22T23:59:59","modified_gmt":"2021-02-22T23:59:59","slug":"p9783499218033","status":"publish","type":"page","link":"https:\/\/www.web-rr.de\/GHS-Buecherei\/index.php\/p9783499218033\/","title":{"rendered":"M\u00e4dchen 01"},"content":{"rendered":"<table><tbody><tr><td class='rDTitel' colspan='2'>Meine teuflisch gute Freundin<\/td><\/tr><tr><td><span class='rDLabel1'>Status: <\/span><span class='rDText1Gruen'>vorhanden<\/span><\/td><td><span class='rDLabel1'>Antolin: <\/span><span class='rDText1Rot'>Quiz nicht vorhanden.<\/span><\/td><\/tr><tr><td width=50%><img src='https:\/\/www.web-rr.de\/GHS-Buecherei\/wp-content\/uploads\/9783499218033.jpg' alt=''><\/td><td><p class='rDLabel2'>von <span class='rDText2'>Hortense Ullrich<\/span><\/p><p class='rDLabel2'>Verlag: <span class='rDText2'>Rowohlt Taschenb.,  2018,  9.99 \u20ac<\/span><\/p><p class='rDLabel2'>B\u00fccherei-Barcode: <span class='rDText2'>9783499218033<\/span><\/p><p class='rDLabel2'>In der B\u00fccherei erfasst am: <span class='rDText2'>24.08.2020<\/span><\/p><p class='rDLabel2'>Stichw\u00f6rter: <span class='rDText2'>Teenie-Romanze, Freunde, Fantasie<\/span><\/p><p class='rDLabel2'>Lesealter ca. <span class='rDText2'>8<\/span><span class='rDLabel2'> Jahre<\/span><\/p><p class='rDLabel2'>Das Buch wurde <span class='rDText2'>2<\/span><span class='rDLabel2'> mal gelesen.<\/span><\/p><\/td><\/tr><tr><td colspan='2'><p class='rDLabel1'>Inhalt:<\/p><span class='rDText2'>Eine Turbulente Liebesgeschichte Zwischen Himmlischen Gef\u00fchlen und hollisch Viel Stress! Es ist sterbenslangweilig in der H\u00f6lle! Lilith hat echt die Nase voll. Ihr Vater ist zwar der Teufel, der Meister des B\u00f6sen, aber ihr Alltag besteht nur aus Theorie. \u00c4tzend! Also schlie\u00dft sie mit ihrem Paps einen teuflischen Pakt: Sie hat eine Woche, auf der Erde einen Menschen zum B\u00f6sen zu bekehren. Klappt es, darf sie dortbleiben. Aber wenn sie scheitert, droht ihr ein Job in der h\u00f6llischen Buchhaltung. F\u00fcr immer! Zun\u00e4chst l\u00e4uft alles wie geschmiert. Bis Lilith sich verliebt. Verliebt?! Teufel k\u00f6nnen sich doch gar nicht verlieben! Oder? Pl\u00f6tzlich ist die H\u00f6lle los ...\n\r\n\r\u00abMeine teuflisch gute Freundin\u00bb ist eine (...) humorvolle Teenie-Romanze mit sehr viel Herz (...). Ein Buch, das einem ein gutes Gef\u00fchl gibt.\n\r\n\r<\/span><\/td><\/tr><tr><td colspan='2'><a href='#' onclick='history.back(); return false'>Zur\u00fcck<\/a><\/td><\/tr><\/tbody><\/table>\n","protected":false},"excerpt":{"rendered":"","protected":false},"author":1,"featured_media":0,"parent":0,"menu_order":0,"comment_status":"closed","ping_status":"closed","template":"","meta":[],"_links":{"self":[{"href":"https:\/\/www.web-rr.de\/GHS-Buecherei\/index.php\/wp-json\/wp\/v2\/pages\/4753"}],"collection":[{"href":"https:\/\/www.web-rr.de\/GHS-Buecherei\/index.php\/wp-json\/wp\/v2\/pages"}],"about":[{"href":"https:\/\/www.web-rr.de\/GHS-Buecherei\/index.php\/wp-json\/wp\/v2\/types\/page"}],"author":[{"embeddable":true,"href":"https:\/\/www.web-rr.de\/GHS-Buecherei\/index.php\/wp-json\/wp\/v2\/users\/1"}],"replies":[{"embeddable":true,"href":"https:\/\/www.web-rr.de\/GHS-Buecherei\/index.php\/wp-json\/wp\/v2\/comments?post=4753"}],"version-history":[{"count":0,"href":"https:\/\/www.web-rr.de\/GHS-Buecherei\/index.php\/wp-json\/wp\/v2\/pages\/4753\/revisions"}],"wp:attachment":[{"href":"https:\/\/www.web-rr.de\/GHS-Buecherei\/index.php\/wp-json\/wp\/v2\/media?parent=4753"}],"curies":[{"name":"wp","href":"https:\/\/api.w.org\/{rel}","templated":true}]}}