{"id":4749,"date":"2021-02-23T20:00:00","date_gmt":"2021-02-23T20:00:00","guid":{"rendered":"https:\/\/www.web-rr.de\/GHS-Buecherei\/?page_id=4749"},"modified":"2021-02-22T23:59:59","modified_gmt":"2021-02-22T23:59:59","slug":"p9783789142215","status":"publish","type":"page","link":"https:\/\/www.web-rr.de\/GHS-Buecherei\/index.php\/p9783789142215\/","title":{"rendered":"Maar &#8211; 09"},"content":{"rendered":"<table><tbody><tr><td class='rDTitel' colspan='2'>In einem tiefen, dunklen Wald...<\/td><\/tr><tr><td><span class='rDLabel1'>Status: <\/span><span class='rDText1Gruen'>vorhanden<\/span><\/td><td><span class='rDLabel1'>Antolin: <\/span><span class='rDText1Gruen'>ja, Empfehlung Klasse 3<\/span><\/td><\/tr><tr><td width=50%><img src='https:\/\/www.web-rr.de\/GHS-Buecherei\/wp-content\/uploads\/9783789142215.jpg' alt=''><\/td><td><p class='rDLabel2'>von <span class='rDText2'>Paul Maar<\/span><\/p><p class='rDLabel2'>Verlag: <span class='rDText2'>Oetinger Verlag,  1999,  13.90 \u20ac<\/span><\/p><p class='rDLabel2'>B\u00fccherei-Barcode: <span class='rDText2'>9783789142215<\/span><\/p><p class='rDLabel2'>In der B\u00fccherei erfasst am: <span class='rDText2'>01.04.2013<\/span><\/p><p class='rDLabel2'>Stichw\u00f6rter: <span class='rDText2'>Prinzessinnen, M\u00e4rchen<\/span><\/p><p class='rDLabel2'>Lesealter ca. <span class='rDText2'>7<\/span><span class='rDLabel2'> Jahre<\/span><\/p><p class='rDLabel2'>Das Buch wurde <span class='rDText2'>0<\/span><span class='rDLabel2'> mal gelesen.<\/span><\/p><\/td><\/tr><tr><td colspan='2'><p class='rDLabel1'>Inhalt:<\/p><span class='rDText2'>Eine Geschichte, die uns in die Zeit der M\u00e4rchen und Abenteuer zur\u00fcckversetzt. Voller Wortwitz und Ironie erz\u00e4hlt, mit einer F\u00fclle farbiger, teils ganzseitiger Illustrationen. Weil ihr keiner der Bewerber, die um ihre Hand anhielten, gefiel - sie war n\u00e4mlich nicht nur ziemlich sch\u00f6n, sondern auch ziemlich hochm\u00fctig -, kam Prinzessin Henriette-Rosalinde- Audora auf die ungew\u00f6hnliche Idee, sich von einem Untier entf\u00fchren zu lassen. Wenn der K\u00f6nig dann ausrufen lie\u00df, dass derjenige, der seine Tochter befreite, sie zur Frau und das halbe K\u00f6nigreich dazu erhalten sollte, w\u00fcrden die mutigsten und sch\u00f6nsten Prinzen von weither kommen. Aber das Untier - vermutlich ein Vegetarier - war \u00fcberhaupt nicht an der Prinzessin interessiert, sondern nur an den leckeren Pralinen, die sie bei sich hatte.  Henriette-Rosalinde-Audora musste sich also mehr oder weniger selbst entf\u00fchren, wenn ihr Vorhaben gelingen sollte. Und auch sonst lief nicht alles nach Plan. Die Prinzen, die ausgezogen waren, Henriette-Rosalinde-Audora zu befreien, kehrten einer wie der andere unverrichteter Dinge nach Hause zur\u00fcck. Da beschloss Simplinella, Prinzessin von L\u00fctzelburgen, die mehr Verstand als alle Prinzen zusammen und das Herz auf dem rechten Fleck hatte, ihr Gl\u00fcck zu versuchen - mit Erfolg. Was ihr nicht nur ein halbes K\u00f6nigreich und acht F\u00e4sser voller Goldst\u00fccke einbrachte, sondern auch das Herz des Kronprinzen von Gro\u00dfburgen, den ein b\u00f6ser Zauber in der Gestalt des Untiers gefangen gehalten hatte. Was aus Prinzessin Henriette-Rosalinde-Audora wurde? Die war nat\u00fcrlich nicht gerade erfreut, von einer Prinzessin \u00bbbefreit\u00ab worden zu sein, musste sie ihre Heiratspl\u00e4ne nun doch erst mal an den Nagel h\u00e4ngen.<\/span><\/td><\/tr><tr><td colspan='2'><a href='#' onclick='history.back(); return false'>Zur\u00fcck<\/a><\/td><\/tr><\/tbody><\/table>\n","protected":false},"excerpt":{"rendered":"","protected":false},"author":1,"featured_media":0,"parent":0,"menu_order":0,"comment_status":"closed","ping_status":"closed","template":"","meta":[],"_links":{"self":[{"href":"https:\/\/www.web-rr.de\/GHS-Buecherei\/index.php\/wp-json\/wp\/v2\/pages\/4749"}],"collection":[{"href":"https:\/\/www.web-rr.de\/GHS-Buecherei\/index.php\/wp-json\/wp\/v2\/pages"}],"about":[{"href":"https:\/\/www.web-rr.de\/GHS-Buecherei\/index.php\/wp-json\/wp\/v2\/types\/page"}],"author":[{"embeddable":true,"href":"https:\/\/www.web-rr.de\/GHS-Buecherei\/index.php\/wp-json\/wp\/v2\/users\/1"}],"replies":[{"embeddable":true,"href":"https:\/\/www.web-rr.de\/GHS-Buecherei\/index.php\/wp-json\/wp\/v2\/comments?post=4749"}],"version-history":[{"count":0,"href":"https:\/\/www.web-rr.de\/GHS-Buecherei\/index.php\/wp-json\/wp\/v2\/pages\/4749\/revisions"}],"wp:attachment":[{"href":"https:\/\/www.web-rr.de\/GHS-Buecherei\/index.php\/wp-json\/wp\/v2\/media?parent=4749"}],"curies":[{"name":"wp","href":"https:\/\/api.w.org\/{rel}","templated":true}]}}