{"id":4736,"date":"2021-02-23T20:00:00","date_gmt":"2021-02-23T20:00:00","guid":{"rendered":"https:\/\/www.web-rr.de\/GHS-Buecherei\/?page_id=4736"},"modified":"2021-02-22T23:59:59","modified_gmt":"2021-02-22T23:59:59","slug":"p9783789107610","status":"publish","type":"page","link":"https:\/\/www.web-rr.de\/GHS-Buecherei\/index.php\/p9783789107610\/","title":{"rendered":"Lindgren 33"},"content":{"rendered":"<table><tbody><tr><td class='rDTitel' colspan='2'>Nur nicht knausern, sagte Michel aus L\u00f6nneberga<\/td><\/tr><tr><td><span class='rDLabel1'>Status: <\/span><span class='rDText1Gruen'>vorhanden<\/span><\/td><td><span class='rDLabel1'>Antolin: <\/span><span class='rDText1Gruen'>ja, Empfehlung Klasse 3<\/span><\/td><\/tr><tr><td width=50%><img src='https:\/\/www.web-rr.de\/GHS-Buecherei\/wp-content\/uploads\/9783789107610.jpg' alt=''><\/td><td><p class='rDLabel2'>von <span class='rDText2'>Astrid Lindgren<\/span><\/p><p class='rDLabel2'>Verlag: <span class='rDText2'>Oetinger Verlag,  2013,  7.95 \u20ac<\/span><\/p><p class='rDLabel2'>B\u00fccherei-Barcode: <span class='rDText2'>9783789107610<\/span><\/p><p class='rDLabel2'>In der B\u00fccherei erfasst am: <span class='rDText2'>01.03.2015<\/span><\/p><p class='rDLabel2'>Stichw\u00f6rter: <span class='rDText2'>Streiche, Michel, L\u00f6nneberga<\/span><\/p><p class='rDLabel2'>Lesealter ca. <span class='rDText2'>7<\/span><span class='rDLabel2'> Jahre<\/span><\/p><p class='rDLabel2'>Das Buch wurde <span class='rDText2'>2<\/span><span class='rDLabel2'> mal gelesen.<\/span><\/p><\/td><\/tr><tr><td colspan='2'><p class='rDLabel1'>Inhalt:<\/p><span class='rDText2'>Schluss mit Unfug! Michel aus L\u00f6nneberga kann k\u00fcssen wie ein Weltmeister. Auf Katthult findet ein gro\u00dfer Festschmaus statt, mit allem was dazu geh\u00f6rt: Tanz, Gesang und eine ordentliche Schneeballschlacht! Da niemand so viel Unfug im Kopf hat wie Michel, landen seine Schneeb\u00e4lle nicht immer da, wo sie sollen. Aber Michel ist nicht nur gro\u00df im Unfugmachen, auch mit seinen K\u00fcssen knausert er nicht. Eine ganz besonders liebenswerte Michel-Geschichte von Astrid Lindgren, erstmals als Erstlesebuch. Lesen lernen mit \"B\u00fcchersterne\" f\u00fcr die 2.\/3. Klasse: einfacher Satzbau, fortgeschrittenes Textniveau und ein h\u00f6herer Textanteil, der die Lesef\u00e4higkeit ge\u00fcbter Leseanf\u00e4nger f\u00f6rdert. Dazu ein Leser\u00e4tsel im Anhang und eine Lesemission im Internet unter www.LunaLeseprofi.de www.buechersterne.de<\/span><\/td><\/tr><tr><td colspan='2'><a href='#' onclick='history.back(); return false'>Zur\u00fcck<\/a><\/td><\/tr><\/tbody><\/table>\n","protected":false},"excerpt":{"rendered":"","protected":false},"author":1,"featured_media":0,"parent":0,"menu_order":0,"comment_status":"closed","ping_status":"closed","template":"","meta":[],"_links":{"self":[{"href":"https:\/\/www.web-rr.de\/GHS-Buecherei\/index.php\/wp-json\/wp\/v2\/pages\/4736"}],"collection":[{"href":"https:\/\/www.web-rr.de\/GHS-Buecherei\/index.php\/wp-json\/wp\/v2\/pages"}],"about":[{"href":"https:\/\/www.web-rr.de\/GHS-Buecherei\/index.php\/wp-json\/wp\/v2\/types\/page"}],"author":[{"embeddable":true,"href":"https:\/\/www.web-rr.de\/GHS-Buecherei\/index.php\/wp-json\/wp\/v2\/users\/1"}],"replies":[{"embeddable":true,"href":"https:\/\/www.web-rr.de\/GHS-Buecherei\/index.php\/wp-json\/wp\/v2\/comments?post=4736"}],"version-history":[{"count":0,"href":"https:\/\/www.web-rr.de\/GHS-Buecherei\/index.php\/wp-json\/wp\/v2\/pages\/4736\/revisions"}],"wp:attachment":[{"href":"https:\/\/www.web-rr.de\/GHS-Buecherei\/index.php\/wp-json\/wp\/v2\/media?parent=4736"}],"curies":[{"name":"wp","href":"https:\/\/api.w.org\/{rel}","templated":true}]}}