{"id":4730,"date":"2021-02-23T20:00:00","date_gmt":"2021-02-23T20:00:00","guid":{"rendered":"https:\/\/www.web-rr.de\/GHS-Buecherei\/?page_id=4730"},"modified":"2021-02-22T23:59:59","modified_gmt":"2021-02-22T23:59:59","slug":"p9783789175459","status":"publish","type":"page","link":"https:\/\/www.web-rr.de\/GHS-Buecherei\/index.php\/p9783789175459\/","title":{"rendered":"Lindgren 25"},"content":{"rendered":"<table><tbody><tr><td class='rDTitel' colspan='2'>Im Wald sind keine R\u00e4uber<\/td><\/tr><tr><td><span class='rDLabel1'>Status: <\/span><span class='rDText1Rot'>ausgeliehen<\/span><\/td><td><span class='rDLabel1'>Antolin: <\/span><span class='rDText1Gruen'>ja, Empfehlung Klasse 2<\/span><\/td><\/tr><tr><td width=50%><img src='https:\/\/www.web-rr.de\/GHS-Buecherei\/wp-content\/uploads\/9783789175459.jpg' alt=''><\/td><td><p class='rDLabel2'>von <span class='rDText2'>Astrid Lindgren<\/span><\/p><p class='rDLabel2'>Verlag: <span class='rDText2'>Oetinger Verlag,  2010,  12.95 \u20ac<\/span><\/p><p class='rDLabel2'>B\u00fccherei-Barcode: <span class='rDText2'>9783789175459<\/span><\/p><p class='rDLabel2'>In der B\u00fccherei erfasst am: <span class='rDText2'>01.03.2015<\/span><\/p><p class='rDLabel2'>Stichw\u00f6rter: <span class='rDText2'>Angst, R\u00e4uber<\/span><\/p><p class='rDLabel2'>Lesealter ca. <span class='rDText2'>6<\/span><span class='rDLabel2'> Jahre<\/span><\/p><p class='rDLabel2'>Das Buch wurde <span class='rDText2'>1<\/span><span class='rDLabel2'> mal gelesen.<\/span><\/p><\/td><\/tr><tr><td colspan='2'><p class='rDLabel1'>Inhalt:<\/p><span class='rDText2'>Zauberhafte Lindgren-Welt! Erstmals als Bilderbuch: das R\u00e4uberm\u00e4rchen! \u201eIm Wald sind keine R\u00e4uber\u201c, ruft Peter, als er abends vom Spielen nach Hause kommt. Doch ist das wirklich wahr? Pl\u00f6tzlich geschieht ein kleines Wunder: Puppe Mimmi aus dem alten Puppenhaus ruft ihn. Denn sie braucht Hilfe. Und tats\u00e4chlich, als Peter aus ihrem Fenster schaut, sieht er den R\u00e4uberhauptmann Fiolito, der mit seinen 40 R\u00e4ubern Mimmis Perlenkette stehlen will. Die R\u00e4uber sind b\u00e4renstark, aber Peter und Mimmi sind schlauer! Ein wundersch\u00f6nes Lindgren-M\u00e4rchen: abenteuerlich, spannend, fantasievoll. Ersmals als - besonders umfangreiches - Bilderbuch, meisterhaft illustriert von der ber\u00fchmten Lindgren-Illustratorin Ilon Wikland (\"Wir Kinder aus Bullerb\u00fc\").. \u201eAstrid Lindgrens Erkenntnis von der Fantasie, dem kraftvollen Mut und dem heiligen Ernst von Kindern geh\u00f6rt zum Wertvollsten, das die Menschheit besitzt.\u201c (Die WELT)<\/span><\/td><\/tr><tr><td colspan='2'><a href='#' onclick='history.back(); return false'>Zur\u00fcck<\/a><\/td><\/tr><\/tbody><\/table>\n","protected":false},"excerpt":{"rendered":"","protected":false},"author":1,"featured_media":0,"parent":0,"menu_order":0,"comment_status":"closed","ping_status":"closed","template":"","meta":[],"_links":{"self":[{"href":"https:\/\/www.web-rr.de\/GHS-Buecherei\/index.php\/wp-json\/wp\/v2\/pages\/4730"}],"collection":[{"href":"https:\/\/www.web-rr.de\/GHS-Buecherei\/index.php\/wp-json\/wp\/v2\/pages"}],"about":[{"href":"https:\/\/www.web-rr.de\/GHS-Buecherei\/index.php\/wp-json\/wp\/v2\/types\/page"}],"author":[{"embeddable":true,"href":"https:\/\/www.web-rr.de\/GHS-Buecherei\/index.php\/wp-json\/wp\/v2\/users\/1"}],"replies":[{"embeddable":true,"href":"https:\/\/www.web-rr.de\/GHS-Buecherei\/index.php\/wp-json\/wp\/v2\/comments?post=4730"}],"version-history":[{"count":0,"href":"https:\/\/www.web-rr.de\/GHS-Buecherei\/index.php\/wp-json\/wp\/v2\/pages\/4730\/revisions"}],"wp:attachment":[{"href":"https:\/\/www.web-rr.de\/GHS-Buecherei\/index.php\/wp-json\/wp\/v2\/media?parent=4730"}],"curies":[{"name":"wp","href":"https:\/\/api.w.org\/{rel}","templated":true}]}}