{"id":4706,"date":"2021-02-23T20:00:00","date_gmt":"2021-02-23T20:00:00","guid":{"rendered":"https:\/\/www.web-rr.de\/GHS-Buecherei\/?page_id=4706"},"modified":"2021-02-22T23:59:59","modified_gmt":"2021-02-22T23:59:59","slug":"p9783446260603","status":"publish","type":"page","link":"https:\/\/www.web-rr.de\/GHS-Buecherei\/index.php\/p9783446260603\/","title":{"rendered":"Lexika 17"},"content":{"rendered":"<table><tbody><tr><td class='rDTitel' colspan='2'>321 superschlaue Dinge, die du unbedingt wissen musst<\/td><\/tr><tr><td><span class='rDLabel1'>Status: <\/span><span class='rDText1Gruen'>vorhanden<\/span><\/td><td><span class='rDLabel1'>Antolin: <\/span><span class='rDText1Gruen'>ja, Empfehlung Klasse 6<\/span><\/td><\/tr><tr><td width=50%><img src='https:\/\/www.web-rr.de\/GHS-Buecherei\/wp-content\/uploads\/9783446260603.jpg' alt=''><\/td><td><p class='rDLabel2'>von <span class='rDText2'>Mathilda Masters<\/span><\/p><p class='rDLabel2'>Verlag: <span class='rDText2'>Hanser C.,  2017,  22.00 \u20ac<\/span><\/p><p class='rDLabel2'>B\u00fccherei-Barcode: <span class='rDText2'>9783446260603<\/span><\/p><p class='rDLabel2'>In der B\u00fccherei erfasst am: <span class='rDText2'>25.08.2020<\/span><\/p><p class='rDLabel2'>Stichw\u00f6rter: <span class='rDText2'>Lustig, Flora, Fauna, Erde<\/span><\/p><p class='rDLabel2'>Lesealter ca. <span class='rDText2'>10<\/span><span class='rDLabel2'> Jahre<\/span><\/p><p class='rDLabel2'>Das Buch wurde <span class='rDText2'>1<\/span><span class='rDLabel2'> mal gelesen.<\/span><\/p><\/td><\/tr><tr><td colspan='2'><p class='rDLabel1'>Inhalt:<\/p><span class='rDText2'>Flora und Fauna, Sprache, ber\u00fchmte Menschen, Planet Erde und vieles mehr: jede Menge ungew\u00f6hnliches Wissen originell aufbereitet - auch f\u00fcr Erwachsene!\n\r\n\rWusstest du, dass eine Giraffe sich die Ohren auslecken kann? Und dass Astronauten in Staubsauger pinkeln? Dass Orangen eine Kreuzung aus Pampelmuse und Mandarine sind und urspr\u00fcnglich gr\u00fcn waren? Dass Ketchup fr\u00fcher Medizin war und Seegurken nicht mit Salatgurken verwandt sind? Und dass es Fische gibt, die auf B\u00e4umen leben? Oder dass es f\u00fcr Barbie ein lebendes Vorbild gab und blaues Blut tats\u00e4chlich existiert? 321 vergn\u00fcgliche und \u00fcberraschende Fakten aus allen Lebensbereichen, witzig illustriert und auf den Punkt gebracht, die nicht nur Kindern neue Erkenntnisse bieten. Ein Aha-Erlebnis f\u00fcr alle, die gerne mit ungew\u00f6hnlichem Wissen prahlen.\n\r\n\r<\/span><\/td><\/tr><tr><td colspan='2'><a href='#' onclick='history.back(); return false'>Zur\u00fcck<\/a><\/td><\/tr><\/tbody><\/table>\n","protected":false},"excerpt":{"rendered":"","protected":false},"author":1,"featured_media":0,"parent":0,"menu_order":0,"comment_status":"closed","ping_status":"closed","template":"","meta":[],"_links":{"self":[{"href":"https:\/\/www.web-rr.de\/GHS-Buecherei\/index.php\/wp-json\/wp\/v2\/pages\/4706"}],"collection":[{"href":"https:\/\/www.web-rr.de\/GHS-Buecherei\/index.php\/wp-json\/wp\/v2\/pages"}],"about":[{"href":"https:\/\/www.web-rr.de\/GHS-Buecherei\/index.php\/wp-json\/wp\/v2\/types\/page"}],"author":[{"embeddable":true,"href":"https:\/\/www.web-rr.de\/GHS-Buecherei\/index.php\/wp-json\/wp\/v2\/users\/1"}],"replies":[{"embeddable":true,"href":"https:\/\/www.web-rr.de\/GHS-Buecherei\/index.php\/wp-json\/wp\/v2\/comments?post=4706"}],"version-history":[{"count":0,"href":"https:\/\/www.web-rr.de\/GHS-Buecherei\/index.php\/wp-json\/wp\/v2\/pages\/4706\/revisions"}],"wp:attachment":[{"href":"https:\/\/www.web-rr.de\/GHS-Buecherei\/index.php\/wp-json\/wp\/v2\/media?parent=4706"}],"curies":[{"name":"wp","href":"https:\/\/api.w.org\/{rel}","templated":true}]}}