{"id":4702,"date":"2021-02-23T20:00:00","date_gmt":"2021-02-23T20:00:00","guid":{"rendered":"https:\/\/www.web-rr.de\/GHS-Buecherei\/?page_id=4702"},"modified":"2021-02-22T23:59:59","modified_gmt":"2021-02-22T23:59:59","slug":"p9783831030712","status":"publish","type":"page","link":"https:\/\/www.web-rr.de\/GHS-Buecherei\/index.php\/p9783831030712\/","title":{"rendered":"Lexika 13"},"content":{"rendered":"<table><tbody><tr><td class='rDTitel' colspan='2'>Bilderpedia: Ein Lexikon \u2013 10.000 Fotos<\/td><\/tr><tr><td><span class='rDLabel1'>Status: <\/span><span class='rDText1Gruen'>vorhanden<\/span><\/td><td><span class='rDLabel1'>Antolin: <\/span><span class='rDText1Rot'>Quiz nicht vorhanden.<\/span><\/td><\/tr><tr><td width=50%><img src='https:\/\/www.web-rr.de\/GHS-Buecherei\/wp-content\/uploads\/9783831030712.jpg' alt=''><\/td><td><p class='rDLabel2'>von <span class='rDText2'><\/span><\/p><p class='rDLabel2'>Verlag: <span class='rDText2'>Dorling Kindersley,  2016,  24.95 \u20ac<\/span><\/p><p class='rDLabel2'>B\u00fccherei-Barcode: <span class='rDText2'>9783831030712<\/span><\/p><p class='rDLabel2'>In der B\u00fccherei erfasst am: <span class='rDText2'>29.10.2018<\/span><\/p><p class='rDLabel2'>Stichw\u00f6rter: <span class='rDText2'>Atlas, Naturf\u00fchrer, Techniklexikon, Kultur- und Geschichtsbuch<\/span><\/p><p class='rDLabel2'>Lesealter ca. <span class='rDText2'>-<\/span><span class='rDLabel2'> Jahre<\/span><\/p><p class='rDLabel2'>Das Buch wurde <span class='rDText2'>6<\/span><span class='rDLabel2'> mal gelesen.<\/span><\/p><\/td><\/tr><tr><td colspan='2'><p class='rDLabel1'>Inhalt:<\/p><span class='rDText2'>Die Vielfalt der Welt in Bildern!Dieses Lexikon ist Atlas, Naturf\u00fchrer, Techniklexikon, Kultur- und Geschichtsbuch in einem und zeigt Kindern anhand vieler Bilder alles, was wissenswert und wichtig ist. \u00dcber 10.000 Fotos und Grafiken zeigen auf einen Blick, was uns auf diesem Erdball bewegt. Aufgeteilt in sechs Kapitel zu Wissenschaft und Technik, Natur, Erde, Kultur, Sport und Hobby sowie Geschichte werden mehr als 150 Themen vorgestellt \u2013 mit bis zu 90 Bildern und Grafiken auf jeder Doppelseite, die den Leser sofort in ihren Bann ziehen. So pr\u00e4sentieren spektakul\u00e4re Bildergalerien die Vielfalt von Fahrzeugen oder Tieren, Gem\u00fcsesorten oder Musikinstrumenten, Ritterr\u00fcstungen oder technischen Gadgets. Faszinierende Grafiken zeigen geometrische Formen, das Innere einer Zelle, die Lebenszyklen verschiedener Tiere oder wer wo im Orchester sitzt. Und im Atlasteil finden sich nicht nur Landkarten von allen Kontinenten, sondern es werden zus\u00e4tzlich viele Informationen \u00fcber die L\u00e4nder und ihre Sehensw\u00fcrdigkeiten gegeben. Zus\u00e4tzlich geben Zeitleisten einen \u00dcberblick \u00fcber Geschehnisse und Entwicklungen, w\u00e4hrend Rekordlisten \u00fcber die giftigsten Spinnen oder wichtigsten Physiker unserer Welt informieren. Die einzigartig visuelle Aufbereitung von \u201eBilderpedia\u201c erleichtert Kindern den Zugang zu den verschiedenen Themen. \u00dcbersichtlich und informativ macht es die Themen durch die Bilderf\u00fclle anschaulich und hilft, das Gelesene zu Wissen zu festigen \u2013 ein ideales Nachschlagewerk f\u00fcr die ganze Familie!<\/span><\/td><\/tr><tr><td colspan='2'><a href='#' onclick='history.back(); return false'>Zur\u00fcck<\/a><\/td><\/tr><\/tbody><\/table>\n","protected":false},"excerpt":{"rendered":"","protected":false},"author":1,"featured_media":0,"parent":0,"menu_order":0,"comment_status":"closed","ping_status":"closed","template":"","meta":[],"_links":{"self":[{"href":"https:\/\/www.web-rr.de\/GHS-Buecherei\/index.php\/wp-json\/wp\/v2\/pages\/4702"}],"collection":[{"href":"https:\/\/www.web-rr.de\/GHS-Buecherei\/index.php\/wp-json\/wp\/v2\/pages"}],"about":[{"href":"https:\/\/www.web-rr.de\/GHS-Buecherei\/index.php\/wp-json\/wp\/v2\/types\/page"}],"author":[{"embeddable":true,"href":"https:\/\/www.web-rr.de\/GHS-Buecherei\/index.php\/wp-json\/wp\/v2\/users\/1"}],"replies":[{"embeddable":true,"href":"https:\/\/www.web-rr.de\/GHS-Buecherei\/index.php\/wp-json\/wp\/v2\/comments?post=4702"}],"version-history":[{"count":0,"href":"https:\/\/www.web-rr.de\/GHS-Buecherei\/index.php\/wp-json\/wp\/v2\/pages\/4702\/revisions"}],"wp:attachment":[{"href":"https:\/\/www.web-rr.de\/GHS-Buecherei\/index.php\/wp-json\/wp\/v2\/media?parent=4702"}],"curies":[{"name":"wp","href":"https:\/\/api.w.org\/{rel}","templated":true}]}}